{"id":2789,"date":"2019-01-23T14:31:26","date_gmt":"2019-01-23T13:31:26","guid":{"rendered":"http:\/\/life.npsumava.cz\/verejnost\/pro-skoly\/"},"modified":"2020-01-24T13:40:49","modified_gmt":"2020-01-24T12:40:49","slug":"for-schools","status":"publish","type":"page","link":"https:\/\/life.npsumava.cz\/en\/get-involved\/for-schools\/","title":{"rendered":"For schools"},"content":{"rendered":"<p><img loading=\"lazy\" decoding=\"async\" class=\"wp-image-3626  alignleft\" src=\"https:\/\/life.npsumava.cz\/wp-content\/uploads\/2019\/04\/tet\u0159\u00edvci-300x140.jpg\" alt=\"\" width=\"341\" height=\"159\" srcset=\"https:\/\/life.npsumava.cz\/wp-content\/uploads\/2019\/04\/tet\u0159\u00edvci-300x140.jpg 300w, https:\/\/life.npsumava.cz\/wp-content\/uploads\/2019\/04\/tet\u0159\u00edvci-768x358.jpg 768w, https:\/\/life.npsumava.cz\/wp-content\/uploads\/2019\/04\/tet\u0159\u00edvci-260x121.jpg 260w, https:\/\/life.npsumava.cz\/wp-content\/uploads\/2019\/04\/tet\u0159\u00edvci-50x23.jpg 50w, https:\/\/life.npsumava.cz\/wp-content\/uploads\/2019\/04\/tet\u0159\u00edvci-150x70.jpg 150w, https:\/\/life.npsumava.cz\/wp-content\/uploads\/2019\/04\/tet\u0159\u00edvci.jpg 803w\" sizes=\"auto, (max-width: 341px) 100vw, 341px\" \/><\/p>\n<p><strong>A wholly new teaching programme about water in the landscape and wetlands protection will be prepared within the LIFE for MIRES project.<\/strong><\/p>\n<p><strong>Do not forget to sign up your class!<\/strong><\/p>\n<hr \/>\n<p>The educational programme under the LIFE for MIRES project will be a result of cooperation with the \u0160umava National Park\u2019s Centres for Environmental Education, and will be part of the offer of recommended programmes for 2020, intended to liven up field trips of schools from all over the Czech Republic.<\/p>\n<p>Instructional materials will comprise textbooks, workbooks and other teaching materials about water in the landscape, all of which are now being intensively prepared by our teams.<\/p>\n<p>The project will also include several rounds of the \u201cVelk\u00e1 mok\u0159adn\u00ed sout\u011b\u017e\u201d (Great Wetlands Competition). The winners will receive a prize \u2013 participation in a Wetlands expedition in the \u0160umava National Park.<\/p>\n<p>Are you interested? Contact us right now by writing to the <em>e-mail address lukas.linhart@npsumava.cz <\/em>and we will provide more information about the activities we are preparing and the way you can participate.<\/p>\n<p>&nbsp;<\/p>\n<p><img loading=\"lazy\" decoding=\"async\" class=\"alignnone wp-image-3337\" src=\"https:\/\/life.npsumava.cz\/wp-content\/uploads\/2019\/04\/Obr\u00e1zek1-300x52.jpg\" alt=\"\" width=\"922\" height=\"160\" srcset=\"https:\/\/life.npsumava.cz\/wp-content\/uploads\/2019\/04\/Obr\u00e1zek1-300x52.jpg 300w, https:\/\/life.npsumava.cz\/wp-content\/uploads\/2019\/04\/Obr\u00e1zek1-768x133.jpg 768w, https:\/\/life.npsumava.cz\/wp-content\/uploads\/2019\/04\/Obr\u00e1zek1-260x45.jpg 260w, https:\/\/life.npsumava.cz\/wp-content\/uploads\/2019\/04\/Obr\u00e1zek1-50x9.jpg 50w, https:\/\/life.npsumava.cz\/wp-content\/uploads\/2019\/04\/Obr\u00e1zek1-150x26.jpg 150w, https:\/\/life.npsumava.cz\/wp-content\/uploads\/2019\/04\/Obr\u00e1zek1.jpg 990w\" sizes=\"auto, (max-width: 922px) 100vw, 922px\" \/><\/p>\n<hr \/>\n","protected":false},"excerpt":{"rendered":"<p>A wholly new teaching programme about water in the landscape and wetlands protection will be prepared within the LIFE for MIRES project. Do not forget to<span class=\"excerpt-hellip\"> [\u2026]<\/span><\/p>\n","protected":false},"author":2,"featured_media":0,"parent":2783,"menu_order":0,"comment_status":"closed","ping_status":"closed","template":"","meta":{"footnotes":""},"class_list":["post-2789","page","type-page","status-publish","hentry"],"_links":{"self":[{"href":"https:\/\/life.npsumava.cz\/en\/wp-json\/wp\/v2\/pages\/2789","targetHints":{"allow":["GET"]}}],"collection":[{"href":"https:\/\/life.npsumava.cz\/en\/wp-json\/wp\/v2\/pages"}],"about":[{"href":"https:\/\/life.npsumava.cz\/en\/wp-json\/wp\/v2\/types\/page"}],"author":[{"embeddable":true,"href":"https:\/\/life.npsumava.cz\/en\/wp-json\/wp\/v2\/users\/2"}],"replies":[{"embeddable":true,"href":"https:\/\/life.npsumava.cz\/en\/wp-json\/wp\/v2\/comments?post=2789"}],"version-history":[{"count":5,"href":"https:\/\/life.npsumava.cz\/en\/wp-json\/wp\/v2\/pages\/2789\/revisions"}],"predecessor-version":[{"id":5366,"href":"https:\/\/life.npsumava.cz\/en\/wp-json\/wp\/v2\/pages\/2789\/revisions\/5366"}],"up":[{"embeddable":true,"href":"https:\/\/life.npsumava.cz\/en\/wp-json\/wp\/v2\/pages\/2783"}],"wp:attachment":[{"href":"https:\/\/life.npsumava.cz\/en\/wp-json\/wp\/v2\/media?parent=2789"}],"curies":[{"name":"wp","href":"https:\/\/api.w.org\/{rel}","templated":true}]}}