{"id":2786,"date":"2019-01-23T14:32:01","date_gmt":"2019-01-23T13:32:01","guid":{"rendered":"http:\/\/life.npsumava.cz\/verejnost\/prednasky\/"},"modified":"2020-01-14T09:55:59","modified_gmt":"2020-01-14T08:55:59","slug":"public-lectures","status":"publish","type":"page","link":"https:\/\/life.npsumava.cz\/en\/get-involved\/public-lectures\/","title":{"rendered":"Public lectures"},"content":{"rendered":"<p><img loading=\"lazy\" decoding=\"async\" class=\"wp-image-3743 alignleft\" src=\"https:\/\/life.npsumava.cz\/wp-content\/uploads\/2019\/04\/P\u0159edstaven\u00ed-Spr\u00e1v\u011b-300x225.jpg\" alt=\"\" width=\"411\" height=\"308\" srcset=\"https:\/\/life.npsumava.cz\/wp-content\/uploads\/2019\/04\/P\u0159edstaven\u00ed-Spr\u00e1v\u011b-300x225.jpg 300w, https:\/\/life.npsumava.cz\/wp-content\/uploads\/2019\/04\/P\u0159edstaven\u00ed-Spr\u00e1v\u011b-768x576.jpg 768w, https:\/\/life.npsumava.cz\/wp-content\/uploads\/2019\/04\/P\u0159edstaven\u00ed-Spr\u00e1v\u011b-195x146.jpg 195w, https:\/\/life.npsumava.cz\/wp-content\/uploads\/2019\/04\/P\u0159edstaven\u00ed-Spr\u00e1v\u011b-50x38.jpg 50w, https:\/\/life.npsumava.cz\/wp-content\/uploads\/2019\/04\/P\u0159edstaven\u00ed-Spr\u00e1v\u011b-100x75.jpg 100w, https:\/\/life.npsumava.cz\/wp-content\/uploads\/2019\/04\/P\u0159edstaven\u00ed-Spr\u00e1v\u011b.jpg 780w\" sizes=\"auto, (max-width: 411px) 100vw, 411px\" \/><\/p>\n<p><strong>The LIFE for MIRES project is also rich in popular-scientific lectures.<\/strong><\/p>\n<p><strong>Should you be interested in a lecture in school, at any natural science event, or for groups focusing on the restoration of water regime in the landscape, do not hesitate to contact us.<\/strong><\/p>\n<hr \/>\n<p>Visitors to the \u0160umava National Park\u2019s information and visitor centres can regularly attend presentations about our project activities as well as about water in the landscape in general. But we also like to attend other events concerned with our themes and share our knowledge in the area of landscape hydrology, revitalisation of wetlands and streams, and protection of rare species of fauna and flora.<\/p>\n<p>Are you interested in our offer and would you like to include our lecture in your event\u2019s agenda?<\/p>\n<h5 style=\"text-align: left;\"><strong><span style=\"color: #004b21;\">Contact us right now by writing to the e-mail address of Lukas Linhart,<\/span><\/strong><\/h5>\n<h5 style=\"text-align: left;\"><strong><span style=\"color: #004b21;\">our PR coordinator:<a href=\"mailto:lukas.linhart@npsumava.cz\"> <em>lukas.linhart@npsumava.cz<\/em><\/a><\/span><\/strong><img loading=\"lazy\" decoding=\"async\" class=\"size-medium wp-image-3742 alignright\" src=\"https:\/\/life.npsumava.cz\/wp-content\/uploads\/2019\/04\/tetrev_tetrivek_tanec-300x212.jpg\" alt=\"\" width=\"300\" height=\"212\" srcset=\"https:\/\/life.npsumava.cz\/wp-content\/uploads\/2019\/04\/tetrev_tetrivek_tanec-300x212.jpg 300w, https:\/\/life.npsumava.cz\/wp-content\/uploads\/2019\/04\/tetrev_tetrivek_tanec-207x146.jpg 207w, https:\/\/life.npsumava.cz\/wp-content\/uploads\/2019\/04\/tetrev_tetrivek_tanec-50x35.jpg 50w, https:\/\/life.npsumava.cz\/wp-content\/uploads\/2019\/04\/tetrev_tetrivek_tanec-106x75.jpg 106w, https:\/\/life.npsumava.cz\/wp-content\/uploads\/2019\/04\/tetrev_tetrivek_tanec.jpg 486w\" sizes=\"auto, (max-width: 300px) 100vw, 300px\" \/><\/h5>\n","protected":false},"excerpt":{"rendered":"<p>The LIFE for MIRES project is also rich in popular-scientific lectures. Should you be interested in a lecture in school, at any natural science event, or<span class=\"excerpt-hellip\"> [\u2026]<\/span><\/p>\n","protected":false},"author":2,"featured_media":0,"parent":2783,"menu_order":0,"comment_status":"closed","ping_status":"closed","template":"","meta":{"footnotes":""},"class_list":["post-2786","page","type-page","status-publish","hentry"],"_links":{"self":[{"href":"https:\/\/life.npsumava.cz\/en\/wp-json\/wp\/v2\/pages\/2786","targetHints":{"allow":["GET"]}}],"collection":[{"href":"https:\/\/life.npsumava.cz\/en\/wp-json\/wp\/v2\/pages"}],"about":[{"href":"https:\/\/life.npsumava.cz\/en\/wp-json\/wp\/v2\/types\/page"}],"author":[{"embeddable":true,"href":"https:\/\/life.npsumava.cz\/en\/wp-json\/wp\/v2\/users\/2"}],"replies":[{"embeddable":true,"href":"https:\/\/life.npsumava.cz\/en\/wp-json\/wp\/v2\/comments?post=2786"}],"version-history":[{"count":6,"href":"https:\/\/life.npsumava.cz\/en\/wp-json\/wp\/v2\/pages\/2786\/revisions"}],"predecessor-version":[{"id":5122,"href":"https:\/\/life.npsumava.cz\/en\/wp-json\/wp\/v2\/pages\/2786\/revisions\/5122"}],"up":[{"embeddable":true,"href":"https:\/\/life.npsumava.cz\/en\/wp-json\/wp\/v2\/pages\/2783"}],"wp:attachment":[{"href":"https:\/\/life.npsumava.cz\/en\/wp-json\/wp\/v2\/media?parent=2786"}],"curies":[{"name":"wp","href":"https:\/\/api.w.org\/{rel}","templated":true}]}}