{"id":2784,"date":"2019-01-23T14:31:44","date_gmt":"2019-01-23T13:31:44","guid":{"rendered":"http:\/\/life.npsumava.cz\/verejnost\/exkurze\/"},"modified":"2020-01-24T13:49:54","modified_gmt":"2020-01-24T12:49:54","slug":"guided-excursions","status":"publish","type":"page","link":"https:\/\/life.npsumava.cz\/en\/get-involved\/guided-excursions\/","title":{"rendered":"Guided excursions"},"content":{"rendered":"<p><img loading=\"lazy\" decoding=\"async\" class=\"wp-image-3723 alignleft\" src=\"https:\/\/life.npsumava.cz\/wp-content\/uploads\/2019\/04\/IMG_3174-300x200.jpg\" alt=\"\" width=\"419\" height=\"279\" srcset=\"https:\/\/life.npsumava.cz\/wp-content\/uploads\/2019\/04\/IMG_3174-300x200.jpg 300w, https:\/\/life.npsumava.cz\/wp-content\/uploads\/2019\/04\/IMG_3174-768x512.jpg 768w, https:\/\/life.npsumava.cz\/wp-content\/uploads\/2019\/04\/IMG_3174-219x146.jpg 219w, https:\/\/life.npsumava.cz\/wp-content\/uploads\/2019\/04\/IMG_3174-50x33.jpg 50w, https:\/\/life.npsumava.cz\/wp-content\/uploads\/2019\/04\/IMG_3174-113x75.jpg 113w, https:\/\/life.npsumava.cz\/wp-content\/uploads\/2019\/04\/IMG_3174.jpg 780w\" sizes=\"auto, (max-width: 419px) 100vw, 419px\" \/><\/p>\n<p><strong>Do you plan to spend your holiday in \u0160umava and would you like to experience a guided excursion to the \u0160umava wetlands, true gems of nature protection? Or do you live in \u0160umava and would like to know more about the mire restoration works carried out by the Administration of the \u0160umava National Park?<\/strong><\/p>\n<p><strong>Sign up for our wetlands excursions!<\/strong><\/p>\n<hr \/>\n<p>One-day trips to secluded places in \u0160umava, where water rules the landscape, are offered twice a year during the LIFE for MIRES project. You can set out with us and visit locations where the water regime in the landscape has not been changed by man and works in the way nature intended it to. That is, correctly.<\/p>\n<p>But there are places which have been intensively exploited by man in the past, thus changing the landscape. Water has been frequently drained and\/or channelled, and now it turns out that water is hard to retain in the landscape without wetlands. This means considerable complications for man as well as for numerous rare species of flora and fauna. And that is the very reason behind the \u0160umava National Park\u2019s \u201cMire Restoration Programme\u201d, in place since 1999.<\/p>\n<p>The second part of the field trip will show visitors the already restored wetlands, ones that we re-watered and have returned under nature\u2019s command.<\/p>\n<h5><span style=\"color: #004b21;\"><strong>To plan an excursion for english-speaking groups, please contact <\/strong><\/span><span style=\"color: #004b21;\"><strong>our PR coordinator at <a href=\"mailto:lukas.linhart@npsumava.cz\"><em>lukas.linhart@npsumava.cz<\/em><\/a>!<br \/>\n<\/strong><\/span><\/h5>\n<p><img loading=\"lazy\" decoding=\"async\" class=\"wp-image-3738 alignright\" src=\"https:\/\/life.npsumava.cz\/wp-content\/uploads\/2019\/04\/klikva-1-296x300.jpg\" alt=\"\" width=\"247\" height=\"250\" srcset=\"https:\/\/life.npsumava.cz\/wp-content\/uploads\/2019\/04\/klikva-1-296x300.jpg 296w, https:\/\/life.npsumava.cz\/wp-content\/uploads\/2019\/04\/klikva-1-144x146.jpg 144w, https:\/\/life.npsumava.cz\/wp-content\/uploads\/2019\/04\/klikva-1-50x50.jpg 50w, https:\/\/life.npsumava.cz\/wp-content\/uploads\/2019\/04\/klikva-1-74x75.jpg 74w, https:\/\/life.npsumava.cz\/wp-content\/uploads\/2019\/04\/klikva-1-85x85.jpg 85w, https:\/\/life.npsumava.cz\/wp-content\/uploads\/2019\/04\/klikva-1-80x80.jpg 80w, https:\/\/life.npsumava.cz\/wp-content\/uploads\/2019\/04\/klikva-1.jpg 569w\" sizes=\"auto, (max-width: 247px) 100vw, 247px\" \/><\/p>\n","protected":false},"excerpt":{"rendered":"<p>Do you plan to spend your holiday in \u0160umava and would you like to experience a guided excursion to the \u0160umava wetlands, true gems of nature<span class=\"excerpt-hellip\"> [\u2026]<\/span><\/p>\n","protected":false},"author":2,"featured_media":0,"parent":2783,"menu_order":0,"comment_status":"closed","ping_status":"closed","template":"","meta":{"footnotes":""},"class_list":["post-2784","page","type-page","status-publish","hentry"],"_links":{"self":[{"href":"https:\/\/life.npsumava.cz\/en\/wp-json\/wp\/v2\/pages\/2784","targetHints":{"allow":["GET"]}}],"collection":[{"href":"https:\/\/life.npsumava.cz\/en\/wp-json\/wp\/v2\/pages"}],"about":[{"href":"https:\/\/life.npsumava.cz\/en\/wp-json\/wp\/v2\/types\/page"}],"author":[{"embeddable":true,"href":"https:\/\/life.npsumava.cz\/en\/wp-json\/wp\/v2\/users\/2"}],"replies":[{"embeddable":true,"href":"https:\/\/life.npsumava.cz\/en\/wp-json\/wp\/v2\/comments?post=2784"}],"version-history":[{"count":9,"href":"https:\/\/life.npsumava.cz\/en\/wp-json\/wp\/v2\/pages\/2784\/revisions"}],"predecessor-version":[{"id":5368,"href":"https:\/\/life.npsumava.cz\/en\/wp-json\/wp\/v2\/pages\/2784\/revisions\/5368"}],"up":[{"embeddable":true,"href":"https:\/\/life.npsumava.cz\/en\/wp-json\/wp\/v2\/pages\/2783"}],"wp:attachment":[{"href":"https:\/\/life.npsumava.cz\/en\/wp-json\/wp\/v2\/media?parent=2784"}],"curies":[{"name":"wp","href":"https:\/\/api.w.org\/{rel}","templated":true}]}}