{"id":2775,"date":"2019-01-23T16:46:45","date_gmt":"2019-01-23T15:46:45","guid":{"rendered":"http:\/\/life.npsumava.cz\/o-vode-a-mokradech\/co-je-ramsarska-umluva\/"},"modified":"2020-01-24T14:04:32","modified_gmt":"2020-01-24T13:04:32","slug":"what-is-the-ramsar-convention","status":"publish","type":"page","link":"https:\/\/life.npsumava.cz\/en\/water-and-wetlands\/what-is-the-ramsar-convention\/","title":{"rendered":"What is the Ramsar Convention"},"content":{"rendered":"<p><img loading=\"lazy\" decoding=\"async\" class=\"wp-image-3836 alignleft\" src=\"https:\/\/life.npsumava.cz\/wp-content\/uploads\/2019\/04\/ramsarnew0-275x300.jpg\" alt=\"\" width=\"152\" height=\"165\" srcset=\"https:\/\/life.npsumava.cz\/wp-content\/uploads\/2019\/04\/ramsarnew0-275x300.jpg 275w, https:\/\/life.npsumava.cz\/wp-content\/uploads\/2019\/04\/ramsarnew0-134x146.jpg 134w, https:\/\/life.npsumava.cz\/wp-content\/uploads\/2019\/04\/ramsarnew0-46x50.jpg 46w, https:\/\/life.npsumava.cz\/wp-content\/uploads\/2019\/04\/ramsarnew0-69x75.jpg 69w, https:\/\/life.npsumava.cz\/wp-content\/uploads\/2019\/04\/ramsarnew0.jpg 311w\" sizes=\"auto, (max-width: 152px) 100vw, 152px\" \/><\/p>\n<p><strong>The Convention on Wetlands of International Importance was first signed on 2 February 1971 in Ramsar, Iran. Known as the <span style=\"color: #004b21;\"><a style=\"color: #004b21;\" href=\"https:\/\/www.ramsar.org\/\">\u201cRamsar Convention\u201d<\/a><\/span>, it forms a framework for global conservation and sustainable use of all possible types of wetlands.<\/strong><\/p>\n<hr \/>\n<p>The Ramsar Convention defines wetlands as \u201careas of marsh, fen, peatland or water, whether natural or artificial, permanent or temporary, with water that is static or flowing, fresh, brackish or salt, including areas of marine water the depth of which at low tide does not exceed six metres\u201d.<\/p>\n<p>The Czech Republic has 14 wetland areas listed in the common \u201cList of Wetlands of International Importance\u201d, and it is no wonder that the list includes RS (Ramsar Site) 1 \u0160umava Peat Bogs, listed in 1990. Together with the Kru\u0161n\u00e9 hory Peat Bogs and the Low Podyj\u00ed Wetlands, it ranks among the three largest in the republic (more than 10,000 hectares).<\/p>\n<p>The \u0160umava Peat Bogs RS is a discontinuous complex of montaine and valley wetlands on peaty soils, having the character of tundra islands with very specific fauna and flora. They are home to numerous very rare species, many of which can be called glacial relicts. Worth mentioning are various rare sedges (<em>Carex paupercula<\/em>, <em>C. pauciflora<\/em>, <em>C. limosa<\/em>, <em>C. chordorrhiza<\/em>, <em>C. diandra<\/em>, etc.), carnivorous sundews (<em>Drosera anglica<\/em>, <em>D. rotundifolia<\/em>), and lesser twayblade (<em>Neottia cordata<\/em>), growing in bog spruce forests. A large quantity of invertebrates are represented by dragonflies (e.g. <em>Aeschna subarctica<\/em>, <em>Somatochlora alpestris<\/em>, etc.), butterflies (e.g. <em>Pediasia truncatella<\/em>, <em>Colia palaeno<\/em>, etc.), spiders, and the Natura 2000-important M\u00e9n\u00e9tries ground beetle (<em>Carabus menetriesi pacholei<\/em>). Larger animals we cannot overlook include the capercaillie (<em>Tetrao urogallus<\/em>) and black grouse (<em>Tetrao tetrix<\/em>), but lately also the common crane (<em>Grus grus<\/em>). One of the most threatened animals in the Tepl\u00e1 Vltava is the freshwater pearl mussel (<em>Margaritifera margaritifera<\/em>).<\/p>\n<p>&nbsp;<\/p>\n<p>&nbsp;<\/p>\n<p><img loading=\"lazy\" decoding=\"async\" class=\"alignnone wp-image-3853\" src=\"https:\/\/life.npsumava.cz\/wp-content\/uploads\/2019\/04\/F16-2-300x142.jpg\" alt=\"\" width=\"910\" height=\"432\" srcset=\"https:\/\/life.npsumava.cz\/wp-content\/uploads\/2019\/04\/F16-2-300x142.jpg 300w, https:\/\/life.npsumava.cz\/wp-content\/uploads\/2019\/04\/F16-2-768x365.jpg 768w, https:\/\/life.npsumava.cz\/wp-content\/uploads\/2019\/04\/F16-2-1024x486.jpg 1024w, https:\/\/life.npsumava.cz\/wp-content\/uploads\/2019\/04\/F16-2-260x123.jpg 260w, https:\/\/life.npsumava.cz\/wp-content\/uploads\/2019\/04\/F16-2-50x24.jpg 50w, https:\/\/life.npsumava.cz\/wp-content\/uploads\/2019\/04\/F16-2-150x71.jpg 150w, https:\/\/life.npsumava.cz\/wp-content\/uploads\/2019\/04\/F16-2.jpg 1536w\" sizes=\"auto, (max-width: 910px) 100vw, 910px\" \/><\/p>\n<hr \/>\n","protected":false},"excerpt":{"rendered":"<p>The Convention on Wetlands of International Importance was first signed on 2 February 1971 in Ramsar, Iran. Known as the \u201cRamsar Convention\u201d, it forms a framework<span class=\"excerpt-hellip\"> [\u2026]<\/span><\/p>\n","protected":false},"author":2,"featured_media":0,"parent":2773,"menu_order":0,"comment_status":"closed","ping_status":"closed","template":"","meta":{"footnotes":""},"class_list":["post-2775","page","type-page","status-publish","hentry"],"_links":{"self":[{"href":"https:\/\/life.npsumava.cz\/en\/wp-json\/wp\/v2\/pages\/2775","targetHints":{"allow":["GET"]}}],"collection":[{"href":"https:\/\/life.npsumava.cz\/en\/wp-json\/wp\/v2\/pages"}],"about":[{"href":"https:\/\/life.npsumava.cz\/en\/wp-json\/wp\/v2\/types\/page"}],"author":[{"embeddable":true,"href":"https:\/\/life.npsumava.cz\/en\/wp-json\/wp\/v2\/users\/2"}],"replies":[{"embeddable":true,"href":"https:\/\/life.npsumava.cz\/en\/wp-json\/wp\/v2\/comments?post=2775"}],"version-history":[{"count":6,"href":"https:\/\/life.npsumava.cz\/en\/wp-json\/wp\/v2\/pages\/2775\/revisions"}],"predecessor-version":[{"id":5378,"href":"https:\/\/life.npsumava.cz\/en\/wp-json\/wp\/v2\/pages\/2775\/revisions\/5378"}],"up":[{"embeddable":true,"href":"https:\/\/life.npsumava.cz\/en\/wp-json\/wp\/v2\/pages\/2773"}],"wp:attachment":[{"href":"https:\/\/life.npsumava.cz\/en\/wp-json\/wp\/v2\/media?parent=2775"}],"curies":[{"name":"wp","href":"https:\/\/api.w.org\/{rel}","templated":true}]}}