{"id":2771,"date":"2019-01-23T09:56:25","date_gmt":"2019-01-23T08:56:25","guid":{"rendered":"http:\/\/life.npsumava.cz\/o-projektu\/zakladni-informace\/"},"modified":"2020-01-31T12:30:19","modified_gmt":"2020-01-31T11:30:19","slug":"general-information","status":"publish","type":"page","link":"https:\/\/life.npsumava.cz\/en\/about\/general-information\/","title":{"rendered":"General information"},"content":{"rendered":"<h5><img loading=\"lazy\" decoding=\"async\" class=\"wp-image-2373 alignright\" src=\"https:\/\/life.npsumava.cz\/wp-content\/uploads\/2019\/01\/logoLifeForMiresRetina.png\" alt=\"\" width=\"363\" height=\"164\" srcset=\"https:\/\/life.npsumava.cz\/wp-content\/uploads\/2019\/01\/logoLifeForMiresRetina.png 296w, https:\/\/life.npsumava.cz\/wp-content\/uploads\/2019\/01\/logoLifeForMiresRetina-260x118.png 260w, https:\/\/life.npsumava.cz\/wp-content\/uploads\/2019\/01\/logoLifeForMiresRetina-50x23.png 50w, https:\/\/life.npsumava.cz\/wp-content\/uploads\/2019\/01\/logoLifeForMiresRetina-150x68.png 150w\" sizes=\"auto, (max-width: 363px) 100vw, 363px\" \/><\/h5>\n<p>Restoration of wetland habitats is one of the potential ways to mitigate the consequences of climatic change. Many wetlands, primarily the peat bogs in \u0160umava (Bohemian Forest), are islands of biological diversity, where countless numbers of rare plant and animal species live in their natural environment. Wetlands play an irreplaceable role in landscape hydrology and the water cycle, having favourable effects on the local climate.<\/p>\n<p>Water, however, has petered out to a great extent from the landscape after centuries of intensive human activities; mires were drained and converted to cultivated land. Nowadays, drought has become a serious problem, and therefore it is necessary to address the rectification and restoration of the landscape\u2019s natural hydrological regime. This was behind the conception of the project \u201cLIFE for MIRES\u201d, which returns water to places where it had been from time immemorial, forming the surrounding environment.<\/p>\n<hr \/>\n<h5><span style=\"color: #004b21;\"><strong>Project title:<\/strong><\/span><\/h5>\n<p>Transboundary restoration of mires for biodiversity and landscape hydrology in \u0160umava and Bavarian Forest<\/p>\n<h5><span style=\"color: #004b21;\"><strong>Acronym:<\/strong><\/span><\/h5>\n<p>LIFE for MIRES<\/p>\n<h5><span style=\"color: #004b21;\"><strong>Project number:<\/strong><\/span><\/h5>\n<p>LIFE17 NAT\/CZ\/000452 LIFE for MIRES<\/p>\n<hr \/>\n<h5><span style=\"color: #004b21;\"><strong>Coordinating beneficiary:<\/strong><\/span><\/h5>\n<p><a href=\"https:\/\/www.npsumava.cz\/\"><span style=\"color: #004b21;\">Administration of \u0160umava National Park<\/span><\/a><\/p>\n<h5><span style=\"color: #004b21;\"><strong>Associated beneficiaries:<\/strong><\/span><\/h5>\n<p><a href=\"https:\/\/www.nationalpark-bayerischer-wald.bayern.de\/\"><span style=\"color: #004b21;\">Bayerischer Wald National Park<\/span><\/a><\/p>\n<p><a href=\"https:\/\/www.bund-naturschutz.de\/\"><span style=\"color: #004b21;\">BUND Naturschutz in Bayern, e.V.<\/span><\/a><\/p>\n<p><a href=\"https:\/\/www.jcu.cz\/?set_language=en\"><span style=\"color: #004b21;\">Southbohemian University in \u010cesk\u00e9 Bud\u011bjovice<\/span><\/a><\/p>\n<h5><span style=\"color: #004b21;\"><strong>Financial support:<\/strong><\/span><\/h5>\n<p>LIFE for MIRES project has recieved funding from the LIFE Programme of the European Union.<\/p>\n<p><a href=\"https:\/\/ec.europa.eu\/easme\/en\/life\"><img loading=\"lazy\" decoding=\"async\" class=\"alignnone wp-image-2350\" src=\"https:\/\/life.npsumava.cz\/wp-content\/uploads\/2018\/12\/RV_log02.png\" alt=\"\" width=\"145\" height=\"97\" srcset=\"https:\/\/life.npsumava.cz\/wp-content\/uploads\/2018\/12\/RV_log02.png 240w, https:\/\/life.npsumava.cz\/wp-content\/uploads\/2018\/12\/RV_log02-218x146.png 218w, https:\/\/life.npsumava.cz\/wp-content\/uploads\/2018\/12\/RV_log02-50x34.png 50w, https:\/\/life.npsumava.cz\/wp-content\/uploads\/2018\/12\/RV_log02-112x75.png 112w\" sizes=\"auto, (max-width: 145px) 100vw, 145px\" \/><\/a><a href=\"http:\/\/www.nature.cz\/natura2000-design3\/hp.php\"><img loading=\"lazy\" decoding=\"async\" class=\"alignnone wp-image-2351\" src=\"https:\/\/life.npsumava.cz\/wp-content\/uploads\/2018\/12\/RV_log01.png\" alt=\"\" width=\"143\" height=\"96\" srcset=\"https:\/\/life.npsumava.cz\/wp-content\/uploads\/2018\/12\/RV_log01.png 240w, https:\/\/life.npsumava.cz\/wp-content\/uploads\/2018\/12\/RV_log01-218x146.png 218w, https:\/\/life.npsumava.cz\/wp-content\/uploads\/2018\/12\/RV_log01-50x34.png 50w, https:\/\/life.npsumava.cz\/wp-content\/uploads\/2018\/12\/RV_log01-112x75.png 112w\" sizes=\"auto, (max-width: 143px) 100vw, 143px\" \/><\/a><\/p>\n<p>Ministry of the Environment of the Czech Republic<\/p>\n<p><img loading=\"lazy\" decoding=\"async\" class=\"alignnone wp-image-4870 \" src=\"https:\/\/life.npsumava.cz\/wp-content\/uploads\/2019\/12\/MZP_logo_RGB_v2-300x93.jpg\" alt=\"\" width=\"213\" height=\"66\" srcset=\"https:\/\/life.npsumava.cz\/wp-content\/uploads\/2019\/12\/MZP_logo_RGB_v2-300x93.jpg 300w, https:\/\/life.npsumava.cz\/wp-content\/uploads\/2019\/12\/MZP_logo_RGB_v2-768x239.jpg 768w, https:\/\/life.npsumava.cz\/wp-content\/uploads\/2019\/12\/MZP_logo_RGB_v2-260x81.jpg 260w, https:\/\/life.npsumava.cz\/wp-content\/uploads\/2019\/12\/MZP_logo_RGB_v2-50x16.jpg 50w, https:\/\/life.npsumava.cz\/wp-content\/uploads\/2019\/12\/MZP_logo_RGB_v2-150x47.jpg 150w, https:\/\/life.npsumava.cz\/wp-content\/uploads\/2019\/12\/MZP_logo_RGB_v2.jpg 998w\" sizes=\"auto, (max-width: 213px) 100vw, 213px\" \/><\/p>\n<p>Bayerischer Naturschutzfonds<\/p>\n<p><img loading=\"lazy\" decoding=\"async\" class=\"alignnone wp-image-4871 \" src=\"https:\/\/life.npsumava.cz\/wp-content\/uploads\/2019\/12\/Logo-Blatt.jpg\" alt=\"\" width=\"94\" height=\"92\" srcset=\"https:\/\/life.npsumava.cz\/wp-content\/uploads\/2019\/12\/Logo-Blatt.jpg 230w, https:\/\/life.npsumava.cz\/wp-content\/uploads\/2019\/12\/Logo-Blatt-149x146.jpg 149w, https:\/\/life.npsumava.cz\/wp-content\/uploads\/2019\/12\/Logo-Blatt-50x50.jpg 50w, https:\/\/life.npsumava.cz\/wp-content\/uploads\/2019\/12\/Logo-Blatt-76x75.jpg 76w\" sizes=\"auto, (max-width: 94px) 100vw, 94px\" \/><\/p>\n<h5><span style=\"color: #004b21;\"><strong>Period of implementation:<\/strong><\/span><\/h5>\n<p>1. 8. 2018 &#8211; 31. 12. 2024<\/p>\n<h5><span style=\"color: #004b21;\"><strong>Overall budget:<\/strong><\/span><\/h5>\n<p>5 845 000 EUR<\/p>\n<h5><strong><span style=\"color: #004b21;\">EU financial contribution<\/span>:<\/strong><\/h5>\n<p>3 507 000 EUR (60%)<\/p>\n<p>&nbsp;<\/p>\n<hr \/>\n\n\t\t\t<style type='text\/css'>\n\t\t\t\t#sc_gallery-6051 {\n\t\t\t\t\tmargin: auto;\n\t\t\t\t}\n\t\t\t\t#sc_gallery-6051 .gallery-item {\n\t\t\t\t\tfloat: left;\n\t\t\t\t\tmargin-top: 10px;\n\t\t\t\t\ttext-align: center;\n\t\t\t\t\twidth: 24.99%;\n\t\t\t\t}\n\t\t\t\t#sc_gallery-6051 img {\n\t\t\t\t\tborder: 2px solid #cfcfcf;\n\t\t\t\t}\n\t\t\t\t#sc_gallery-6051 .gallery-caption {\n\t\t\t\t\tmargin-left: 0;\n\t\t\t\t}\n\t\t\t\t\/* see sc_gallery() in functions\/theme-shortcodes.php *\/\n\t\t\t<\/style>\n\t\t<div id='sc_gallery-6051' class='gallery element_classes galleryid-2771 gallery-columns-4 gallery-size-medium file'><dl class='gallery-item'>\n\t\t\t\t<dt class='gallery-icon landscape'>\n\t\t\t\t\t<a href='https:\/\/life.npsumava.cz\/wp-content\/uploads\/2019\/02\/IMG_0328.jpg'><img loading=\"lazy\" decoding=\"async\" width=\"300\" height=\"200\" src=\"https:\/\/life.npsumava.cz\/wp-content\/uploads\/2019\/02\/IMG_0328-300x200.jpg\" class=\"attachment-medium size-medium\" alt=\"\" srcset=\"https:\/\/life.npsumava.cz\/wp-content\/uploads\/2019\/02\/IMG_0328-300x200.jpg 300w, https:\/\/life.npsumava.cz\/wp-content\/uploads\/2019\/02\/IMG_0328-219x146.jpg 219w, https:\/\/life.npsumava.cz\/wp-content\/uploads\/2019\/02\/IMG_0328-50x33.jpg 50w, https:\/\/life.npsumava.cz\/wp-content\/uploads\/2019\/02\/IMG_0328-113x75.jpg 113w, https:\/\/life.npsumava.cz\/wp-content\/uploads\/2019\/02\/IMG_0328.jpg 615w\" sizes=\"auto, (max-width: 300px) 100vw, 300px\" \/><\/a>\n\t\t\t\t<\/dt><\/dl><dl class='gallery-item'>\n\t\t\t\t<dt class='gallery-icon landscape'>\n\t\t\t\t\t<a href='https:\/\/life.npsumava.cz\/wp-content\/uploads\/2019\/04\/IMG_5868.jpg'><img loading=\"lazy\" decoding=\"async\" width=\"300\" height=\"200\" src=\"https:\/\/life.npsumava.cz\/wp-content\/uploads\/2019\/04\/IMG_5868-300x200.jpg\" class=\"attachment-medium size-medium\" alt=\"\" srcset=\"https:\/\/life.npsumava.cz\/wp-content\/uploads\/2019\/04\/IMG_5868-300x200.jpg 300w, https:\/\/life.npsumava.cz\/wp-content\/uploads\/2019\/04\/IMG_5868-219x146.jpg 219w, https:\/\/life.npsumava.cz\/wp-content\/uploads\/2019\/04\/IMG_5868-50x33.jpg 50w, https:\/\/life.npsumava.cz\/wp-content\/uploads\/2019\/04\/IMG_5868-113x75.jpg 113w, https:\/\/life.npsumava.cz\/wp-content\/uploads\/2019\/04\/IMG_5868.jpg 615w\" sizes=\"auto, (max-width: 300px) 100vw, 300px\" \/><\/a>\n\t\t\t\t<\/dt><\/dl><dl class='gallery-item'>\n\t\t\t\t<dt class='gallery-icon landscape'>\n\t\t\t\t\t<a href='https:\/\/life.npsumava.cz\/wp-content\/uploads\/2019\/05\/IMG_9939.jpg'><img loading=\"lazy\" decoding=\"async\" width=\"300\" height=\"200\" src=\"https:\/\/life.npsumava.cz\/wp-content\/uploads\/2019\/05\/IMG_9939-300x200.jpg\" class=\"attachment-medium size-medium\" alt=\"\" srcset=\"https:\/\/life.npsumava.cz\/wp-content\/uploads\/2019\/05\/IMG_9939-300x200.jpg 300w, https:\/\/life.npsumava.cz\/wp-content\/uploads\/2019\/05\/IMG_9939-219x146.jpg 219w, https:\/\/life.npsumava.cz\/wp-content\/uploads\/2019\/05\/IMG_9939-50x33.jpg 50w, https:\/\/life.npsumava.cz\/wp-content\/uploads\/2019\/05\/IMG_9939-113x75.jpg 113w, https:\/\/life.npsumava.cz\/wp-content\/uploads\/2019\/05\/IMG_9939.jpg 615w\" sizes=\"auto, (max-width: 300px) 100vw, 300px\" \/><\/a>\n\t\t\t\t<\/dt><\/dl><dl class='gallery-item'>\n\t\t\t\t<dt class='gallery-icon landscape'>\n\t\t\t\t\t<a href='https:\/\/life.npsumava.cz\/wp-content\/uploads\/2019\/02\/IMG_3157-1.jpg'><img loading=\"lazy\" decoding=\"async\" width=\"300\" height=\"200\" src=\"https:\/\/life.npsumava.cz\/wp-content\/uploads\/2019\/02\/IMG_3157-1-300x200.jpg\" class=\"attachment-medium size-medium\" alt=\"\" srcset=\"https:\/\/life.npsumava.cz\/wp-content\/uploads\/2019\/02\/IMG_3157-1-300x200.jpg 300w, https:\/\/life.npsumava.cz\/wp-content\/uploads\/2019\/02\/IMG_3157-1-219x146.jpg 219w, https:\/\/life.npsumava.cz\/wp-content\/uploads\/2019\/02\/IMG_3157-1-50x33.jpg 50w, https:\/\/life.npsumava.cz\/wp-content\/uploads\/2019\/02\/IMG_3157-1-113x75.jpg 113w, https:\/\/life.npsumava.cz\/wp-content\/uploads\/2019\/02\/IMG_3157-1.jpg 615w\" sizes=\"auto, (max-width: 300px) 100vw, 300px\" \/><\/a>\n\t\t\t\t<\/dt><\/dl><br style=\"clear: both\" \/>\n\t\t\t<\/div>\n\n","protected":false},"excerpt":{"rendered":"<p>Restoration of wetland habitats is one of the potential ways to mitigate the consequences of climatic change. Many wetlands, primarily the peat bogs in \u0160umava (Bohemian<span class=\"excerpt-hellip\"> [\u2026]<\/span><\/p>\n","protected":false},"author":2,"featured_media":0,"parent":2764,"menu_order":0,"comment_status":"closed","ping_status":"closed","template":"","meta":{"footnotes":""},"class_list":["post-2771","page","type-page","status-publish","hentry"],"_links":{"self":[{"href":"https:\/\/life.npsumava.cz\/en\/wp-json\/wp\/v2\/pages\/2771","targetHints":{"allow":["GET"]}}],"collection":[{"href":"https:\/\/life.npsumava.cz\/en\/wp-json\/wp\/v2\/pages"}],"about":[{"href":"https:\/\/life.npsumava.cz\/en\/wp-json\/wp\/v2\/types\/page"}],"author":[{"embeddable":true,"href":"https:\/\/life.npsumava.cz\/en\/wp-json\/wp\/v2\/users\/2"}],"replies":[{"embeddable":true,"href":"https:\/\/life.npsumava.cz\/en\/wp-json\/wp\/v2\/comments?post=2771"}],"version-history":[{"count":8,"href":"https:\/\/life.npsumava.cz\/en\/wp-json\/wp\/v2\/pages\/2771\/revisions"}],"predecessor-version":[{"id":5478,"href":"https:\/\/life.npsumava.cz\/en\/wp-json\/wp\/v2\/pages\/2771\/revisions\/5478"}],"up":[{"embeddable":true,"href":"https:\/\/life.npsumava.cz\/en\/wp-json\/wp\/v2\/pages\/2764"}],"wp:attachment":[{"href":"https:\/\/life.npsumava.cz\/en\/wp-json\/wp\/v2\/media?parent=2771"}],"curies":[{"name":"wp","href":"https:\/\/api.w.org\/{rel}","templated":true}]}}