{"id":2766,"date":"2019-01-23T13:55:19","date_gmt":"2019-01-23T12:55:19","guid":{"rendered":"http:\/\/life.npsumava.cz\/o-projektu\/ocekavane-prinosy\/"},"modified":"2020-01-08T15:08:28","modified_gmt":"2020-01-08T14:08:28","slug":"expected-benefits","status":"publish","type":"page","link":"https:\/\/life.npsumava.cz\/en\/about\/expected-benefits\/","title":{"rendered":"Expected benefits"},"content":{"rendered":"<p>The project primarily focuses on <strong>improving the natural condition of wetlands and peat bogs<\/strong> and on the overall restoration of the water regime in the landscape. A substantial part is also devoted to <strong>enlightenment and increasing public awareness<\/strong> of the significance of wetlands for the landscape and mitigation of the consequences of climatic change and extreme weather fluctuation (especially extreme droughts). The project will also significantly contribute to increasing public awareness of the Natura 2000 network of nature protection areas and the importance of the European Union\u2019s LIFE Programme, a funding instrument for the environment and climate action.<\/p>\n<hr \/>\n<p>The main expected project outputs in the area of direct protection and restoration of mires in the landscape include, in particular:<\/p>\n<ul>\n<li>Restoration of <strong>1672 hectares of drained peat bogs and wetlands<\/strong>, 894 hectares of which are <strong>priority habitats<\/strong> within the Natura 2000 network like active raised bogs and bog woodlands;<\/li>\n<li>Regeneration of the Vl\u010d\u00ed j\u00e1my <strong>commercially cut peat bog<\/strong> on an area of 17 hectares;<\/li>\n<li>Improvement of <strong>black grouse biotopes on an area of 152 hectares<\/strong> and regeneration of <strong>functioning water regime<\/strong> on an area of 427 hectares;<\/li>\n<li>Protection and revitalisation of minor <strong>mires and peat bogs near human settlements<\/strong> on the Bavarian side, on an area of 21 hectares;<\/li>\n<li><strong>Blocking more than 80 kilometres of drainage channels<\/strong> and <strong>restoration of approx. 13 kilometres of mountain streams <\/strong>during the project implementation.<\/li>\n<\/ul>\n<hr \/>\n<p><img loading=\"lazy\" decoding=\"async\" class=\"alignnone wp-image-3328\" src=\"https:\/\/life.npsumava.cz\/wp-content\/uploads\/2019\/04\/55_Sphagnum-flexuosum-Novoh\u016freck\u00e1-IMG_7837o-300x83.jpg\" alt=\"\" width=\"922\" height=\"255\" srcset=\"https:\/\/life.npsumava.cz\/wp-content\/uploads\/2019\/04\/55_Sphagnum-flexuosum-Novoh\u016freck\u00e1-IMG_7837o-300x83.jpg 300w, https:\/\/life.npsumava.cz\/wp-content\/uploads\/2019\/04\/55_Sphagnum-flexuosum-Novoh\u016freck\u00e1-IMG_7837o-768x212.jpg 768w, https:\/\/life.npsumava.cz\/wp-content\/uploads\/2019\/04\/55_Sphagnum-flexuosum-Novoh\u016freck\u00e1-IMG_7837o-1024x283.jpg 1024w, https:\/\/life.npsumava.cz\/wp-content\/uploads\/2019\/04\/55_Sphagnum-flexuosum-Novoh\u016freck\u00e1-IMG_7837o-260x72.jpg 260w, https:\/\/life.npsumava.cz\/wp-content\/uploads\/2019\/04\/55_Sphagnum-flexuosum-Novoh\u016freck\u00e1-IMG_7837o-50x14.jpg 50w, https:\/\/life.npsumava.cz\/wp-content\/uploads\/2019\/04\/55_Sphagnum-flexuosum-Novoh\u016freck\u00e1-IMG_7837o-150x41.jpg 150w, https:\/\/life.npsumava.cz\/wp-content\/uploads\/2019\/04\/55_Sphagnum-flexuosum-Novoh\u016freck\u00e1-IMG_7837o.jpg 1536w\" sizes=\"auto, (max-width: 922px) 100vw, 922px\" \/><\/p>\n<hr \/>\n<p>It is expected that the above measures will also help reduce CO<sub>2<\/sub> emissions from the drained peat bogs by ca. 125 tonnes\/year, and will increase the total water volume accumulated in the mires by ca. 170 000 m<sup>3<\/sup>.<\/p>\n<hr \/>\n<p>The restored sites will be closely monitored with the aim of assessing the <strong>success rate of the revitalisation measures<\/strong>. An important project contribution will also be the <strong>monitoring results<\/strong>, showing how the wetlands react to the measures implemented and how efficient these measures are.<\/p>\n<div id=\"attachment_3603\" style=\"width: 179px\" class=\"wp-caption alignright\"><a style=\"color: #000000;\" href=\"https:\/\/life.npsumava.cz\/wp-content\/uploads\/2019\/04\/IMG_3830.jpg\"><img loading=\"lazy\" decoding=\"async\" aria-describedby=\"caption-attachment-3603\" class=\"wp-image-3603\" src=\"https:\/\/life.npsumava.cz\/wp-content\/uploads\/2019\/04\/IMG_3830-200x300.jpg\" alt=\"\" width=\"169\" height=\"254\" srcset=\"https:\/\/life.npsumava.cz\/wp-content\/uploads\/2019\/04\/IMG_3830-200x300.jpg 200w, https:\/\/life.npsumava.cz\/wp-content\/uploads\/2019\/04\/IMG_3830-97x146.jpg 97w, https:\/\/life.npsumava.cz\/wp-content\/uploads\/2019\/04\/IMG_3830-33x50.jpg 33w, https:\/\/life.npsumava.cz\/wp-content\/uploads\/2019\/04\/IMG_3830-50x75.jpg 50w, https:\/\/life.npsumava.cz\/wp-content\/uploads\/2019\/04\/IMG_3830.jpg 520w\" sizes=\"auto, (max-width: 169px) 100vw, 169px\" \/><\/a><p id=\"caption-attachment-3603\" class=\"wp-caption-text\">Dactylorhiza majalis<\/p><\/div>\n<ul>\n<li>A <strong>specialised publication <\/strong>(technical manual) will be published as part of the project, summarising the detailed methodology and technology of the measures as well as specific quantification of the restoration effects on the mire and peat biotopes. Assessment will focus on the effects of the measures on increasing the groundwater levels, on the total water retention in the landscape, water quality, reduction in temperature extremes and landscape overheating, and on biodiversity.<\/li>\n<li>The publication and other experience gained through this project may be utilised by<strong> other research teams <\/strong>for revitalisations elsewhere in the Czech Republic and abroad, but also by other organisations and entities to determine optimum management and protection of the wetlands and peat bogs.<\/li>\n<li>The monitoring results will serve as a basis to compile a list of indicators or symptoms indicative of serious degradation changes in the priority habitats, which can be used to select and determine the restoration methods.<\/li>\n<li>Two conferences will be organised as part of the project, aimed at sharing experience in the area of restoration technology, monitoring of wetlands and peat bogs, and interpretation of restoration effects.<\/li>\n<\/ul>\n<hr \/>\n<p>A major contribution of the project is expected in the area of enlightenment and cooperation with the public. The project comprises various activities; several of them even count on direct public involvement in wetlands protection.<\/p>\n<p>The main expected results of this part of the project include:<\/p>\n<ul>\n<li>Direct <strong>public involvement<\/strong> in peat bog preservation through volunteer <strong>Days for Mires<\/strong> \u2013 ca. 50 volunteer events are planned;\n<p><div id=\"attachment_4958\" style=\"width: 370px\" class=\"wp-caption alignright\"><img loading=\"lazy\" decoding=\"async\" aria-describedby=\"caption-attachment-4958\" class=\"wp-image-4958\" src=\"https:\/\/life.npsumava.cz\/wp-content\/uploads\/2020\/01\/IMG_1121-kopie-300x200.jpg\" alt=\"\" width=\"360\" height=\"240\" srcset=\"https:\/\/life.npsumava.cz\/wp-content\/uploads\/2020\/01\/IMG_1121-kopie-300x200.jpg 300w, https:\/\/life.npsumava.cz\/wp-content\/uploads\/2020\/01\/IMG_1121-kopie-219x146.jpg 219w, https:\/\/life.npsumava.cz\/wp-content\/uploads\/2020\/01\/IMG_1121-kopie-50x33.jpg 50w, https:\/\/life.npsumava.cz\/wp-content\/uploads\/2020\/01\/IMG_1121-kopie-113x75.jpg 113w, https:\/\/life.npsumava.cz\/wp-content\/uploads\/2020\/01\/IMG_1121-kopie.jpg 768w\" sizes=\"auto, (max-width: 360px) 100vw, 360px\" \/><p id=\"caption-attachment-4958\" class=\"wp-caption-text\">Volunteers working on mire restoration<\/p><\/div><\/li>\n<li>A comprehensive <strong>educational programme for schools<\/strong> focusing on water and wetlands, including a pictorial textbook and other teaching materials and events for students and their teachers (The great mire competition, field training, field trips for students, teacher training for the instruction in wetlands, etc.);<\/li>\n<li>A <strong>popular science film<\/strong> about water, wetlands, and restoration;<\/li>\n<li><em>Water Lost and Returned <\/em>\u2013 a <strong>pictorial and photographic book<\/strong> for laypersons, dealing with water, the \u0160umava wetlands and peat bogs, and their revitalisation;<\/li>\n<li>A comprehensive <strong>programme for tourists<\/strong> as well as local inhabitants on both sides of the border focusing on water in the landscape and wetlands, including lectures, public discussions, field trips, information materials, etc.;<\/li>\n<li>A <strong>cross-border LIFE for MIRES \u2013 Green Belt<\/strong> Festival for the local inhabitants and community leaders regarding water and nature protection on both sides of the border.<\/li>\n<\/ul>\n<hr \/>\n<p>Other project benefits:<\/p>\n<ul>\n<li>Enhancing cross-border cooperation with Bavarian partners (Bavarian Forest National Park, BUND Naturschutz in Bayern);<\/li>\n<li>Making available knowledge and technologies for the restoration of the water regime for other entities outside the nature-protection sphere (municipalities, river basin authorities, non-profit organisations, etc.);<\/li>\n<li>Enhancing international cooperation with groups and institutions addressing the same issues;<\/li>\n<li>Direct fulfilment of points targeted within the national nature protection strategies: State Environmental Policy of the Czech Republic 2012\u20132020; <strong>National Programme to Abate the Climate Change Impacts in the Czech Republic;<\/strong><\/li>\n<li>Economic benefits for the region (local contracts \u2013 timber, material pre-processing, light forest technology, possibility to engage in public procurements on design documentation as well as the implementation level, long-term accommodation of work teams \u2013 utilisation of local accommodation capacity, new destinations and programmes for visitors, attractiveness of the territory for tourist purposes).<\/li>\n<\/ul>\n<h4><\/h4>\n<p>&nbsp;<\/p>\n<hr \/>\n","protected":false},"excerpt":{"rendered":"<p>The project primarily focuses on improving the natural condition of wetlands and peat bogs and on the overall restoration of the water regime in the landscape.<span class=\"excerpt-hellip\"> [\u2026]<\/span><\/p>\n","protected":false},"author":2,"featured_media":0,"parent":2764,"menu_order":0,"comment_status":"closed","ping_status":"closed","template":"","meta":{"footnotes":""},"class_list":["post-2766","page","type-page","status-publish","hentry"],"_links":{"self":[{"href":"https:\/\/life.npsumava.cz\/en\/wp-json\/wp\/v2\/pages\/2766","targetHints":{"allow":["GET"]}}],"collection":[{"href":"https:\/\/life.npsumava.cz\/en\/wp-json\/wp\/v2\/pages"}],"about":[{"href":"https:\/\/life.npsumava.cz\/en\/wp-json\/wp\/v2\/types\/page"}],"author":[{"embeddable":true,"href":"https:\/\/life.npsumava.cz\/en\/wp-json\/wp\/v2\/users\/2"}],"replies":[{"embeddable":true,"href":"https:\/\/life.npsumava.cz\/en\/wp-json\/wp\/v2\/comments?post=2766"}],"version-history":[{"count":5,"href":"https:\/\/life.npsumava.cz\/en\/wp-json\/wp\/v2\/pages\/2766\/revisions"}],"predecessor-version":[{"id":5066,"href":"https:\/\/life.npsumava.cz\/en\/wp-json\/wp\/v2\/pages\/2766\/revisions\/5066"}],"up":[{"embeddable":true,"href":"https:\/\/life.npsumava.cz\/en\/wp-json\/wp\/v2\/pages\/2764"}],"wp:attachment":[{"href":"https:\/\/life.npsumava.cz\/en\/wp-json\/wp\/v2\/media?parent=2766"}],"curies":[{"name":"wp","href":"https:\/\/api.w.org\/{rel}","templated":true}]}}