{"id":8912,"date":"2022-02-21T10:03:43","date_gmt":"2022-02-21T09:03:43","guid":{"rendered":"https:\/\/life.npsumava.cz\/prohlaseni-o-zasadach-ochrany-osobnich-udaju\/"},"modified":"2022-02-21T10:34:18","modified_gmt":"2022-02-21T09:34:18","slug":"erklaerung-zum-datenschutz","status":"publish","type":"page","link":"https:\/\/life.npsumava.cz\/de\/erklaerung-zum-datenschutz\/","title":{"rendered":"Erkl\u00e4rung zum Datenschutz"},"content":{"rendered":"<p>Der Schutz Ihrer personenbezogenen Daten ist uns sehr wichtig und wir halten uns daher vollst\u00e4ndig an die Allgemeine Datenschutzverordnung &#8211; Verordnung (EU) 2016\/679 des Europ\u00e4ischen Parlaments und des Rates vom 27. April 2016. Sie brauchen sich keine Sorgen zu machen. Ihre Daten sind bei uns sicher und werden niemals an Dritte weitergegeben.<\/p>\n<h2>Wer sammelt Ihre pers\u00f6nlichen Daten?<\/h2>\n<p>Das Unternehmen Nationalparkverwaltung \u0160umava, ID: 00583171 (nachstehend N\u0160 genannt).<\/p>\n<p><strong>Der Schutz personenbezogener Daten ist f\u00fcr uns wichtig. <\/strong>Bei N\u0160 halten wir uns an die folgenden Grunds\u00e4tze:<\/p>\n<ul>\n<li>Wir fragen nicht nach pers\u00f6nlichen Informationen, es sei denn, wir brauchen sie wirklich.<\/li>\n<li>Wir geben Ihre pers\u00f6nlichen Daten nicht an Dritte weiter, es sei denn, dies ist gesetzlich vorgeschrieben oder dient der Entwicklung unserer Produkte oder dem Schutz unserer Rechte.<\/li>\n<li>Wir speichern keine pers\u00f6nlichen Daten auf unseren Servern, es sei denn, es handelt sich um eine laufende Nutzung unserer Dienste.<\/li>\n<\/ul>\n<p>Die nachstehende Datenschutzerkl\u00e4rung enth\u00e4lt diese Grunds\u00e4tze. Diese Datenschutzerkl\u00e4rung gilt f\u00fcr alle unsere Dienstleistungen auf <a href=\"https:\/\/life.npsumava.cz\" target=\"_blank\" rel=\"noopener\">life.npsumava.cz<\/a>.<\/p>\n<p>Wenn Sie Fragen zum Zugriff auf Ihre personenbezogenen Daten oder zu deren Berichtigung haben, <a href=\"\/de\/kontakt\/\" target=\"_blank\" rel=\"noopener\">wenden Sie sich bitte an uns<\/a>.<\/p>\n<p>Wir bei N\u0160 respektieren Ihre Privatsph\u00e4re in Bezug auf alle Informationen, die wir beim Betrieb unserer Website speichern.<\/p>\n<h2>Umfang der Verarbeitung von personenbezogenen Daten<\/h2>\n<p>Wir erfassen Ihre personenbezogenen Daten, wenn:<\/p>\n<ul>\n<li>Sie kontaktieren uns \u00fcber die Website,<\/li>\n<li>Sie melden sich zur Ausbildung an,<\/li>\n<li>einen Kommentar zu einem Beitrag hinzuf\u00fcgen,<\/li>\n<li>eine Dienstleistung auf unserer Website bestellen,<\/li>\n<li>Senden Sie uns eine Anfrage \u00fcber unsere Dienstleistungen,<\/li>\n<li>einen Vertrag mit uns abschlie\u00dfen,<\/li>\n<li>uns selbst Informationen per E-Mail, Telefon oder auf anderem Wege zukommen lassen.<\/li>\n<\/ul>\n<p>Wir verarbeiten die folgenden Daten:<\/p>\n<ul>\n<li>Vor- und Nachname oder Firmenname,<\/li>\n<li>Telefonnummer,<\/li>\n<li>E-Mail Adresse,<\/li>\n<li>Postanschrift,<\/li>\n<li>IP-Adresse,<\/li>\n<li>Browser-Identifikation, Betriebssystem und andere Informationen zur Verkehrsanalyse,<br \/>\nKekse.<\/li>\n<\/ul>\n<h2>Zwecke der Verarbeitung und deren Rechtsgrundlage<\/h2>\n<h3>Ausf\u00fchrung des Vertrags<\/h3>\n<p>Die von Ihnen zur Verf\u00fcgung gestellten Daten verwenden wir, um Sie zum Zwecke der Vertragsabwicklung, der Bearbeitung Ihrer Auftr\u00e4ge, der Entwicklung der Website, der Programmierung und der Durchf\u00fchrung von Schulungen zu kontaktieren.<\/p>\n<p>Alle personenbezogenen Daten werden auf rechtm\u00e4\u00dfige und transparente Weise verarbeitet, und es werden nur verh\u00e4ltnism\u00e4\u00dfige, relevante und notwendige Daten in Bezug auf den Zweck der Verarbeitung angefordert.<\/p>\n<h3>Newsletter (berechtigtes Interesse)<\/h3>\n<p>Personenbezogene Daten, die zum Zweck der Versendung von Newslettern verarbeitet werden, die auf neu ver\u00f6ffentlichte Artikel auf unserer Website hinweisen oder Hinweise, Tipps und Anleitungen enthalten, die f\u00fcr das Content-Management-System WordPress relevant sind. Wir versenden unsere Newsletter in der Regel 2-3 Mal pro Woche.<\/p>\n<h3>Kommentare (berechtigtes Interesse)<\/h3>\n<p>Wenn Besucher einen Kommentar auf dieser Website abgeben, werden die auf dem Kommentarformular angezeigten Informationen sowie die IP-Adresse des Besuchers und der User-Agent-String, der den Browser definiert, erfasst, was zur Erkennung von Spam beitr\u00e4gt.<\/p>\n<p>Dem Gravatar-Dienst kann eine anonyme Zeichenfolge aus Ihrer E-Mail-Adresse (auch Hash genannt) zur Verf\u00fcgung gestellt werden, mit der festgestellt werden kann, ob Sie den Dienst nutzen. Die Datenschutzbestimmungen von Gravatar finden Sie hier: https:\/\/automattic.com\/privacy\/. Sobald Ihr Kommentar genehmigt ist, ist Ihr Profilbild im Zusammenhang mit Ihrem Kommentar \u00f6ffentlich sichtbar.<\/p>\n<p>Die Kommentare der Besucher k\u00f6nnen durch einen automatischen Spam-Erkennungsdienst gepr\u00fcft werden, der sich im Ausland befinden kann. Die Datenschutzbestimmungen von Akismet zum Schutz vor Spam finden Sie hier: https:\/\/automattic.com\/privacy\/<\/p>\n<h3>Kontaktformulare (berechtigtes Interesse)<\/h3>\n<p>Auf unserer Website finden Sie Kontaktformulare, mit denen Sie sich \u00fcber unsere Dienstleistungen informieren oder uns eine Frage oder andere Informationen zukommen lassen k\u00f6nnen. In diesen Formularen werden personenbezogene Daten nur zu dem Zweck erhoben, Ihnen eine Antwort zukommen zu lassen.<\/p>\n<h3>Cookies (berechtigtes Interesse)<\/h3>\n<p>Ausf\u00fchrliche Informationen \u00fcber die von uns verwendeten Cookies und die von uns festgelegten Einstellungen finden Sie auf der Seite <a href=\"\/de\/cookie-policy-eu\/\" target=\"_blank\" rel=\"noopener\">Cookie Policy<\/a>.<\/p>\n<p>Standard-Webbrowser (Internet Explorer, Mozilla Firefox, Google Chrome, usw.) unterst\u00fctzen die Verwaltung von Cookies. In den Einstellungen des Browsers k\u00f6nnen Sie die Verwendung einzelner Cookies manuell l\u00f6schen, blockieren oder vollst\u00e4ndig deaktivieren, oder Sie k\u00f6nnen sie nur f\u00fcr einzelne Websites blockieren oder aktivieren. Bitte verwenden Sie die Hilfe Ihres Browsers, um genauere Informationen zu erhalten. Wenn Ihr Browser Cookies aktiviert hat, gehen wir davon aus, dass Sie mit der Verwendung von Standard-Cookies durch unseren Server einverstanden sind.<\/p>\n<p><strong>Deaktivierung von Cookies in verschiedenen Browsern<\/strong><\/p>\n<ul>\n<li>Chrome: <a href=\"https:\/\/support.google.com\/chrome\/answer\/95647?hl=cs&amp;hlrm=cz\" target=\"_blank\" rel=\"noopener noreferrer\">support.google.com<\/a><\/li>\n<li>Opera: <a href=\"http:\/\/help.opera.com\/Windows\/9.64\/cs\/cookies.html\" target=\"_blank\" rel=\"noopener noreferrer\">help.opera.com<\/a><\/li>\n<li>Firefox: <a href=\"https:\/\/support.mozilla.org\/cs\/kb\/povoleni-zakazani-cookies\" target=\"_blank\" rel=\"noopener noreferrer\">support.mozilla.org<\/a><\/li>\n<li>MSIE: <a href=\"http:\/\/windows.microsoft.com\/cs-cz\/windows\/cookies-faq#1TC=windows-7\" target=\"_blank\" rel=\"noopener noreferrer\">windows.microsoft.com<\/a><\/li>\n<li>Safari: <a href=\"http:\/\/support.apple.com\/kb\/HT1677?viewlocale=cs_CZ\" target=\"_blank\" rel=\"noopener noreferrer\">support.apple.com<\/a><\/li>\n<\/ul>\n<h3>Push-Benachrichtigungen (berechtigtes Interesse)<\/h3>\n<p>Wir verwenden Push-Benachrichtigungen auf unserer Website, um Sie auf neue Inhalte hinzuweisen. Push-Benachrichtigungen oder &#8222;Notifications&#8220; sind kurze Informationsmeldungen, die auf dem Desktop Ihres Computers oder Mobiltelefons erscheinen. OneSignal wird zum Versenden von Push-Benachrichtigungen verwendet. Die Datenschutzbestimmungen finden Sie hier https:\/\/onesignal.com\/privacy_policy<\/p>\n<p>Sie k\u00f6nnen Ihre Anmeldungen f\u00fcr Push-Benachrichtigungen in Ihrem Browser verwalten und sie dort deaktivieren.<\/p>\n<p><strong>Deaktivieren von Push-Benachrichtigungen in verschiedenen Browsern<\/strong><\/p>\n<ul>\n<li>Chrome: <a href=\"https:\/\/support.google.com\/chrome\/answer\/3220216?co=GENIE.Platform%3DDesktop&amp;hl=cs\" target=\"_blank\" rel=\"noopener noreferrer\">support.google.com<\/a><\/li>\n<li>Opera: <a href=\"http:\/\/help.opera.com\/Windows\/11.50\/en\/notifications.html\" target=\"_blank\" rel=\"noopener noreferrer\">help.opera.com<\/a><\/li>\n<li>Firefox: <a href=\"https:\/\/support.mozilla.org\/en-US\/kb\/push-notifications-firefox\" target=\"_blank\" rel=\"noopener noreferrer\">support.mozilla.org<\/a><\/li>\n<li>MSIE: <a href=\"https:\/\/www.windowscentral.com\/how-manage-web-notifications-edge-windows-10\" target=\"_blank\" rel=\"noopener noreferrer\">windows.microsoft.com<\/a><\/li>\n<li>Safari: support.apple.com<\/li>\n<\/ul>\n<h3>Eingebettete Inhalte von anderen Websites (berechtigtes Interesse)<\/h3>\n<p>Die Beitr\u00e4ge auf dieser Website k\u00f6nnen eingebettete Inhalte (wie Videos, Bilder, Artikel usw.) enthalten. Eingebettete Inhalte von anderen Websites werden so behandelt, als ob der Besucher eine andere Website besucht h\u00e4tte.<\/p>\n<p>Diese Websites k\u00f6nnen Daten \u00fcber Sie sammeln, Cookies verwenden, zus\u00e4tzliche Verfolgungen von Dritten einbetten und Ihre Interaktion mit diesen eingebetteten Inhalten verfolgen, einschlie\u00dflich der Verfolgung Ihrer Interaktion mit den eingebetteten Inhalten, wenn Sie ein Konto haben und auf dieser Website angemeldet sind.<\/p>\n<h3>Analytik (berechtigtes Interesse)<\/h3>\n<p>Wir verwenden Google Analytics zur anonymen Analyse des Verhaltens der Nutzer unserer Website, um Fehler in der Benutzeroberfl\u00e4che zu finden und zu korrigieren. Diese Anwendung kann Cookies verwenden, um Ihre Bewegungen auf unserer Website aufzuzeichnen. Weitere Informationen finden Sie unter https:\/\/www.google.com\/analytics\/learn\/privacy.html?hl=cs.<\/p>\n<h2>Wie lange wir Ihre Daten aufbewahren<\/h2>\n<p>Wenn Sie einen Kommentar abgeben, werden der Kommentar und seine Metadaten auf unbestimmte Zeit gespeichert. Die Daten werden gespeichert, um alle nachfolgenden Kommentare automatisch zu erkennen und zu genehmigen, anstatt sie in der Moderationswarteschlange zu halten.<\/p>\n<p>Bei Nutzern, die sich auf dieser Website registrieren (sofern sie die M\u00f6glichkeit dazu haben), speichern wir auch die von ihnen angegebenen personenbezogenen Daten in ihrem Nutzerprofil. Alle Nutzer k\u00f6nnen ihre pers\u00f6nlichen Daten jederzeit einsehen, bearbeiten oder l\u00f6schen (au\u00dfer dass sie ihren Benutzernamen nicht \u00e4ndern k\u00f6nnen). Auch Website-Administratoren k\u00f6nnen diese Informationen einsehen und bearbeiten.<\/p>\n<h2>Welche Rechte haben Sie?<\/h2>\n<p>Wenn Sie ein Konto auf dieser Website haben oder hier Kommentare gepostet haben, k\u00f6nnen Sie eine Exportdatei der personenbezogenen Daten anfordern, die wir \u00fcber Sie gespeichert haben, einschlie\u00dflich aller Informationen, die Sie uns zur Verf\u00fcgung gestellt haben. Sie k\u00f6nnen auch verlangen, dass wir die \u00fcber Sie gespeicherten personenbezogenen Daten l\u00f6schen. Diese Option umfasst keine Daten, die wir aus administrativen, rechtlichen oder Sicherheitsgr\u00fcnden aufbewahren m\u00fcssen.<\/p>\n<h2>Kontaktangaben<\/h2>\n<p>Wenn Sie Fragen zum Zugriff auf Ihre personenbezogenen Daten oder zu deren Berichtigung haben, wenden <a href=\"\/de\/kontakt\/\" target=\"_blank\" rel=\"noopener noreferrer\">Sie sich bitte an uns<\/a>.<\/p>\n","protected":false},"excerpt":{"rendered":"<p>Der Schutz Ihrer personenbezogenen Daten ist uns sehr wichtig und wir halten uns daher vollst\u00e4ndig an die Allgemeine Datenschutzverordnung &#8211; Verordnung (EU) 2016\/679 des Europ\u00e4ischen Parlaments<span class=\"excerpt-hellip\"> [\u2026]<\/span><\/p>\n","protected":false},"author":2,"featured_media":0,"parent":0,"menu_order":0,"comment_status":"closed","ping_status":"closed","template":"","meta":{"footnotes":""},"class_list":["post-8912","page","type-page","status-publish","hentry"],"_links":{"self":[{"href":"https:\/\/life.npsumava.cz\/de\/wp-json\/wp\/v2\/pages\/8912","targetHints":{"allow":["GET"]}}],"collection":[{"href":"https:\/\/life.npsumava.cz\/de\/wp-json\/wp\/v2\/pages"}],"about":[{"href":"https:\/\/life.npsumava.cz\/de\/wp-json\/wp\/v2\/types\/page"}],"author":[{"embeddable":true,"href":"https:\/\/life.npsumava.cz\/de\/wp-json\/wp\/v2\/users\/2"}],"replies":[{"embeddable":true,"href":"https:\/\/life.npsumava.cz\/de\/wp-json\/wp\/v2\/comments?post=8912"}],"version-history":[{"count":3,"href":"https:\/\/life.npsumava.cz\/de\/wp-json\/wp\/v2\/pages\/8912\/revisions"}],"predecessor-version":[{"id":8923,"href":"https:\/\/life.npsumava.cz\/de\/wp-json\/wp\/v2\/pages\/8912\/revisions\/8923"}],"wp:attachment":[{"href":"https:\/\/life.npsumava.cz\/de\/wp-json\/wp\/v2\/media?parent=8912"}],"curies":[{"name":"wp","href":"https:\/\/api.w.org\/{rel}","templated":true}]}}