{"id":2736,"date":"2019-01-23T14:31:26","date_gmt":"2019-01-23T13:31:26","guid":{"rendered":"http:\/\/life.npsumava.cz\/verejnost\/pro-skoly\/"},"modified":"2020-01-22T10:46:02","modified_gmt":"2020-01-22T09:46:02","slug":"fur-schulen","status":"publish","type":"page","link":"https:\/\/life.npsumava.cz\/de\/offentlichkeit\/fur-schulen\/","title":{"rendered":"F\u00fcr Schulen"},"content":{"rendered":"<p><img loading=\"lazy\" decoding=\"async\" class=\"wp-image-3626  alignleft\" src=\"https:\/\/life.npsumava.cz\/wp-content\/uploads\/2019\/04\/tet\u0159\u00edvci-300x140.jpg\" alt=\"\" width=\"373\" height=\"174\" srcset=\"https:\/\/life.npsumava.cz\/wp-content\/uploads\/2019\/04\/tet\u0159\u00edvci-300x140.jpg 300w, https:\/\/life.npsumava.cz\/wp-content\/uploads\/2019\/04\/tet\u0159\u00edvci-768x358.jpg 768w, https:\/\/life.npsumava.cz\/wp-content\/uploads\/2019\/04\/tet\u0159\u00edvci-260x121.jpg 260w, https:\/\/life.npsumava.cz\/wp-content\/uploads\/2019\/04\/tet\u0159\u00edvci-50x23.jpg 50w, https:\/\/life.npsumava.cz\/wp-content\/uploads\/2019\/04\/tet\u0159\u00edvci-150x70.jpg 150w, https:\/\/life.npsumava.cz\/wp-content\/uploads\/2019\/04\/tet\u0159\u00edvci.jpg 803w\" sizes=\"auto, (max-width: 373px) 100vw, 373px\" \/><\/p>\n<p><strong>Im Rahmen des Projekts LIFE for MIRES wird ein brandneues Unterrichtsprogramm zum Schutz von Gew\u00e4ssern und Feuchtgebieten erstellt.<\/strong><\/p>\n<p><strong>Denken Sie daran, Ihre Klasse anzumelden!<\/strong><\/p>\n<hr \/>\n<p>Das Bildungsprogramm LIFE for MIRES wird in Zusammenarbeit mit den Umweltbildungszentren des Nationalparks \u0160umava entwickelt und in das Angebot von empfohlenen Programmen aufgenommen, mit denen der B\u00f6hmerwald die Schulausfl\u00fcge und Schulexkursionen in der gesamten Tschechischen Republik bereichern wird.<\/p>\n<p>Lehrb\u00fccher, ein Arbeitsbuch und andere didaktische Materialien zum Thema Wasser in der Landschaft, die wir derzeit intensiv vorbereiten, dienen als Grundlage f\u00fcr den Unterricht.<\/p>\n<p>W\u00e4hrend des Projekts wird auch mehrmals ein <strong>Feuchtgebietswettbewerb<\/strong> (Velk\u00e1 mok\u0159adn\u00ed sout\u011b\u017e) modurchgef\u00fchrt. Die Gewinner werden durch die Teilnahme an einer Feuchtgebietsexpedition im Nationalpark B\u00f6hmerwald ausgezeichnet.<\/p>\n<p>Sind Sie interessiert? Schicken Sie uns eine E-Mail an<em> <a href=\"mailto:Pavel.Becka@npv-bw.bayern.de\">Pavel.Becka@npv-bw.bayern.de<\/a> <\/em>und wir werden Ihnen mehr \u00fcber die bevorstehenden Aktivit\u00e4ten erz\u00e4hlen.<\/p>\n<p>&nbsp;<\/p>\n<p><img loading=\"lazy\" decoding=\"async\" class=\"alignnone wp-image-3337\" src=\"https:\/\/life.npsumava.cz\/wp-content\/uploads\/2019\/04\/Obr\u00e1zek1-300x52.jpg\" alt=\"\" width=\"922\" height=\"160\" srcset=\"https:\/\/life.npsumava.cz\/wp-content\/uploads\/2019\/04\/Obr\u00e1zek1-300x52.jpg 300w, https:\/\/life.npsumava.cz\/wp-content\/uploads\/2019\/04\/Obr\u00e1zek1-768x133.jpg 768w, https:\/\/life.npsumava.cz\/wp-content\/uploads\/2019\/04\/Obr\u00e1zek1-260x45.jpg 260w, https:\/\/life.npsumava.cz\/wp-content\/uploads\/2019\/04\/Obr\u00e1zek1-50x9.jpg 50w, https:\/\/life.npsumava.cz\/wp-content\/uploads\/2019\/04\/Obr\u00e1zek1-150x26.jpg 150w, https:\/\/life.npsumava.cz\/wp-content\/uploads\/2019\/04\/Obr\u00e1zek1.jpg 990w\" sizes=\"auto, (max-width: 922px) 100vw, 922px\" \/><\/p>\n<hr \/>\n","protected":false},"excerpt":{"rendered":"<p>Im Rahmen des Projekts LIFE for MIRES wird ein brandneues Unterrichtsprogramm zum Schutz von Gew\u00e4ssern und Feuchtgebieten erstellt. Denken Sie daran, Ihre Klasse anzumelden! Das Bildungsprogramm<span class=\"excerpt-hellip\"> [\u2026]<\/span><\/p>\n","protected":false},"author":2,"featured_media":0,"parent":2730,"menu_order":0,"comment_status":"closed","ping_status":"closed","template":"","meta":{"footnotes":""},"class_list":["post-2736","page","type-page","status-publish","hentry"],"_links":{"self":[{"href":"https:\/\/life.npsumava.cz\/de\/wp-json\/wp\/v2\/pages\/2736","targetHints":{"allow":["GET"]}}],"collection":[{"href":"https:\/\/life.npsumava.cz\/de\/wp-json\/wp\/v2\/pages"}],"about":[{"href":"https:\/\/life.npsumava.cz\/de\/wp-json\/wp\/v2\/types\/page"}],"author":[{"embeddable":true,"href":"https:\/\/life.npsumava.cz\/de\/wp-json\/wp\/v2\/users\/2"}],"replies":[{"embeddable":true,"href":"https:\/\/life.npsumava.cz\/de\/wp-json\/wp\/v2\/comments?post=2736"}],"version-history":[{"count":5,"href":"https:\/\/life.npsumava.cz\/de\/wp-json\/wp\/v2\/pages\/2736\/revisions"}],"predecessor-version":[{"id":5312,"href":"https:\/\/life.npsumava.cz\/de\/wp-json\/wp\/v2\/pages\/2736\/revisions\/5312"}],"up":[{"embeddable":true,"href":"https:\/\/life.npsumava.cz\/de\/wp-json\/wp\/v2\/pages\/2730"}],"wp:attachment":[{"href":"https:\/\/life.npsumava.cz\/de\/wp-json\/wp\/v2\/media?parent=2736"}],"curies":[{"name":"wp","href":"https:\/\/api.w.org\/{rel}","templated":true}]}}