{"id":2734,"date":"2019-01-23T14:30:57","date_gmt":"2019-01-23T13:30:57","guid":{"rendered":"http:\/\/life.npsumava.cz\/verejnost\/pro-dobrovolniky\/"},"modified":"2020-08-05T06:40:25","modified_gmt":"2020-08-05T04:40:25","slug":"fur-freiwillige","status":"publish","type":"page","link":"https:\/\/life.npsumava.cz\/de\/offentlichkeit\/fur-freiwillige\/","title":{"rendered":"F\u00fcr Freiwillige"},"content":{"rendered":"<p><img loading=\"lazy\" decoding=\"async\" class=\"wp-image-4455 alignleft\" src=\"https:\/\/life.npsumava.cz\/wp-content\/uploads\/2019\/07\/IMG_0997-300x200.jpg\" alt=\"\" width=\"344\" height=\"229\" srcset=\"https:\/\/life.npsumava.cz\/wp-content\/uploads\/2019\/07\/IMG_0997-300x200.jpg 300w, https:\/\/life.npsumava.cz\/wp-content\/uploads\/2019\/07\/IMG_0997-768x512.jpg 768w, https:\/\/life.npsumava.cz\/wp-content\/uploads\/2019\/07\/IMG_0997-219x146.jpg 219w, https:\/\/life.npsumava.cz\/wp-content\/uploads\/2019\/07\/IMG_0997-50x33.jpg 50w, https:\/\/life.npsumava.cz\/wp-content\/uploads\/2019\/07\/IMG_0997-113x75.jpg 113w, https:\/\/life.npsumava.cz\/wp-content\/uploads\/2019\/07\/IMG_0997.jpg 780w\" sizes=\"auto, (max-width: 344px) 100vw, 344px\" \/><\/p>\n<p><strong>M\u00f6chten Sie sich f\u00fcr den Erhalt der Moore im B\u00f6hmerwald engagieren und gleichzeitig einen Ausflug in die Natur unternehmen?<\/strong><\/p>\n<p><strong>M\u00f6chten Sie mehr \u00fcber die Landschaft des B\u00f6hmerwaldes, seinen Wasserhaushalt oder die Rolle von Feuchtgebieten bei der Eind\u00e4mmung des Klimawandels erfahren?<\/strong><\/p>\n<p><strong>Bewerben Sie sich bei einer unserer freiwilligen Aktionen \u201eLid\u00e9 pro ra\u0161elini\u0161t\u011b\u201c (Menschen f\u00fcr Moore)!<\/strong><\/p>\n<hr \/>\n<p><img loading=\"lazy\" decoding=\"async\" class=\"wp-image-3209 alignright\" src=\"https:\/\/life.npsumava.cz\/wp-content\/uploads\/2019\/03\/cuspidatum-99x300.jpg\" alt=\"\" width=\"130\" height=\"394\" srcset=\"https:\/\/life.npsumava.cz\/wp-content\/uploads\/2019\/03\/cuspidatum-99x300.jpg 99w, https:\/\/life.npsumava.cz\/wp-content\/uploads\/2019\/03\/cuspidatum-338x1024.jpg 338w, https:\/\/life.npsumava.cz\/wp-content\/uploads\/2019\/03\/cuspidatum-48x146.jpg 48w, https:\/\/life.npsumava.cz\/wp-content\/uploads\/2019\/03\/cuspidatum-25x75.jpg 25w, https:\/\/life.npsumava.cz\/wp-content\/uploads\/2019\/03\/cuspidatum.jpg 695w\" sizes=\"auto, (max-width: 130px) 100vw, 130px\" \/><\/p>\n<p>In jeder Sommersaison organisieren wir sechs eint\u00e4gige und zwei Wochenendveranstaltungen, bei denen die Freiwilligen morgens mit uns zusammenarbeiten, um das vom Aussterben bedrohte Moor wieder zu vern\u00e4ssen. Wir wollen einen Anstieg des Grundwasserspiegels erreichen, die anhaltende Degradierung des seltenen Lebensraums stoppen und den Torfbildungsprozess wieder in Gang setzen. Die Arbeit variiert je nach Standort. Bei einigen m\u00fcssen wir kleinere Ausbesserungen an fr\u00fcheren Revitalisierungen vornehmen, bei anderen werden wir Torfd\u00e4mme an Entw\u00e4sserungsrinnen neu errichten. All dies manuell mit Schaufeln, Spitzhacken, Eimern und Schubkarren.<\/p>\n<p>Am Nachmittag machen wir eine Tour zu Orten, an denen der Wasserhaushalt der Landschaft nicht vom Menschen negativ beeinflusst wurde. An diesen Orten werden wir \u00fcber das Funktionieren der Landschaftshydrologie sprechen und beobachten, wie raffiniert die Natur dieses System entworfen und geschaffen hat. Da die Entwicklung Millionen von Jahren gedauert hat, ist es klar, dass ein unsensibler menschlicher Eingriff in die Landschaft oft unerw\u00fcnschte Ver\u00e4nderungen mit sich bringt, die wir stoppen wollen.<\/p>\n<p>M\u00f6chten Sie einen Tag im B\u00f6hmerwald verbringen und mehr \u00fcber das Wasser in der Landschaft erfahren?<\/p>\n<p>Dieses Jahr k\u00f6nnt ihr als Freiwillige in den Mooren von Modrava teilnehmen: <span style=\"color: #004b21;\"><strong><a style=\"color: #004b21;\" href=\"https:\/\/life.npsumava.cz\/de\/2020\/08\/03\/day-for-mires-am-gayerruck\/\">Day for Mires am Gayerruck<\/a><\/strong><\/span><\/p>\n<p>Hier finden Sie weitere Informationen und die Anmeldung:\u00a0\u00a0<strong><a href=\"mailto:Linda.Seifert@npv-bw.bayern.de\">Linda.Seifert@npv-bw.bayern.de<\/a><\/strong><\/p>\n<hr \/>\n\n\t\t\t<style type='text\/css'>\n\t\t\t\t#sc_gallery-5430 {\n\t\t\t\t\tmargin: auto;\n\t\t\t\t}\n\t\t\t\t#sc_gallery-5430 .gallery-item {\n\t\t\t\t\tfloat: left;\n\t\t\t\t\tmargin-top: 10px;\n\t\t\t\t\ttext-align: center;\n\t\t\t\t\twidth: 33.33%;\n\t\t\t\t}\n\t\t\t\t#sc_gallery-5430 img {\n\t\t\t\t\tborder: 2px solid #cfcfcf;\n\t\t\t\t}\n\t\t\t\t#sc_gallery-5430 .gallery-caption {\n\t\t\t\t\tmargin-left: 0;\n\t\t\t\t}\n\t\t\t\t\/* see sc_gallery() in functions\/theme-shortcodes.php *\/\n\t\t\t<\/style>\n\t\t<div id='sc_gallery-5430' class='gallery element_classes galleryid-2734 gallery-columns-3 gallery-size-medium file'><dl class='gallery-item'>\n\t\t\t\t<dt class='gallery-icon landscape'>\n\t\t\t\t\t<a href='https:\/\/life.npsumava.cz\/wp-content\/uploads\/2019\/03\/IMG_4424-1.jpg'><img loading=\"lazy\" decoding=\"async\" width=\"300\" height=\"200\" src=\"https:\/\/life.npsumava.cz\/wp-content\/uploads\/2019\/03\/IMG_4424-1-300x200.jpg\" class=\"attachment-medium size-medium\" alt=\"\" srcset=\"https:\/\/life.npsumava.cz\/wp-content\/uploads\/2019\/03\/IMG_4424-1-300x200.jpg 300w, https:\/\/life.npsumava.cz\/wp-content\/uploads\/2019\/03\/IMG_4424-1.jpg 768w, https:\/\/life.npsumava.cz\/wp-content\/uploads\/2019\/03\/IMG_4424-1-219x146.jpg 219w, https:\/\/life.npsumava.cz\/wp-content\/uploads\/2019\/03\/IMG_4424-1-50x33.jpg 50w, https:\/\/life.npsumava.cz\/wp-content\/uploads\/2019\/03\/IMG_4424-1-113x75.jpg 113w\" sizes=\"auto, (max-width: 300px) 100vw, 300px\" \/><\/a>\n\t\t\t\t<\/dt><\/dl><dl class='gallery-item'>\n\t\t\t\t<dt class='gallery-icon landscape'>\n\t\t\t\t\t<a href='https:\/\/life.npsumava.cz\/wp-content\/uploads\/2020\/01\/IMG_1121-kopie.jpg'><img loading=\"lazy\" decoding=\"async\" width=\"300\" height=\"200\" src=\"https:\/\/life.npsumava.cz\/wp-content\/uploads\/2020\/01\/IMG_1121-kopie-300x200.jpg\" class=\"attachment-medium size-medium\" alt=\"\" srcset=\"https:\/\/life.npsumava.cz\/wp-content\/uploads\/2020\/01\/IMG_1121-kopie-300x200.jpg 300w, https:\/\/life.npsumava.cz\/wp-content\/uploads\/2020\/01\/IMG_1121-kopie-219x146.jpg 219w, https:\/\/life.npsumava.cz\/wp-content\/uploads\/2020\/01\/IMG_1121-kopie-50x33.jpg 50w, https:\/\/life.npsumava.cz\/wp-content\/uploads\/2020\/01\/IMG_1121-kopie-113x75.jpg 113w, https:\/\/life.npsumava.cz\/wp-content\/uploads\/2020\/01\/IMG_1121-kopie.jpg 768w\" sizes=\"auto, (max-width: 300px) 100vw, 300px\" \/><\/a>\n\t\t\t\t<\/dt><\/dl><dl class='gallery-item'>\n\t\t\t\t<dt class='gallery-icon landscape'>\n\t\t\t\t\t<a href='https:\/\/life.npsumava.cz\/wp-content\/uploads\/2019\/08\/IMG_1495.jpg'><img loading=\"lazy\" decoding=\"async\" width=\"300\" height=\"200\" src=\"https:\/\/life.npsumava.cz\/wp-content\/uploads\/2019\/08\/IMG_1495-300x200.jpg\" class=\"attachment-medium size-medium\" alt=\"\" srcset=\"https:\/\/life.npsumava.cz\/wp-content\/uploads\/2019\/08\/IMG_1495-300x200.jpg 300w, https:\/\/life.npsumava.cz\/wp-content\/uploads\/2019\/08\/IMG_1495.jpg 768w, https:\/\/life.npsumava.cz\/wp-content\/uploads\/2019\/08\/IMG_1495-219x146.jpg 219w, https:\/\/life.npsumava.cz\/wp-content\/uploads\/2019\/08\/IMG_1495-50x33.jpg 50w, https:\/\/life.npsumava.cz\/wp-content\/uploads\/2019\/08\/IMG_1495-113x75.jpg 113w\" sizes=\"auto, (max-width: 300px) 100vw, 300px\" \/><\/a>\n\t\t\t\t<\/dt><\/dl><br style=\"clear: both\" \/>\n\t\t\t<\/div>\n\n","protected":false},"excerpt":{"rendered":"<p>M\u00f6chten Sie sich f\u00fcr den Erhalt der Moore im B\u00f6hmerwald engagieren und gleichzeitig einen Ausflug in die Natur unternehmen? M\u00f6chten Sie mehr \u00fcber die Landschaft des<span class=\"excerpt-hellip\"> [\u2026]<\/span><\/p>\n","protected":false},"author":2,"featured_media":0,"parent":2730,"menu_order":0,"comment_status":"closed","ping_status":"closed","template":"","meta":{"footnotes":""},"class_list":["post-2734","page","type-page","status-publish","hentry"],"_links":{"self":[{"href":"https:\/\/life.npsumava.cz\/de\/wp-json\/wp\/v2\/pages\/2734","targetHints":{"allow":["GET"]}}],"collection":[{"href":"https:\/\/life.npsumava.cz\/de\/wp-json\/wp\/v2\/pages"}],"about":[{"href":"https:\/\/life.npsumava.cz\/de\/wp-json\/wp\/v2\/types\/page"}],"author":[{"embeddable":true,"href":"https:\/\/life.npsumava.cz\/de\/wp-json\/wp\/v2\/users\/2"}],"replies":[{"embeddable":true,"href":"https:\/\/life.npsumava.cz\/de\/wp-json\/wp\/v2\/comments?post=2734"}],"version-history":[{"count":9,"href":"https:\/\/life.npsumava.cz\/de\/wp-json\/wp\/v2\/pages\/2734\/revisions"}],"predecessor-version":[{"id":7005,"href":"https:\/\/life.npsumava.cz\/de\/wp-json\/wp\/v2\/pages\/2734\/revisions\/7005"}],"up":[{"embeddable":true,"href":"https:\/\/life.npsumava.cz\/de\/wp-json\/wp\/v2\/pages\/2730"}],"wp:attachment":[{"href":"https:\/\/life.npsumava.cz\/de\/wp-json\/wp\/v2\/media?parent=2734"}],"curies":[{"name":"wp","href":"https:\/\/api.w.org\/{rel}","templated":true}]}}