{"id":2733,"date":"2019-01-23T14:32:01","date_gmt":"2019-01-23T13:32:01","guid":{"rendered":"http:\/\/life.npsumava.cz\/verejnost\/prednasky\/"},"modified":"2020-01-21T08:54:30","modified_gmt":"2020-01-21T07:54:30","slug":"vortrage","status":"publish","type":"page","link":"https:\/\/life.npsumava.cz\/de\/offentlichkeit\/vortrage\/","title":{"rendered":"Vortr\u00e4ge"},"content":{"rendered":"<p><img loading=\"lazy\" decoding=\"async\" class=\"wp-image-3743 alignleft\" src=\"https:\/\/life.npsumava.cz\/wp-content\/uploads\/2019\/04\/P\u0159edstaven\u00ed-Spr\u00e1v\u011b-300x225.jpg\" alt=\"\" width=\"411\" height=\"308\" srcset=\"https:\/\/life.npsumava.cz\/wp-content\/uploads\/2019\/04\/P\u0159edstaven\u00ed-Spr\u00e1v\u011b-300x225.jpg 300w, https:\/\/life.npsumava.cz\/wp-content\/uploads\/2019\/04\/P\u0159edstaven\u00ed-Spr\u00e1v\u011b-768x576.jpg 768w, https:\/\/life.npsumava.cz\/wp-content\/uploads\/2019\/04\/P\u0159edstaven\u00ed-Spr\u00e1v\u011b-195x146.jpg 195w, https:\/\/life.npsumava.cz\/wp-content\/uploads\/2019\/04\/P\u0159edstaven\u00ed-Spr\u00e1v\u011b-50x38.jpg 50w, https:\/\/life.npsumava.cz\/wp-content\/uploads\/2019\/04\/P\u0159edstaven\u00ed-Spr\u00e1v\u011b-100x75.jpg 100w, https:\/\/life.npsumava.cz\/wp-content\/uploads\/2019\/04\/P\u0159edstaven\u00ed-Spr\u00e1v\u011b.jpg 780w\" sizes=\"auto, (max-width: 411px) 100vw, 411px\" \/><\/p>\n<p><strong>Im Projekt LIFE for MIRES bieten wir auch popul\u00e4rwissenschaftlichen Vorlesungen an.<\/strong><\/p>\n<p><strong>Z\u00f6gern Sie nicht, uns zu kontaktieren, wenn Sie Interesse an Gespr\u00e4chen in der Schule, bei einer naturwissenschaftlichen Veranstaltung oder f\u00fcr Gruppen haben, die sich f\u00fcr die Wiederherstellung des Wasserhaushalts der Landschaft einsetzen.<\/strong><\/p>\n<hr \/>\n<p>Nicht nur \u00fcber die Projektaktivit\u00e4ten, sondern auch \u00fcber das Wasser in der Landschaft informieren wir die Besucher regelm\u00e4\u00dfig in den Informations- und Besucherzentren des Nationalparks \u0160umava. Wir nehmen jedoch gerne an anderen Veranstaltungen zu diesem Thema teil und teilen unser Wissen \u00fcber Landschaftshydrologie, Revitalisierung von Feuchtgebieten und B\u00e4chen oder den Schutz seltener Tier- und Pflanzenarten.<\/p>\n<p>Sie interessieren sich f\u00fcr unser Angebot und m\u00f6chten unseren Vortrag in Ihr Veranstaltungsprogramm aufnehmen?<\/p>\n<p style=\"text-align: right;\">Schreiben Sien einfach eine E-Mail an\u00a0<em><a href=\"mailto:Pavel.Becka@npv-bw.bayern.de\">Pavel.Becka@npv-bw.bayern.de<\/a> oder <a href=\"mailto:Melanie.Kreutz@bund-naturschutz.de\">Melanie.Kreutz@bund-naturschutz.de<\/a><br \/>\n<\/em><\/p>\n<p><img loading=\"lazy\" decoding=\"async\" class=\"size-medium wp-image-3742 alignright\" src=\"https:\/\/life.npsumava.cz\/wp-content\/uploads\/2019\/04\/tetrev_tetrivek_tanec-300x212.jpg\" alt=\"\" width=\"300\" height=\"212\" srcset=\"https:\/\/life.npsumava.cz\/wp-content\/uploads\/2019\/04\/tetrev_tetrivek_tanec-300x212.jpg 300w, https:\/\/life.npsumava.cz\/wp-content\/uploads\/2019\/04\/tetrev_tetrivek_tanec-207x146.jpg 207w, https:\/\/life.npsumava.cz\/wp-content\/uploads\/2019\/04\/tetrev_tetrivek_tanec-50x35.jpg 50w, https:\/\/life.npsumava.cz\/wp-content\/uploads\/2019\/04\/tetrev_tetrivek_tanec-106x75.jpg 106w, https:\/\/life.npsumava.cz\/wp-content\/uploads\/2019\/04\/tetrev_tetrivek_tanec.jpg 486w\" sizes=\"auto, (max-width: 300px) 100vw, 300px\" \/><\/p>\n","protected":false},"excerpt":{"rendered":"<p>Im Projekt LIFE for MIRES bieten wir auch popul\u00e4rwissenschaftlichen Vorlesungen an. Z\u00f6gern Sie nicht, uns zu kontaktieren, wenn Sie Interesse an Gespr\u00e4chen in der Schule, bei<span class=\"excerpt-hellip\"> [\u2026]<\/span><\/p>\n","protected":false},"author":2,"featured_media":0,"parent":2730,"menu_order":0,"comment_status":"closed","ping_status":"closed","template":"","meta":{"footnotes":""},"class_list":["post-2733","page","type-page","status-publish","hentry"],"_links":{"self":[{"href":"https:\/\/life.npsumava.cz\/de\/wp-json\/wp\/v2\/pages\/2733","targetHints":{"allow":["GET"]}}],"collection":[{"href":"https:\/\/life.npsumava.cz\/de\/wp-json\/wp\/v2\/pages"}],"about":[{"href":"https:\/\/life.npsumava.cz\/de\/wp-json\/wp\/v2\/types\/page"}],"author":[{"embeddable":true,"href":"https:\/\/life.npsumava.cz\/de\/wp-json\/wp\/v2\/users\/2"}],"replies":[{"embeddable":true,"href":"https:\/\/life.npsumava.cz\/de\/wp-json\/wp\/v2\/comments?post=2733"}],"version-history":[{"count":6,"href":"https:\/\/life.npsumava.cz\/de\/wp-json\/wp\/v2\/pages\/2733\/revisions"}],"predecessor-version":[{"id":5270,"href":"https:\/\/life.npsumava.cz\/de\/wp-json\/wp\/v2\/pages\/2733\/revisions\/5270"}],"up":[{"embeddable":true,"href":"https:\/\/life.npsumava.cz\/de\/wp-json\/wp\/v2\/pages\/2730"}],"wp:attachment":[{"href":"https:\/\/life.npsumava.cz\/de\/wp-json\/wp\/v2\/media?parent=2733"}],"curies":[{"name":"wp","href":"https:\/\/api.w.org\/{rel}","templated":true}]}}