{"id":2731,"date":"2019-01-23T14:31:44","date_gmt":"2019-01-23T13:31:44","guid":{"rendered":"http:\/\/life.npsumava.cz\/verejnost\/exkurze\/"},"modified":"2020-01-22T10:44:33","modified_gmt":"2020-01-22T09:44:33","slug":"exkursionen","status":"publish","type":"page","link":"https:\/\/life.npsumava.cz\/de\/offentlichkeit\/exkursionen\/","title":{"rendered":"Exkursionen"},"content":{"rendered":"<p><img loading=\"lazy\" decoding=\"async\" class=\"wp-image-3723 alignleft\" src=\"https:\/\/life.npsumava.cz\/wp-content\/uploads\/2019\/04\/IMG_3174-300x200.jpg\" alt=\"\" width=\"419\" height=\"279\" srcset=\"https:\/\/life.npsumava.cz\/wp-content\/uploads\/2019\/04\/IMG_3174-300x200.jpg 300w, https:\/\/life.npsumava.cz\/wp-content\/uploads\/2019\/04\/IMG_3174-768x512.jpg 768w, https:\/\/life.npsumava.cz\/wp-content\/uploads\/2019\/04\/IMG_3174-219x146.jpg 219w, https:\/\/life.npsumava.cz\/wp-content\/uploads\/2019\/04\/IMG_3174-50x33.jpg 50w, https:\/\/life.npsumava.cz\/wp-content\/uploads\/2019\/04\/IMG_3174-113x75.jpg 113w, https:\/\/life.npsumava.cz\/wp-content\/uploads\/2019\/04\/IMG_3174.jpg 780w\" sizes=\"auto, (max-width: 419px) 100vw, 419px\" \/><\/p>\n<p><strong>Planen Sie einen Urlaub im B\u00f6hmerwald und m\u00f6chten sie eine Tag Abwechslung, um Moore und Feuchtgebiete zu erkunden \u2013 die Perlen des Naturschutzes? Oder leben Sie im B\u00f6hmerwald und m\u00f6chten mehr \u00fcber die Moor-Revitalisierung erfahren, die die Nationalpark-Verwaltung im B\u00f6hmerwald durchf\u00fchrt?<\/strong><\/p>\n<p><strong>Bewerben Sie sich f\u00fcr unseren Feuchtgebietsausflug!<\/strong><\/p>\n<p>&nbsp;<\/p>\n<hr \/>\n<p>W\u00e4hrend des LIFE for MIRES-Projekts bieten wir zweimal im Jahr eint\u00e4gige Wanderungen in die abgelegenen Winkel des B\u00f6hmerwaldes an, in denen alles vom Wasser regiert wird. An einem Tag k\u00f6nnen Sie mit uns an Orte fahren, an denen der Wasserhaushalt der Landschaft nicht vom Menschen ver\u00e4ndert wurde und so funktioniert, wie er von der Natur selbst entworfen wurde. Also richtig.<\/p>\n<p>Es gibt aber auch Orte, die in der Vergangenheit intensiv vom Menschen bewirtschaftet wurden, was die Landschaft ver\u00e4ndert hat. Sie haben das Wasser oft verdr\u00e4ngt, und es erweist sich nun als schwierig, es ohne Feuchtgebiete in der Landschaft zu halten. Dies bedeutet erhebliche Komplikationen nicht nur f\u00fcr den Menschen, sondern auch f\u00fcr viele seltene Pflanzen- und Tierarten. Deshalb l\u00e4uft im Nationalpark \u0160umava seit 1999 das sog. Revitalisierungsprogramm f\u00fcr Moore und Feuchtgebiete.<\/p>\n<p>W\u00e4hrend des zweiten Teils der Exkursion werden wir uns die renaturierten Feuchtgebiete ansehen, die wir erneut vern\u00e4sst und der Natur zur\u00fcckgegeben haben.<\/p>\n<p><img loading=\"lazy\" decoding=\"async\" class=\"wp-image-3738 alignright\" src=\"https:\/\/life.npsumava.cz\/wp-content\/uploads\/2019\/04\/klikva-1-296x300.jpg\" alt=\"\" width=\"247\" height=\"250\" srcset=\"https:\/\/life.npsumava.cz\/wp-content\/uploads\/2019\/04\/klikva-1-296x300.jpg 296w, https:\/\/life.npsumava.cz\/wp-content\/uploads\/2019\/04\/klikva-1-144x146.jpg 144w, https:\/\/life.npsumava.cz\/wp-content\/uploads\/2019\/04\/klikva-1-50x50.jpg 50w, https:\/\/life.npsumava.cz\/wp-content\/uploads\/2019\/04\/klikva-1-74x75.jpg 74w, https:\/\/life.npsumava.cz\/wp-content\/uploads\/2019\/04\/klikva-1-85x85.jpg 85w, https:\/\/life.npsumava.cz\/wp-content\/uploads\/2019\/04\/klikva-1-80x80.jpg 80w, https:\/\/life.npsumava.cz\/wp-content\/uploads\/2019\/04\/klikva-1.jpg 569w\" sizes=\"auto, (max-width: 247px) 100vw, 247px\" \/><\/p>\n","protected":false},"excerpt":{"rendered":"<p>Planen Sie einen Urlaub im B\u00f6hmerwald und m\u00f6chten sie eine Tag Abwechslung, um Moore und Feuchtgebiete zu erkunden \u2013 die Perlen des Naturschutzes? Oder leben Sie<span class=\"excerpt-hellip\"> [\u2026]<\/span><\/p>\n","protected":false},"author":2,"featured_media":0,"parent":2730,"menu_order":0,"comment_status":"closed","ping_status":"closed","template":"","meta":{"footnotes":""},"class_list":["post-2731","page","type-page","status-publish","hentry"],"_links":{"self":[{"href":"https:\/\/life.npsumava.cz\/de\/wp-json\/wp\/v2\/pages\/2731","targetHints":{"allow":["GET"]}}],"collection":[{"href":"https:\/\/life.npsumava.cz\/de\/wp-json\/wp\/v2\/pages"}],"about":[{"href":"https:\/\/life.npsumava.cz\/de\/wp-json\/wp\/v2\/types\/page"}],"author":[{"embeddable":true,"href":"https:\/\/life.npsumava.cz\/de\/wp-json\/wp\/v2\/users\/2"}],"replies":[{"embeddable":true,"href":"https:\/\/life.npsumava.cz\/de\/wp-json\/wp\/v2\/comments?post=2731"}],"version-history":[{"count":7,"href":"https:\/\/life.npsumava.cz\/de\/wp-json\/wp\/v2\/pages\/2731\/revisions"}],"predecessor-version":[{"id":5267,"href":"https:\/\/life.npsumava.cz\/de\/wp-json\/wp\/v2\/pages\/2731\/revisions\/5267"}],"up":[{"embeddable":true,"href":"https:\/\/life.npsumava.cz\/de\/wp-json\/wp\/v2\/pages\/2730"}],"wp:attachment":[{"href":"https:\/\/life.npsumava.cz\/de\/wp-json\/wp\/v2\/media?parent=2731"}],"curies":[{"name":"wp","href":"https:\/\/api.w.org\/{rel}","templated":true}]}}