{"id":2725,"date":"2019-01-23T16:45:36","date_gmt":"2019-01-23T15:45:36","guid":{"rendered":"http:\/\/life.npsumava.cz\/o-vode-a-mokradech\/o-rekach\/"},"modified":"2020-01-21T07:41:59","modified_gmt":"2020-01-21T06:41:59","slug":"uber-flusse","status":"publish","type":"page","link":"https:\/\/life.npsumava.cz\/de\/uber-wasser-und-feuchtgebiete\/uber-flusse\/","title":{"rendered":"\u00dcber Fl\u00fcsse"},"content":{"rendered":"<p><strong>Wasser \u00e4hnelt in vielerlei Hinsicht einem Menschen \u2013 zum Beispiel sucht es den einfachsten Weg und man kann es kaum bergauf bewegen. Und weil diese einfachen Pfade wiederholt werden, entstehen B\u00e4che, Fl\u00fcsse und gro\u00dfe Str\u00f6me. Gelegentlich hat die Energie, die sich auf dem Weg aus den Bergen angesammelt hat, gro\u00dfe Kraft und nagt an neuen Wegen, schneidet in den Untergrund \u2013 und ein Tal entsteht. Die gesamte Energie haben sie eigentlich von der Sonne \u2013 das Wasser aus dem Meer gelangt als Wasserdampf, der in den Bergen oder anderen meist kalten Orten abk\u00fchlt, regnet und abl\u00e4uft, zur\u00fcck in die Quellgebiete.<\/strong><\/p>\n<hr \/>\n<h5><span style=\"color: #004b21;\"><strong>Das Leben des Flusses<br \/>\n<\/strong><\/span><\/h5>\n<div id=\"attachment_3251\" style=\"width: 210px\" class=\"wp-caption alignright\"><a href=\"https:\/\/life.npsumava.cz\/wp-content\/uploads\/2019\/04\/IMG_1175zm.jpg\"><img loading=\"lazy\" decoding=\"async\" aria-describedby=\"caption-attachment-3251\" class=\"wp-image-3251 size-medium\" src=\"https:\/\/life.npsumava.cz\/wp-content\/uploads\/2019\/04\/IMG_1175zm-200x300.jpg\" alt=\"\" width=\"200\" height=\"300\" srcset=\"https:\/\/life.npsumava.cz\/wp-content\/uploads\/2019\/04\/IMG_1175zm-200x300.jpg 200w, https:\/\/life.npsumava.cz\/wp-content\/uploads\/2019\/04\/IMG_1175zm-97x146.jpg 97w, https:\/\/life.npsumava.cz\/wp-content\/uploads\/2019\/04\/IMG_1175zm-33x50.jpg 33w, https:\/\/life.npsumava.cz\/wp-content\/uploads\/2019\/04\/IMG_1175zm-50x75.jpg 50w, https:\/\/life.npsumava.cz\/wp-content\/uploads\/2019\/04\/IMG_1175zm.jpg 512w\" sizes=\"auto, (max-width: 200px) 100vw, 200px\" \/><\/a><p id=\"caption-attachment-3251\" class=\"wp-caption-text\">Nat\u00fcrlicher Gebirgsbach<\/p><\/div>\n<p>Die Quelle kann ein gepflegter Brunnen sein, aber h\u00e4ufiger ein Feuchtgebiet, in dem ein oder mehrere kleine Rinnsale flie\u00dfen; Quellen auf dem Grund nat\u00fcrlicher oder k\u00fcnstlicher Seen sind keine Ausnahme. Ein paar d\u00fcnne Rinnsale verbinden sich zu einem Bach, der normalerweise einen Namen bekommt. In der ersten Lebensphase sind die Fl\u00fcsse gew\u00f6hnlich wild \u2013 sie tragen mehr fort als sie ablagern und bringen Kieselsteine, Schotter und nach und nach sogar Berge mit. Mit zunehmender L\u00e4nge und Breite wird das Tempo langsamer. Und das Flussbett kr\u00e4uselt sich \u2013 auf der Aufprallseite des Flusses (und es gibt sowohl Becken, in denen man Hechten auflauern kann, als auch untersp\u00fclte Hohe Ufer), und am gegen\u00fcberliegenden Ufer setzt es sich wieder ab und bildet Str\u00e4nde aus von dem Strom ausgeworfenen Sedimenten. In flacheren Abschnitten zwischen den Kurven befindet sich normalerweise eine Stromschnelle oder ein flacher Abschnitt mit einer scharfen Str\u00f6mung &#8211; eine Furt. Die kieshaltigen Fl\u00fcsse an den H\u00e4ngen der H\u00fcgel (Be\u010dva ist ein sch\u00f6nes Beispiel in der Tschechischen Republik) sorgen sich nicht um die Wellen \u2013 w\u00e4hrend des Hochwassers bilden sie einen mehrere Dutzend Meter breite Strom und flie\u00dfen durch mehrere Flussbette, die durch Kiesablagerungen voneinander getrennt sind.<\/p>\n<p>Wenn ein st\u00e4rkerer Fluss den kleineren Fluss seines Namens nicht beraubt, flie\u00dft dieser weiter \u2013 als ein Tieflandfluss. Eine \u00e4ltere Dame, die das Wasser langsamer f\u00fchrt, macht eher den Umweg als direkt zu gehen, und manchmal verzweigt sich das Flussbett und man f\u00fchlt sich wie am Amazonas \u2013 hier ein Flussarm, dort das vierte parallele \u00fcberstr\u00f6mte Flussbett, die Hauptstr\u00f6mung ist vor lauter Brennnesseln und wildem Gr\u00fcn kaum zu sehen. Sie k\u00f6nnen es am besten in Litovelsk\u00e9 Pomorav\u00ed\u00a0 (deutsch Littauer Marchtal) sehen. Wenn sich der M\u00e4ander zu stark biegt, rei\u00dft der schmale Hals bei der n\u00e4chsten \u00dcberschwemmung, der Fluss wird begradigt und die Biegung wird langsam verstopft und \u00fcberwachsen. Der Fluss tr\u00e4gt bereits haupts\u00e4chlich feinen Sand oder Ton und lagert diese ab. Manchmal bringt er so viel davon, dass er dann durch seine eigenen Sedimente flie\u00dft \u2013 in der Tat erhebt er sich \u00fcber das Gel\u00e4nde. Wundersch\u00f6n schl\u00e4ngelt sich im B\u00f6hmerwald z.B. die Moldau in den Moldau-Auen \u2013 obwohl sie weit vom Flachland entfernt ist, aber unterhalb dem Soumarsk\u00fd most (S\u00e4umerbr\u00fccke) liegt, kr\u00e4uselt sie sich wundersch\u00f6n \u00fcber 750 Meter \u00fcber dem Meeresspiegel und verh\u00e4lt sich im Allgemeinen wie ein Fluss, der gleich in das Meer m\u00fcnden wird. Da er sich jedoch in kaltem Gebirge befindet und von Torfmooren umgeben ist, \u00e4hnelt er haupts\u00e4chlich Tieflandfl\u00fcssen im hohen Norden.<\/p>\n\n\t\t\t<style type='text\/css'>\n\t\t\t\t#sc_gallery-5306 {\n\t\t\t\t\tmargin: auto;\n\t\t\t\t}\n\t\t\t\t#sc_gallery-5306 .gallery-item {\n\t\t\t\t\tfloat: left;\n\t\t\t\t\tmargin-top: 10px;\n\t\t\t\t\ttext-align: center;\n\t\t\t\t\twidth: 33.33%;\n\t\t\t\t}\n\t\t\t\t#sc_gallery-5306 img {\n\t\t\t\t\tborder: 2px solid #cfcfcf;\n\t\t\t\t}\n\t\t\t\t#sc_gallery-5306 .gallery-caption {\n\t\t\t\t\tmargin-left: 0;\n\t\t\t\t}\n\t\t\t\t\/* see sc_gallery() in functions\/theme-shortcodes.php *\/\n\t\t\t<\/style>\n\t\t<div id='sc_gallery-5306' class='gallery element_classes galleryid-2725 gallery-columns-3 gallery-size-thumbnail file'><dl class='gallery-item'>\n\t\t\t\t<dt class='gallery-icon landscape'>\n\t\t\t\t\t<a href='https:\/\/life.npsumava.cz\/wp-content\/uploads\/2020\/01\/IMG_4872ozm-kopie.jpg'><img loading=\"lazy\" decoding=\"async\" width=\"150\" height=\"150\" src=\"https:\/\/life.npsumava.cz\/wp-content\/uploads\/2020\/01\/IMG_4872ozm-kopie-150x150.jpg\" class=\"attachment-thumbnail size-thumbnail\" alt=\"Feuchtgebiete in einer nat\u00fcrlichen Au \u00a9 Iva Bufkov\u00e1\" srcset=\"https:\/\/life.npsumava.cz\/wp-content\/uploads\/2020\/01\/IMG_4872ozm-kopie-150x150.jpg 150w, https:\/\/life.npsumava.cz\/wp-content\/uploads\/2020\/01\/IMG_4872ozm-kopie-85x85.jpg 85w, https:\/\/life.npsumava.cz\/wp-content\/uploads\/2020\/01\/IMG_4872ozm-kopie-80x80.jpg 80w\" sizes=\"auto, (max-width: 150px) 100vw, 150px\" \/><\/a>\n\t\t\t\t<\/dt><\/dl><dl class='gallery-item'>\n\t\t\t\t<dt class='gallery-icon landscape'>\n\t\t\t\t\t<a href='https:\/\/life.npsumava.cz\/wp-content\/uploads\/2020\/01\/IMG_7213zm-kopie.jpg'><img loading=\"lazy\" decoding=\"async\" width=\"150\" height=\"150\" src=\"https:\/\/life.npsumava.cz\/wp-content\/uploads\/2020\/01\/IMG_7213zm-kopie-150x150.jpg\" class=\"attachment-thumbnail size-thumbnail\" alt=\"Biber haben einen gro\u00dfen Einfluss auf die Gestaltung von Flusseinzugsgebieten \u00a9 Iva Bufkov\u00e1\" srcset=\"https:\/\/life.npsumava.cz\/wp-content\/uploads\/2020\/01\/IMG_7213zm-kopie-150x150.jpg 150w, https:\/\/life.npsumava.cz\/wp-content\/uploads\/2020\/01\/IMG_7213zm-kopie-85x85.jpg 85w, https:\/\/life.npsumava.cz\/wp-content\/uploads\/2020\/01\/IMG_7213zm-kopie-80x80.jpg 80w\" sizes=\"auto, (max-width: 150px) 100vw, 150px\" \/><\/a>\n\t\t\t\t<\/dt><\/dl><dl class='gallery-item'>\n\t\t\t\t<dt class='gallery-icon landscape'>\n\t\t\t\t\t<a href='https:\/\/life.npsumava.cz\/wp-content\/uploads\/2020\/01\/IMG_0726zm-kopie.jpg'><img loading=\"lazy\" decoding=\"async\" width=\"150\" height=\"150\" src=\"https:\/\/life.npsumava.cz\/wp-content\/uploads\/2020\/01\/IMG_0726zm-kopie-150x150.jpg\" class=\"attachment-thumbnail size-thumbnail\" alt=\"\u00dcberschwemmungen treten aufgrund fehlender Flussauen h\u00e4ufiger auf \u00a9 Iva Bufkov\u00e1\" srcset=\"https:\/\/life.npsumava.cz\/wp-content\/uploads\/2020\/01\/IMG_0726zm-kopie-150x150.jpg 150w, https:\/\/life.npsumava.cz\/wp-content\/uploads\/2020\/01\/IMG_0726zm-kopie-85x85.jpg 85w, https:\/\/life.npsumava.cz\/wp-content\/uploads\/2020\/01\/IMG_0726zm-kopie-80x80.jpg 80w\" sizes=\"auto, (max-width: 150px) 100vw, 150px\" \/><\/a>\n\t\t\t\t<\/dt><\/dl><br style=\"clear: both\" \/>\n\t\t\t<\/div>\n\n<h5><span style=\"color: #004b21;\"><strong>Das Leben im Fluss<br \/>\n<\/strong><\/span><\/h5>\n<p>In jedem Wasser lebt etwas (es sei denn, wir sp\u00fclen es mit Chlor). Das Flussleben variiert je nach Wassertemperatur, Lichtmenge und Sauerstoff. In den h\u00f6chsten Teilen ist das Wasser kristallklar \u2013 n\u00e4hrstoffarm, k\u00fchl und sauerstoffreich. In den mittleren Teilen ist es w\u00e4rmer, das Licht am Boden nimmt ab, der Sauerstoffgehalt ist m\u00e4\u00dfig. Und der langsame, warme, schl\u00e4ngelnde Fluss im Tiefland hat den geringsten Sauerstoffgehalt und daf\u00fcr den h\u00f6chsten N\u00e4hrstoffgehalt (Nitrateintr\u00e4ge von den Feldern sind ein Bonus). Dementsprechend ist \u00e4ndert sich die Zusammensetzung des Flusses sowohl pflanzlich als auch tierisch.<\/p>\n<p>In den Brunnen und in den Tiefen der Quellen sind es winzige Tiere ohne Farbe und ohne Augen, die geduldig darauf warten, dass sie im kalten Wasser etwas zu essen finden \u2013 manchmal f\u00e4llt sogar im Fr\u00fchling etwas herunter. In den Quellen, aber im Licht sind es \u00fcberraschend viele Quellschnecken und Quellmoose. In Quellbecken und -rinnsalen, die zu klein sind, um Forellen zu beherbergen, findet man Flohkrebse (quirlige Krustentiere mit einer L\u00e4nge von etwa einem Zentimeter), an Steinen festgesetzte Strudelw\u00fcrmer oder Wenigborster \u2013 \u00fcber zehn Zentimeter lang und \u00e4hnlich wie Nylonsaiten.<\/p>\n<div id=\"attachment_3255\" style=\"width: 310px\" class=\"wp-caption alignright\"><a href=\"https:\/\/life.npsumava.cz\/wp-content\/uploads\/2019\/04\/IMG_1215ozm.jpg\"><img loading=\"lazy\" decoding=\"async\" aria-describedby=\"caption-attachment-3255\" class=\"wp-image-3255 size-medium\" src=\"https:\/\/life.npsumava.cz\/wp-content\/uploads\/2019\/04\/IMG_1215ozm-300x200.jpg\" alt=\"\" width=\"300\" height=\"200\" srcset=\"https:\/\/life.npsumava.cz\/wp-content\/uploads\/2019\/04\/IMG_1215ozm-300x200.jpg 300w, https:\/\/life.npsumava.cz\/wp-content\/uploads\/2019\/04\/IMG_1215ozm.jpg 768w, https:\/\/life.npsumava.cz\/wp-content\/uploads\/2019\/04\/IMG_1215ozm-219x146.jpg 219w, https:\/\/life.npsumava.cz\/wp-content\/uploads\/2019\/04\/IMG_1215ozm-50x33.jpg 50w, https:\/\/life.npsumava.cz\/wp-content\/uploads\/2019\/04\/IMG_1215ozm-113x75.jpg 113w\" sizes=\"auto, (max-width: 300px) 100vw, 300px\" \/><\/a><p id=\"caption-attachment-3255\" class=\"wp-caption-text\">Sumpfdotterblume (Caltha palustris)<\/p><\/div>\n<p>Wenn man das Rinnsal schon Bach nennen kann, werden Sie wahrscheinlich auf Forellen, Groppen und Neunaugen mit ihrer wundersamen kreisf\u00f6rmigen Mund\u00f6ffnung treffen. Sie verbringen den gr\u00f6\u00dften Teil ihres Lebens als Larven \u2013\u00a0 Querder \u2013 in feinen Sedimenten begraben, wo sie ihre Nahrung durch das Maul filtern. Erwachsene leben nur Tage bis Wochen \u2013 sie laichen nur, gr\u00fcnden die n\u00e4chste Generation und sterben. Die Larve genie\u00dft das Leben mehr, normalerweise vier bis f\u00fcnf Jahre.<\/p>\n<p>Wirbellose Landtiere kommen in B\u00e4chen und Fl\u00fcssen vor und verbringen den gr\u00f6\u00dften Teil ihres Lebens als Wasserlarven. Die Eintagsfliege hat kein kurzlebiges Leben \u2013 die Larve lebt mehrere Jahre im Wasser und stirbt erst nach dem Hochzeitstanz \u00fcber der Oberfl\u00e4che. Wir k\u00f6nnen auch auf Wasserbauer treffen. K\u00f6cherfliegen bauen ihren &#8222;K\u00f6cher&#8220; aus kleinen Steinen und Holzteilen. Andere hingegen bauen keine H\u00e4user und warten lieber gegen die Str\u00f6mung im Bach auf Nahrung. Nat\u00fcrlich verschl\u00e4gt es die im Bach lebenden Larven ihn und wieder stromabw\u00e4rts \u2013 eine der Aufgaben der gefl\u00fcgelten Erwachsenen ist also der Flug den Fluss hinauf \u2013 damit die neue Generation wieder vom Bach nach unten getrieben werden kann. Und einige haben Taxis genommen \u2013 zum Beispiel sind die Larven der Flussperlmuscheln, die winzigen Glochidien, an den Kiemen der Forelle befestigt, an denen sie gef\u00fcttert und getragen werden. Erwachsene Muscheln sitzen dann einfach im Kies und warten auf das, was kommt. Im Bach wogen sich der gr\u00fcne Wasserhahnenfu\u00df, das Tausendblatt und der Wasserstern.<\/p>\n<p>Gr\u00f6\u00dfere Fl\u00fcsse beherbergen bereits gr\u00f6\u00dfere Arten \u2013 \u00c4schen treten mit zunehmendem Wasser auf, es sei denn, ihnen wird von Wasserkraftturbinen sowie lang wandernden Aalen und Lachsen der Garaus gemacht. Am Boden halten sich Barben, Karpfen, Welse und oben Hechte, Rapfen und Zander auf. Am Grund sind Schlammr\u00f6hrenw\u00fcrmer in den Boden gebohrt, M\u00fcckenlarven verschmelzen mit der Wasseroberfl\u00e4che \u2013 der Sauerstoffgehalt im Wasser ist niedrig also atmen sie den aus der Luft. Sie finden auch Teichmuscheln, Flussmuscheln, Wasserspinnen, Gelbrandk\u00e4fer und an der Oberfl\u00e4che den Gemeinen Wasserl\u00e4ufer oder den Gemeinen R\u00fcckenschwimmer. Auf der Oberfl\u00e4che breiten sich Seerosen, Teichrosen und zarte gr\u00fcne Wasserlinsen aus, unter der Oberfl\u00e4che ber\u00fchrt die Wasserpest Schwimmer an den F\u00fc\u00dfen. Das Wasser ist eher br\u00e4unlichgr\u00fcn als durchsichtig, es gibt gen\u00fcgend W\u00e4rme, es besteht keine Gefahr des Austrocknens.<\/p>\n<h5><span style=\"color: #004b21;\"><strong>Fl\u00fcsse im Leben<br \/>\n<\/strong><\/span><\/h5>\n<p>Der Fluss ist ein Element. Er bringt Wasser zur M\u00fchle und tr\u00e4gt Schiffe, kann aber auch Leben nehmen.<\/p>\n<p>Der mythische Fluss L\u00e9th\u00e9 ist ein Wasser der Vergessenheit, das in den bekannteren Styx flie\u00dft, der um das Reich der Toten flie\u00dft.<\/p>\n<p>Der Fluss hat eine starke religi\u00f6se Bedeutung \u2013 im Judentum, Christentum und Hinduismus. Inder sp\u00fclen S\u00fcnden direkt im Fluss weg, Christen symbolisch w\u00e4hrend der Taufe, die die Wiederholung der Taufe Jesu in Jordanien ist.<\/p>\n<p>Br\u00fccken verbinden verschiedene Landschaften. Oft bilden Fl\u00fcsse Staatsgrenzen, hier geh\u00f6rt das Ufer uns und wer sich hinter dem Wasser befindet &#8230; ist schon ein Fremder.<\/p>\n<p>Wie viele St\u00e4dte oder D\u00f6rfer kennen Sie, die nicht mindestens an einem kleinen Fluss liegen? Die Ansiedlung von Fl\u00fcssen war sicherlich nicht nur hygienischen Gr\u00fcnden geschuldet, sondern auch der au\u00dferordentlichen Anziehungskraft von sprudelndem Wasser. Es erinnert an vergangene Zeiten, bringt aber auch neue.<\/p>\n<h5><span style=\"color: #004b21;\"><strong>Gekr\u00fcmmt, gerade, Revitalisierung<br \/>\n<\/strong><\/span><\/h5>\n<p>Die Menschen haben viel Zeit damit verbracht, den Fluss zu b\u00e4ndigen, was in den letzten Jahrhunderten am intensivsten vorkam, und die Fl\u00fcsse haben mehr als ein Drittel ihrer L\u00e4nge verloren. Die M\u00e4ander verwandelten sich in abgeschnittene Becken, die im besten Fall Feuchtgebiete blieben (und haupts\u00e4chlich mit Grundwasser ges\u00e4ttigt waren), im schlimmsten Fall blieb von ihnen keine Spur. Aber das Wasser erinnert sich \u2013 und wenn es genug davon gibt, wird es die Herrschaft \u00fcbernehmen und die Auen von oben \u00fcberfluten oder das Grundwasser wird in die ehemaligen Flussarme gelangen, Feld hin oder her.<\/p>\n<p>Die Fl\u00fcsse sind gr\u00f6\u00dftenteils zu Abwasserkan\u00e4len geworden, tiefe begradigte Linien mit einem trapezf\u00f6rmigen Trog, um das Wasser so schnell wie m\u00f6glich abzuleiten. Und was f\u00fcr eine \u00dcberraschung, das Wasser fehlt pl\u00f6tzlich in der Landschaft, der Boden trocknet aus, erw\u00e4rmt sich, es bilden sich Risse. Staud\u00e4mme werden es nicht retten, sie eignen sich eher zur Versorgung von St\u00e4dten mit Trinkwasser oder als Wasserquelle f\u00fcr die Industrie. Au\u00dferdem fehlt im Flussbett h\u00e4ufig Wasser \u2013 und nur in den abwechselnd tiefen und flachen nat\u00fcrlichen Flussbett bleiben mindestens kleine Wasserteiche, in denen sich Wassertiere konzentrieren und im trockenen Sommer auf Regen warten. Wir versuchen, dem abzuhelfen \u2013 die B\u00e4che gewinnen ihre nat\u00fcrliche Form wieder, das Bachbett muss flach und breit mit einem variablen Untergrund sein, je nach Art der Landschaft und des treibenden Materials m\u00e4anderf\u00f6rmig oder wild. Und das Wasser seinen eigenen Weg finden lassen. Man muss vom Wald und von der Quelle ausgehen \u2013 deshalb konzentriert sich das Projekt LIFE for MIRES nicht nur auf Moore, sondern auch auf kleine Gebirgswaldb\u00e4che, die nach und nach zur Otava (Wottawa) und Moldau werden. Und es wird nur langfristig gut sein, wenn diese Prinzipien auch in der stark gesch\u00e4digten Flusslandschaft, im Flachland und in der Agrarlandschaft umgesetzt werden k\u00f6nnen.<\/p>\n<p><img loading=\"lazy\" decoding=\"async\" class=\"alignnone wp-image-3327 \" src=\"https:\/\/life.npsumava.cz\/wp-content\/uploads\/2019\/04\/IMG_2453ozm_dlouh\u00fd-3-300x82.jpg\" alt=\"\" width=\"929\" height=\"254\" srcset=\"https:\/\/life.npsumava.cz\/wp-content\/uploads\/2019\/04\/IMG_2453ozm_dlouh\u00fd-3-300x82.jpg 300w, https:\/\/life.npsumava.cz\/wp-content\/uploads\/2019\/04\/IMG_2453ozm_dlouh\u00fd-3-768x211.jpg 768w, https:\/\/life.npsumava.cz\/wp-content\/uploads\/2019\/04\/IMG_2453ozm_dlouh\u00fd-3-1024x281.jpg 1024w, https:\/\/life.npsumava.cz\/wp-content\/uploads\/2019\/04\/IMG_2453ozm_dlouh\u00fd-3-260x71.jpg 260w, https:\/\/life.npsumava.cz\/wp-content\/uploads\/2019\/04\/IMG_2453ozm_dlouh\u00fd-3-50x14.jpg 50w, https:\/\/life.npsumava.cz\/wp-content\/uploads\/2019\/04\/IMG_2453ozm_dlouh\u00fd-3-150x41.jpg 150w, https:\/\/life.npsumava.cz\/wp-content\/uploads\/2019\/04\/IMG_2453ozm_dlouh\u00fd-3.jpg 1536w\" sizes=\"auto, (max-width: 929px) 100vw, 929px\" \/><\/p>\n<hr \/>\n","protected":false},"excerpt":{"rendered":"<p>Wasser \u00e4hnelt in vielerlei Hinsicht einem Menschen \u2013 zum Beispiel sucht es den einfachsten Weg und man kann es kaum bergauf bewegen. Und weil diese einfachen<span class=\"excerpt-hellip\"> [\u2026]<\/span><\/p>\n","protected":false},"author":2,"featured_media":0,"parent":2721,"menu_order":0,"comment_status":"closed","ping_status":"closed","template":"","meta":{"footnotes":""},"class_list":["post-2725","page","type-page","status-publish","hentry"],"_links":{"self":[{"href":"https:\/\/life.npsumava.cz\/de\/wp-json\/wp\/v2\/pages\/2725","targetHints":{"allow":["GET"]}}],"collection":[{"href":"https:\/\/life.npsumava.cz\/de\/wp-json\/wp\/v2\/pages"}],"about":[{"href":"https:\/\/life.npsumava.cz\/de\/wp-json\/wp\/v2\/types\/page"}],"author":[{"embeddable":true,"href":"https:\/\/life.npsumava.cz\/de\/wp-json\/wp\/v2\/users\/2"}],"replies":[{"embeddable":true,"href":"https:\/\/life.npsumava.cz\/de\/wp-json\/wp\/v2\/comments?post=2725"}],"version-history":[{"count":7,"href":"https:\/\/life.npsumava.cz\/de\/wp-json\/wp\/v2\/pages\/2725\/revisions"}],"predecessor-version":[{"id":5201,"href":"https:\/\/life.npsumava.cz\/de\/wp-json\/wp\/v2\/pages\/2725\/revisions\/5201"}],"up":[{"embeddable":true,"href":"https:\/\/life.npsumava.cz\/de\/wp-json\/wp\/v2\/pages\/2721"}],"wp:attachment":[{"href":"https:\/\/life.npsumava.cz\/de\/wp-json\/wp\/v2\/media?parent=2725"}],"curies":[{"name":"wp","href":"https:\/\/api.w.org\/{rel}","templated":true}]}}