{"id":2724,"date":"2019-01-23T16:43:39","date_gmt":"2019-01-23T15:43:39","guid":{"rendered":"http:\/\/life.npsumava.cz\/o-vode-a-mokradech\/o-raselinistich\/"},"modified":"2020-01-03T11:08:53","modified_gmt":"2020-01-03T10:08:53","slug":"uber-moore","status":"publish","type":"page","link":"https:\/\/life.npsumava.cz\/de\/uber-wasser-und-feuchtgebiete\/uber-moore\/","title":{"rendered":"\u00dcber Moore"},"content":{"rendered":"<p><strong>Moore sind eine besondere Art von Feuchtgebieten, in denen Torf oder Moor abgelagert wird. Sie gedeihen am besten in kalten und feuchten Gegenden mit viel Niederschlag. Torf oder Moor sind eigentlich tote Pflanzenreste, die sich schlecht zersetzen und sich in sauerstoffarmen Feuchtgebieten ansammeln. So tragen die Pflanzen selbst zur Bildung des Substrats bei, auf dem sie dann wachsen und die Umwelt, in der sie leben, aktiv beeinflussen.<\/strong><\/p>\n<hr \/>\n<p>In unserer Natur gibt es verschiedene Arten von Mooren. Ihre Unterschiede ergeben sich haupts\u00e4chlich aus der Art und Weise des Wasserhaushalts, was f\u00fcr ihre Existenz von entscheidender Bedeutung ist. Wir unterscheiden ombrotrophe Moore (Hochmoore), die nur von extrem n\u00e4hrstoffarmem Niederschlagswasser abh\u00e4ngig sind. Im Gegensatz zu minerotrophe Mooren (Niedermoore), die auch mit Grund- oder Oberfl\u00e4chenwasser mit verschiedenen Mineralgehalten ges\u00e4ttigt sind und wichtige N\u00e4hrstoffe f\u00fcr Pflanzen bereitstellen. Wie \u00fcberall in der Natur gibt es jedoch unterschiedliche \u00dcberg\u00e4nge zwischen den beiden Typen. \u00c4nderungen k\u00f6nnen auch w\u00e4hrend der Entwicklung einzelner Moore auftreten. Beispielsweise erhielten gro\u00dfe Hochmoore, die nur noch vom Regenwasser abh\u00e4ngig sind, zu Beginn ihrer Entwicklung Grundwasser und sahen so aus wie Niedermoore.<\/p>\n<h5><span style=\"color: #004b21;\"><strong>Minerotrophe Moore<br \/>\n<\/strong><\/span><\/h5>\n<div id=\"attachment_3857\" style=\"width: 310px\" class=\"wp-caption alignright\"><a href=\"https:\/\/life.npsumava.cz\/wp-content\/uploads\/2019\/04\/IMG_3774zm-1.jpg\"><img loading=\"lazy\" decoding=\"async\" aria-describedby=\"caption-attachment-3857\" class=\"wp-image-3857 size-medium\" src=\"https:\/\/life.npsumava.cz\/wp-content\/uploads\/2019\/04\/IMG_3774zm-1-300x200.jpg\" alt=\"\" width=\"300\" height=\"200\" srcset=\"https:\/\/life.npsumava.cz\/wp-content\/uploads\/2019\/04\/IMG_3774zm-1-300x200.jpg 300w, https:\/\/life.npsumava.cz\/wp-content\/uploads\/2019\/04\/IMG_3774zm-1.jpg 768w, https:\/\/life.npsumava.cz\/wp-content\/uploads\/2019\/04\/IMG_3774zm-1-219x146.jpg 219w, https:\/\/life.npsumava.cz\/wp-content\/uploads\/2019\/04\/IMG_3774zm-1-50x33.jpg 50w, https:\/\/life.npsumava.cz\/wp-content\/uploads\/2019\/04\/IMG_3774zm-1-113x75.jpg 113w\" sizes=\"auto, (max-width: 300px) 100vw, 300px\" \/><\/a><p id=\"caption-attachment-3857\" class=\"wp-caption-text\">Minerotrophe Moore<\/p><\/div>\n<p>Niedermoore sind minerotrophe Moore mit verschiedenen Seggen und Moosen. Je nach Kalkgehalt k\u00f6nnen kalkhaltige und nicht kalkhaltige Niedermoore unterschieden werden. Die kalkhaltigen Moore befinden sich am n\u00e4chsten in Po\u0161umav\u00ed, wo sie an Einlagen aus kristallinem Kalkstein gebunden sind. Nicht kalkhaltige Moos-Niedermoore sind typisch f\u00fcr den B\u00f6hmerwald. Meist handelt es sich dabei um Torfseggenwiesen, die aus abgeholzten Gebieten stammten und von der traditionellen Landwirtschaft als Streuwiesen gepflegt wurden. Hierbei handelt es sich um artenreiche W\u00e4lder, deren typischer Bestandteil zum Beispiel Braun-Segge, Hirse-Segge, Breitbl\u00e4ttriges Knabenkraut oder\u00a0 Sumpf-L\u00e4usekraut ist. Extrem seltene und vom Aussterben bedrohte Arten sind haupts\u00e4chlich an Orten mit mineralreichem Grundwasser gebunden. Solche Orte bereichern die Flora des B\u00f6hmerwaldes mit einer Reihe seltener Arten wie Zweih\u00e4usige Segge oder Alpen-Rasenbinse. Im Moor w\u00e4chst eine der wertvollsten B\u00f6hmerwald-Orchideen \u2013 Traunsteiners Knabenkraut.<\/p>\n<h5><span style=\"color: #004b21;\"><strong>\u00dcbergangsmoore<\/strong><\/span><\/h5>\n<p>\u00dcbergangsmoore sind Moore, die vom Grundwasser etwas weniger ges\u00e4ttigt sind, haupts\u00e4chlich aufgrund einer dickeren Torfschicht. Der Einfluss von Regenwasser ist umso deutlicher. Sie sind saurer, Torfmoose k\u00f6nnen auf ihnen hervorragend gedeihen, so dass sie einen zusammenh\u00e4ngenden Teppich bilden. Am h\u00e4ufigsten sind sie im B\u00f6hmerwald in Form von n\u00e4hrstoffarmen Sumpfland mit sp\u00e4rlicher Vegetation der Schnabel-Segge zu finden.<\/p>\n<h5><span style=\"color: #004b21;\"><strong>Moorwald<\/strong><\/span><\/h5>\n<div id=\"attachment_3858\" style=\"width: 310px\" class=\"wp-caption alignright\"><a href=\"https:\/\/life.npsumava.cz\/wp-content\/uploads\/2019\/04\/IMG_3769zm-1.jpg\"><img loading=\"lazy\" decoding=\"async\" aria-describedby=\"caption-attachment-3858\" class=\"wp-image-3858 size-medium\" src=\"https:\/\/life.npsumava.cz\/wp-content\/uploads\/2019\/04\/IMG_3769zm-1-300x200.jpg\" alt=\"\" width=\"300\" height=\"200\" srcset=\"https:\/\/life.npsumava.cz\/wp-content\/uploads\/2019\/04\/IMG_3769zm-1-300x200.jpg 300w, https:\/\/life.npsumava.cz\/wp-content\/uploads\/2019\/04\/IMG_3769zm-1-768x512.jpg 768w, https:\/\/life.npsumava.cz\/wp-content\/uploads\/2019\/04\/IMG_3769zm-1-219x146.jpg 219w, https:\/\/life.npsumava.cz\/wp-content\/uploads\/2019\/04\/IMG_3769zm-1-50x33.jpg 50w, https:\/\/life.npsumava.cz\/wp-content\/uploads\/2019\/04\/IMG_3769zm-1-113x75.jpg 113w, https:\/\/life.npsumava.cz\/wp-content\/uploads\/2019\/04\/IMG_3769zm-1.jpg 780w\" sizes=\"auto, (max-width: 300px) 100vw, 300px\" \/><\/a><p id=\"caption-attachment-3858\" class=\"wp-caption-text\">Moorwald<\/p><\/div>\n<p>Ist eine weniger auff\u00e4llige, aber am weitesten verbreitete Moorart im B\u00f6hmerwald. Moorwald umgibt oft Quellen, flankiert Hochmoore oder bildet gro\u00dfen Waldbestand in feuchten T\u00e4lern entlang von B\u00e4chen. Ein typisches Merkmal ist ein \u00fcppiger Moosboden, der haupts\u00e4chlich aus Torfmoos besteht. Auf dem Kr\u00e4uterboden gibt es h\u00e4ufig Heidelbeeren, Preiselbeeren oder Sprossenden B\u00e4rlapp, selten sieht man auch die Waldorchidee Kleines Zweiblatt.<\/p>\n<h5><span style=\"color: #004b21;\"><strong>Hochmoore<\/strong><\/span><\/h5>\n<p>Sie sind die bekannteste und auff\u00e4lligste Art von Mooren. Sie zeichnen sich durch eine wenige Meter tiefe Torfschicht aus, durch die sie sich \u00fcber die umgebende Landschaft erheben. Das Grundwasser dringt nicht mehr durch den Torfk\u00f6rper und die Moore sind daher haupts\u00e4chlich mit Regenwasser ges\u00e4ttigt. Dies schafft eine extreme Umgebung, die sich von der umgebenden Landschaft unterscheidet. In unserer Landschaft sind sie seltene Inseln alpiner und nordeurop\u00e4ischer Lebensr\u00e4ume, die an die letzte Eiszeit erinnern.<\/p>\n<p>Im B\u00f6hmerwald haben sich zwei Grundtypen von Hochmooren entwickelt. Gebirgshochmoore mit Seen, die sich um die Quellen im zentralen Gebirgsteil auf einer H\u00f6he von etwa 1000 m gebildet haben und durch eine raue Oberfl\u00e4che mit H\u00fcgeln, Plattformen, Vertiefungen und Teichen gekennzeichnet sind. Eines der spektakul\u00e4rsten Hochmoore sind die <a href=\"https:\/\/life.npsumava.cz\/lokality\/#lokalita01\"><strong>Rokytsk\u00e9 slat\u011b<\/strong>.<\/a><\/p>\n<p>Die Tal-Hochmoore entwickelten sich im Tal gr\u00f6\u00dferer Fl\u00fcsse entlang der Str\u00f6me Moldau und K\u0159emeln\u00e1.\u00a0 An offenen Stellen sind sie mit einer Vegetation ohne Waldarten mit vorherrschenden Bulten und B\u00fcschen bedeckt oder sie sind vollst\u00e4ndig mit Waldvegetation aus Moorkiefern bedeckt. Dazu geh\u00f6rt das gr\u00f6\u00dfte Moorgebiet B\u00f6hmens \u2013 Mrtv\u00fd luh im Moldau-Tal mit einer Fl\u00e4che von rund 300 Hektar. Das gr\u00f6\u00dfte Tal-Hochmoor im K\u0159emeln\u00e1-Becken ist die <strong><a href=\"https:\/\/life.npsumava.cz\/lokality\/#lokalita20\">H\u016freck\u00e1 sla\u0165<\/a><\/strong>.<\/p>\n<p>&nbsp;<\/p>\n\t\t\t<rs-module-wrap id=\"rev_slider_error_1_wrapper\">\n\t\t\t\t<rs-module id=\"rev_slider_error_1\">\n\t\t\t\t\t<div class=\"rs_error_message_box\">\n\t\t\t\t\t\t<div class=\"rs_error_message_oops\">There is nothing to show here!<\/div>\n\t\t\t\t\t\t<div class=\"rs_error_message_content\">Slider with alias pokusvideo not found.<\/div>\n\t\t\t\t\t<\/div>\n\t\t\t\t<\/rs-module>\n\t\t\t<\/rs-module-wrap>\n\t\t\t<script>\n\t\t\t\tvar rs_eslider = document.getElementById(\"rev_slider_error_1\");\n\t\t\t\trs_eslider.style.display = \"none\";\n\t\t\t\tconsole.log(\"Slider with alias pokusvideo not found.\");\n\t\t\t<\/script>\n\n<p>&nbsp;<\/p>\n<p>An den Hochmooren herrschen sehr ung\u00fcnstige Bedingungen, die einer besonderen Anpassung bed\u00fcrfen. Lebende Organismen m\u00fcssen mit permanentem Staun\u00e4sse, N\u00e4hrstoffmangel, kalter Umgebung und starken Temperaturschwankungen \u2013 starken Fr\u00f6sten und \u00dcberhitzung \u2013 fertig werden.\u00a0 Der Temperaturunterschied, der w\u00e4hrend des Sommertages (und der Nacht) gemessen wird, kann bis zu unglaublichen 40 \u00b0C betragen. Dies liegt an der Tatsache, dass T\u00e4ler h\u00e4ufig \u201eFrostl\u00f6cher\u201c mit einer signifikanten Temperaturumkehr sind, in denen es auch im Sommer zu Nachtfr\u00f6sten kommen kann. Aufgrund der extremen Bedingungen sind in den S\u00fcmpfen viele seltene Pflanzen- und Tierarten beheimatet, denen wir in unserer Landschaft nirgendwo anders begegnen. Einige von ihnen sind hier seit dem Ende der Eiszeit erhalten und werden als Gletscherreliquien bezeichnet.<\/p>\n<p>Die wichtigsten Organismen in Mooren sind die Moose Sphagnopsida, die perfekt an diese Umgebung angepasst sind. Sie haben die besondere F\u00e4higkeit, am oberen Ende st\u00e4ndig zu wachsen, w\u00e4hrend die unteren Teile absterben, sich komprimieren und Teil der Torfschicht werden. Sie k\u00f6nnen eine gro\u00dfe Menge Wasser aufnehmen \u2013 sie wachsen in dicken Kissen, auf denen das Wasser aufsteigt. Dar\u00fcber hinaus besteht ihr K\u00f6rper aus zwei Arten von Zellen \u2013 winzige gr\u00fcne Zellen dienen der Photosynthese und gro\u00dfe leere Zellen als Wasserspeicher (Hyalozysten).<\/p>\n<p>Unter den h\u00f6heren Pflanzen gedeihen B\u00fcsche der Heidekrautgew\u00e4chse auf den S\u00fcmpfen. Dazu geh\u00f6ren die Rosmarinheide, die Rauschbeere, die Gew\u00f6hnliche Moosbeere oder die weniger verbreitete Schwarze Kr\u00e4henbeere, die Besenheide ist in den T\u00e4lern reichlich vertreten. Feuchte Standorte bevorzugen Arten aus der Familie der Sauergrasgew\u00e4chse. Torfteiche sind mit Schlamm-Segge- oder Blumenbinse bewachsen.\u00a0 Auf den Plattformen der Gebirgshochmoore bildet sich eine durchgehende Vegetation aus Rasenbinse, auf den Bulten gedeiht das Scheiden-Wollgras.<\/p>\n<p>Fleischfressende Pflanzen, die ihre Ern\u00e4hrung durch das Einfangen von Insekten erg\u00e4nzen, haben sich perfekt an den N\u00e4hrstoffmangel angepasst. Die bekanntesten sind Sonnentau \u2013 der Rundbl\u00e4ttrige Sonnentau ist ziemlich h\u00e4ufig, der Langbl\u00e4ttrige Sonnentau ist viel seltener. Eine andere fleischfressende Pflanze mit massiven hellgr\u00fcnen Bl\u00e4ttern ist das Gemeine Fettkraut. Seltener ist der fleischfressende Kleine Wasserschlauch.<\/p>\n<p>Viele seltene und speziell angepasste Arten kommen auch bei Wirbellosen vor. Sie sind h\u00e4ufig Nahrungsspezialisten, bei denen erwachsene Tiere oder Entwicklungsstadien an Moore gebunden sind. Beispielsweise fressen die Raupen des Randring-Perlmuttfalters ausschlie\u00dflich Moosbeeren, die Raupen des Hochmoorgelblings nur die Bl\u00e4tter der Rauschbeere. Die Sonnentau-Motte hat eine spezielle Strategie entwickelt, bei der ihre Raupen Bl\u00e4tter von insektenfressendem Sonnentau von unten fressen, damit sie nicht von klebrigen Dr\u00fcsen erfasst werden und selbst nicht zur Nahrung werden.<img loading=\"lazy\" decoding=\"async\" class=\" wp-image-3742 alignright\" src=\"https:\/\/life.npsumava.cz\/wp-content\/uploads\/2019\/04\/tetrev_tetrivek_tanec-300x212.jpg\" alt=\"\" width=\"386\" height=\"273\" srcset=\"https:\/\/life.npsumava.cz\/wp-content\/uploads\/2019\/04\/tetrev_tetrivek_tanec-300x212.jpg 300w, https:\/\/life.npsumava.cz\/wp-content\/uploads\/2019\/04\/tetrev_tetrivek_tanec-207x146.jpg 207w, https:\/\/life.npsumava.cz\/wp-content\/uploads\/2019\/04\/tetrev_tetrivek_tanec-50x35.jpg 50w, https:\/\/life.npsumava.cz\/wp-content\/uploads\/2019\/04\/tetrev_tetrivek_tanec-106x75.jpg 106w, https:\/\/life.npsumava.cz\/wp-content\/uploads\/2019\/04\/tetrev_tetrivek_tanec.jpg 486w\" sizes=\"auto, (max-width: 386px) 100vw, 386px\" \/><\/p>\n<p>Zu den Wirbellosen geh\u00f6rt eine wichtige K\u00e4ferart, der Hochmoorlaufk\u00e4fer. Er ist k\u00e4lteliebend und jagt daher nachts und \u00fcberwindet die Sommerhitze mit einem Sommerschlaf. W\u00e4hrend der mehr als ein halbes Jahr dauernden \u00dcberwinterung kriecht er tief in das Torfmoos.<\/p>\n<p>Abwechslungsreiches Leben ist auch an Torfteiche gebunden. In ihrer Umgebung jagen Klein- und Gro\u00dflibellen, darunter Arten, die ausschlie\u00dflich in Torfmooren leben. Im dunklen Wasser der Teiche jagen ihre Raublarven. Kleine Wassertiere werden auch von r\u00e4uberischen Wasserwanzen \u2013 dem Gemeinen R\u00fcckenschwimmer und der Ruderwanze <em>Corixa punctata<\/em> \u2013 gejagt. Hier leben auch die Larven der k\u00e4lteliebenden nordischen M\u00fccken oder die unglaublich vielf\u00e4ltigen mikroskopisch kleinen Zieralgen.<\/p>\n<p>Unter den Wirbeltieren gibt es im B\u00f6hmerwald keine Arten, die ausschlie\u00dflich im Moor leben. Oft begegnet uns eine Waldeidechse oder eine Kreuzotter, die sich gerne im in waldfreien Gebieten sonnen. Die besondere Landschaft von Mooren und verwandten Torfwiesen passt auch zum Birkhuhn, das hier gen\u00fcgend Futter und Unterst\u00e4nde findet und geeignete Freifl\u00e4chen zur Balz nutzt.<\/p>\n<p>&nbsp;<\/p>\n<hr \/>\n","protected":false},"excerpt":{"rendered":"<p>Moore sind eine besondere Art von Feuchtgebieten, in denen Torf oder Moor abgelagert wird. Sie gedeihen am besten in kalten und feuchten Gegenden mit viel Niederschlag.<span class=\"excerpt-hellip\"> [\u2026]<\/span><\/p>\n","protected":false},"author":2,"featured_media":0,"parent":2721,"menu_order":0,"comment_status":"closed","ping_status":"closed","template":"","meta":{"footnotes":""},"class_list":["post-2724","page","type-page","status-publish","hentry"],"_links":{"self":[{"href":"https:\/\/life.npsumava.cz\/de\/wp-json\/wp\/v2\/pages\/2724","targetHints":{"allow":["GET"]}}],"collection":[{"href":"https:\/\/life.npsumava.cz\/de\/wp-json\/wp\/v2\/pages"}],"about":[{"href":"https:\/\/life.npsumava.cz\/de\/wp-json\/wp\/v2\/types\/page"}],"author":[{"embeddable":true,"href":"https:\/\/life.npsumava.cz\/de\/wp-json\/wp\/v2\/users\/2"}],"replies":[{"embeddable":true,"href":"https:\/\/life.npsumava.cz\/de\/wp-json\/wp\/v2\/comments?post=2724"}],"version-history":[{"count":7,"href":"https:\/\/life.npsumava.cz\/de\/wp-json\/wp\/v2\/pages\/2724\/revisions"}],"predecessor-version":[{"id":4948,"href":"https:\/\/life.npsumava.cz\/de\/wp-json\/wp\/v2\/pages\/2724\/revisions\/4948"}],"up":[{"embeddable":true,"href":"https:\/\/life.npsumava.cz\/de\/wp-json\/wp\/v2\/pages\/2721"}],"wp:attachment":[{"href":"https:\/\/life.npsumava.cz\/de\/wp-json\/wp\/v2\/media?parent=2724"}],"curies":[{"name":"wp","href":"https:\/\/api.w.org\/{rel}","templated":true}]}}