{"id":2723,"date":"2019-01-23T16:46:45","date_gmt":"2019-01-23T15:46:45","guid":{"rendered":"http:\/\/life.npsumava.cz\/o-vode-a-mokradech\/co-je-ramsarska-umluva\/"},"modified":"2020-01-31T14:22:48","modified_gmt":"2020-01-31T13:22:48","slug":"was-ist-das-ramsar-konvention","status":"publish","type":"page","link":"https:\/\/life.npsumava.cz\/de\/uber-wasser-und-feuchtgebiete\/was-ist-das-ramsar-konvention\/","title":{"rendered":"Was ist das Ramsar-Konvention"},"content":{"rendered":"<p><img loading=\"lazy\" decoding=\"async\" class=\"wp-image-3836 alignleft\" src=\"https:\/\/life.npsumava.cz\/wp-content\/uploads\/2019\/04\/ramsarnew0-275x300.jpg\" alt=\"\" width=\"102\" height=\"111\" srcset=\"https:\/\/life.npsumava.cz\/wp-content\/uploads\/2019\/04\/ramsarnew0-275x300.jpg 275w, https:\/\/life.npsumava.cz\/wp-content\/uploads\/2019\/04\/ramsarnew0-134x146.jpg 134w, https:\/\/life.npsumava.cz\/wp-content\/uploads\/2019\/04\/ramsarnew0-46x50.jpg 46w, https:\/\/life.npsumava.cz\/wp-content\/uploads\/2019\/04\/ramsarnew0-69x75.jpg 69w, https:\/\/life.npsumava.cz\/wp-content\/uploads\/2019\/04\/ramsarnew0.jpg 311w\" sizes=\"auto, (max-width: 102px) 100vw, 102px\" \/><\/p>\n<p><strong>Das \u00dcbereinkommen \u00fcber Feuchtgebiete von internationaler Bedeutung wurde von den ersten Staaten am 2.\u00a0Februar 1971 in der iranischen Stadt Ramsar unterzeichnet \u2013 das &#8222;Ramsar-\u00dcbereinkommen&#8220;\u00a0 schafft einen Rahmen f\u00fcr den weltweiten Schutz und die weise Nutzung aller m\u00f6glichen Arten von Feuchtgebieten.<\/strong><\/p>\n<hr \/>\n<p>Das \u00dcbereinkommen \u00fcber Feuchtgebiete von internationaler Bedeutung wurde von den ersten Staaten am 2. Februar 1971 in der iranischen Stadt Ramsar unterzeichnet \u2013 das &#8222;Ramsar-\u00dcbereinkommen&#8220;\u00a0 schafft einen Rahmen f\u00fcr den weltweiten Schutz und die weise Nutzung aller m\u00f6glichen Arten von Feuchtgebieten.<\/p>\n<p>Die Tschechische Republik hat insgesamt 14 Feuchtgebiete in die gemeinsame \u201eListe der Feuchtgebiete von internationaler Bedeutung\u201c aufgenommen, und es ist kein Wunder, dass dazu das 1990 registrierte Gebiet RS (Ramsar Site) 1 \u201eMoore im B\u00f6hmerwald\u201c geh\u00f6rt. Zusammen mit den \u201eMooren von Kru\u0161n\u00e1 Hora\u201c (Kruschnahora) und den Feuchtgebieten von Doln\u00ed Podyj\u00ed ist es eines der gr\u00f6\u00dften in der Tschechischen Republik (\u00fcber 10 000 ha).<\/p>\n<p>Das Ramsargebiet \u201eMoore des B\u00f6hmerwaldes\u201c bildet einen zusammenh\u00e4ngenden Komplex von Berg- und Talfeuchtgebieten auf Torfb\u00f6den mit dem Charakter von n\u00f6rdlichen Tundrainseln, deren Fauna und Flora sehr spezifisch sind. Sie beherbergen viele seltene Arten, von denen viele als Gletscherrelikte bezeichnet werden k\u00f6nnen \u2013 \u00dcberreste der Eiszeit. Erw\u00e4hnenswert sind einige seltene Seggen (<em>Carex paupercula, C. pauciflora, C. limosa, C. chordorrhiza, C. diandra<\/em> usw.), fleischfressende Sonnentaue (<em>Drosera anglica, D. rotundifolia<\/em>) oder das in Fichtenmoorwald vorkommende Kleine Zweiblatt (<em>Listera cordata<\/em>). Eine gro\u00dfe Anzahl von wirbellosen Tieren wird durch Libellen (z.B. <em>Aeschna subarctica, Somatochlora alpestris<\/em> usw.), Schmetterlinge (z.B. <em>Pediasia truncatella, Colia palaeno <\/em>usw.), Spinnen oder den Hochmoorlaufk\u00e4fer (<em>Carabus men<\/em>etriesi) dargestellt. Zu den gr\u00f6\u00dferen Tieren z\u00e4hlen das Auerhuhn (<em>Tetrao urogallus<\/em>) oder das Birkhuhn (<em>Tetrao tetrix<\/em>) und seit kurzem auch der Graue Kranich (<em>Grus grus<\/em>). Eines der am st\u00e4rksten gef\u00e4hrdeten Tiere in der Moldau ist die Flussperlmuschel (<em>Margaritifera margaritifera<\/em>).<\/p>\n<p><a href=\"https:\/\/www.ramsar.org\/\"><span style=\"color: #004b21;\"><strong>Ramsar Convention official webpage<\/strong><\/span><\/a><\/p>\n<p>&nbsp;<\/p>\n<p>&nbsp;<\/p>\n<p><img loading=\"lazy\" decoding=\"async\" class=\"alignnone wp-image-3853\" src=\"https:\/\/life.npsumava.cz\/wp-content\/uploads\/2019\/04\/F16-2-300x142.jpg\" alt=\"\" width=\"910\" height=\"432\" srcset=\"https:\/\/life.npsumava.cz\/wp-content\/uploads\/2019\/04\/F16-2-300x142.jpg 300w, https:\/\/life.npsumava.cz\/wp-content\/uploads\/2019\/04\/F16-2-768x365.jpg 768w, https:\/\/life.npsumava.cz\/wp-content\/uploads\/2019\/04\/F16-2-1024x486.jpg 1024w, https:\/\/life.npsumava.cz\/wp-content\/uploads\/2019\/04\/F16-2-260x123.jpg 260w, https:\/\/life.npsumava.cz\/wp-content\/uploads\/2019\/04\/F16-2-50x24.jpg 50w, https:\/\/life.npsumava.cz\/wp-content\/uploads\/2019\/04\/F16-2-150x71.jpg 150w, https:\/\/life.npsumava.cz\/wp-content\/uploads\/2019\/04\/F16-2.jpg 1536w\" sizes=\"auto, (max-width: 910px) 100vw, 910px\" \/><\/p>\n<hr \/>\n","protected":false},"excerpt":{"rendered":"<p>Das \u00dcbereinkommen \u00fcber Feuchtgebiete von internationaler Bedeutung wurde von den ersten Staaten am 2.\u00a0Februar 1971 in der iranischen Stadt Ramsar unterzeichnet \u2013 das &#8222;Ramsar-\u00dcbereinkommen&#8220;\u00a0 schafft einen<span class=\"excerpt-hellip\"> [\u2026]<\/span><\/p>\n","protected":false},"author":2,"featured_media":0,"parent":2721,"menu_order":0,"comment_status":"closed","ping_status":"closed","template":"","meta":{"footnotes":""},"class_list":["post-2723","page","type-page","status-publish","hentry"],"_links":{"self":[{"href":"https:\/\/life.npsumava.cz\/de\/wp-json\/wp\/v2\/pages\/2723","targetHints":{"allow":["GET"]}}],"collection":[{"href":"https:\/\/life.npsumava.cz\/de\/wp-json\/wp\/v2\/pages"}],"about":[{"href":"https:\/\/life.npsumava.cz\/de\/wp-json\/wp\/v2\/types\/page"}],"author":[{"embeddable":true,"href":"https:\/\/life.npsumava.cz\/de\/wp-json\/wp\/v2\/users\/2"}],"replies":[{"embeddable":true,"href":"https:\/\/life.npsumava.cz\/de\/wp-json\/wp\/v2\/comments?post=2723"}],"version-history":[{"count":6,"href":"https:\/\/life.npsumava.cz\/de\/wp-json\/wp\/v2\/pages\/2723\/revisions"}],"predecessor-version":[{"id":5483,"href":"https:\/\/life.npsumava.cz\/de\/wp-json\/wp\/v2\/pages\/2723\/revisions\/5483"}],"up":[{"embeddable":true,"href":"https:\/\/life.npsumava.cz\/de\/wp-json\/wp\/v2\/pages\/2721"}],"wp:attachment":[{"href":"https:\/\/life.npsumava.cz\/de\/wp-json\/wp\/v2\/media?parent=2723"}],"curies":[{"name":"wp","href":"https:\/\/api.w.org\/{rel}","templated":true}]}}