{"id":2722,"date":"2019-01-23T16:46:26","date_gmt":"2019-01-23T15:46:26","guid":{"rendered":"http:\/\/life.npsumava.cz\/o-vode-a-mokradech\/co-je-natura-2000\/"},"modified":"2020-01-31T14:20:24","modified_gmt":"2020-01-31T13:20:24","slug":"was-ist-natura-2000","status":"publish","type":"page","link":"https:\/\/life.npsumava.cz\/de\/uber-wasser-und-feuchtgebiete\/was-ist-natura-2000\/","title":{"rendered":"Was ist Natura 2000"},"content":{"rendered":"<p><img loading=\"lazy\" decoding=\"async\" class=\"wp-image-3847 alignleft\" src=\"https:\/\/life.npsumava.cz\/wp-content\/uploads\/2019\/04\/natura2000-1.jpg\" alt=\"\" width=\"338\" height=\"270\" srcset=\"https:\/\/life.npsumava.cz\/wp-content\/uploads\/2019\/04\/natura2000-1.jpg 264w, https:\/\/life.npsumava.cz\/wp-content\/uploads\/2019\/04\/natura2000-1-183x146.jpg 183w, https:\/\/life.npsumava.cz\/wp-content\/uploads\/2019\/04\/natura2000-1-50x40.jpg 50w, https:\/\/life.npsumava.cz\/wp-content\/uploads\/2019\/04\/natura2000-1-94x75.jpg 94w\" sizes=\"auto, (max-width: 338px) 100vw, 338px\" \/><\/p>\n<p>&nbsp;<\/p>\n<p><strong><span lang=\"EN-US\">1978 wurde die EU-Vogelschutzrichtlinie (79\/409\/EWG) erlassen, 1992 die Fauna-Flora-Habitat-Richtlinie (92\/43\/EWG, FFH).\u00a0<\/span>Beide Richtlinien sind die Grundlage f\u00fcr den Erhalt und die Wiederherstellung der biologischen Vielfalt in den 28 Mitgliedstaaten der EU. Mit dem etablierten Natura-2000-Schutzgebietsnetz sowie den Regelungen zum Artenschutz schaffen sie in allen Mitgliedstaaten die Grundlage f\u00fcr den Erhalt wildlebender Tier- und Pflanzenarten. Das System besteht aus zwei Arten von Schutzgebieten, die sich an vielen Stellen \u00fcberlappen.<\/strong><\/p>\n<hr \/>\n<p><img loading=\"lazy\" decoding=\"async\" class=\" wp-image-3626 alignright\" src=\"https:\/\/life.npsumava.cz\/wp-content\/uploads\/2019\/04\/tet\u0159\u00edvci-300x140.jpg\" alt=\"\" width=\"326\" height=\"152\" srcset=\"https:\/\/life.npsumava.cz\/wp-content\/uploads\/2019\/04\/tet\u0159\u00edvci-300x140.jpg 300w, https:\/\/life.npsumava.cz\/wp-content\/uploads\/2019\/04\/tet\u0159\u00edvci-768x358.jpg 768w, https:\/\/life.npsumava.cz\/wp-content\/uploads\/2019\/04\/tet\u0159\u00edvci-260x121.jpg 260w, https:\/\/life.npsumava.cz\/wp-content\/uploads\/2019\/04\/tet\u0159\u00edvci-50x23.jpg 50w, https:\/\/life.npsumava.cz\/wp-content\/uploads\/2019\/04\/tet\u0159\u00edvci-150x70.jpg 150w, https:\/\/life.npsumava.cz\/wp-content\/uploads\/2019\/04\/tet\u0159\u00edvci.jpg 803w\" sizes=\"auto, (max-width: 326px) 100vw, 326px\" \/><\/p>\n<p>Die sog. Vogelschutzgebiete (SPA, <em>pecial protected area<\/em>) wurden auf der Grundlage des Fachwissens der Ornithologen ausgew\u00e4hlt und im Jahr 2004 ausgerufen. Das B\u00f6hmerwald-Vogelgebiet wurde f\u00fcr neun Vogelarten ausgerufen: Auerhuhn (Tetrao urogallus), Birkhuhn (Tetrao tetrix), Haselhuhn (Bonasa bonasia), Wachtelk\u00f6nig (Crex crex), Schwarzstorch (Ciconia nigra), Schwarzspecht (Dryocopus maritus), Sperlingskauz (Glaucidium passerinum), Raufu\u00dfkauz (Aegolius funereus), Dreizehenspecht (Picoides tridactylus). Zu den am st\u00e4rksten gef\u00e4hrdeten Arten geh\u00f6rt das Birkhuhn, dessen Best\u00e4nde in letzter Zeit stetig abnehmen. Eine der Hauptursachen f\u00fcr sein Verschwinden ist der Verlust geeigneter Lebensr\u00e4ume zus\u00e4tzlich zu menschlichen Eingriffen. F\u00fcr sein Leben braucht es ein Mosaik aus Mooren, offenen Wiesen- oder Weidefl\u00e4chen, Waldbest\u00e4nden unterschiedlichen Alters. Auch die Entw\u00e4sserung von Mooren und Auenfichtenw\u00e4ldern, wo das Birkhuhn geeignete Lebensr\u00e4ume mit ausreichender Nahrung fand, schadete ihm. Einige der Aktivit\u00e4ten des Projekts zielen direkt auf die Verbesserung seiner Umwelt ab (Wiederherstellung von Torfbiotopen, Auflichtung von Sukzessionsfl\u00e4chen, M\u00e4hen verbrachter Feuchtwiesen).<\/p>\n<p>Nachdem in den Jahren 2000 bis 2004 der aktuelle Zustand der nat\u00fcrlichen Lebensr\u00e4ume durch Kartierung nach einer einheitlichen Methodik ermittelt worden war, wurden die wertvollsten Teile der Tschechischen Republik als k\u00fcnftige Natura-2000-Gebiete von gemeinschaftlicher Bedeutung\u00a0 ausgerufen, es entstand die sog. nationale Liste. Es wurde davon ausgegangen, dass es sich bei den meisten vorgeschlagenen Lebensr\u00e4umen bereits um Schutzgebiete handelt (Naturpark, Landschaftsschutzgebiet, kleine Schutzgebiete). Es ist also logisch, dass auch der Nationalpark \u0160umava und das Landschaftsschutzgebiet \u0160umava in das System einbezogen wurden.<\/p>\n<p>Zu den wertvollsten (priorit\u00e4ren) Biotopen, die vom B\u00f6hmerwald gesch\u00fctzt werden, geh\u00f6ren Moorw\u00e4lder oder aktive Hochmoore. Ihr wesentlicher Teil wird in das Projektgebiet einbezogen, da sie wie die meisten Feuchtgebiete in der Vergangenheit durch Entw\u00e4sserung besch\u00e4digt wurden und das Projekt zur Verbesserung ihres Zustands beitr\u00e4gt, indem es den beeintr\u00e4chtigten Wasserhaushalt verbessert. In diesen Lebensr\u00e4umen lebt auch der Hochmoorlaufk\u00e4fer (<em>Carabus menetriesi pacholei<\/em>) \u2013 eine priorit\u00e4re Art, die unter den Schutz der FFH-Richtlinie f\u00e4llt. Er ist fast ausschlie\u00dflich an waldfreie, ausreichend feuchte Gebiete mit \u00fcberwiegend Torfmoos gebunden. Daher sollten ihm auch die Revitalisierungsma\u00dfnahmen, die im Rahmen des Projekts durchgef\u00fchrt werden und zur Regeneration von Feuchtgebieten f\u00fchren, von gro\u00dfem Nutzen sein.<\/p>\n<p>Neben der Festlegung eigener Natura-2000-Gebiete ist die Tschechische Republik verpflichtet, den Status aller Schutzgebiete fortlaufend zu \u00fcberwachen und die Europ\u00e4ische Kommission alle 6 Jahre dar\u00fcber zu informieren. Wir gehen davon aus, dass sich die Wirkung der umgesetzten Ma\u00dfnahmen nach Abschluss des Projekts im folgenden Evaluierungsbericht niederschl\u00e4gt.<\/p>\n<p>Links:<\/p>\n<p><span style=\"color: #004b21;\"><a style=\"color: #004b21;\" href=\"http:\/\/bund.net\/themen\/naturschutz\/natura-2000\/hintergrund\/geschichte\/\"><strong>Geschichte der EU-Richtlinien f\u00fcr den Naturschutz in Europa<\/strong><\/a><\/span><\/p>\n<p><a href=\"https:\/\/www.lfu.bayern.de\/natur\/natura_2000\/index.htm\"><span style=\"color: #004b21;\"><strong><span class=\"tlid-translation translation\" lang=\"de\"><span class=\"\" title=\"\">Natura 2000- Informationen des Bayerischen Landesamtes f\u00fcr Umwelt<\/span><\/span><\/strong><\/span><\/a><\/p>\n<hr \/>\n<p><img loading=\"lazy\" decoding=\"async\" class=\"alignnone wp-image-3850\" src=\"https:\/\/life.npsumava.cz\/wp-content\/uploads\/2019\/04\/IMG_5244ovyr-300x66.jpg\" alt=\"\" width=\"910\" height=\"199\" srcset=\"https:\/\/life.npsumava.cz\/wp-content\/uploads\/2019\/04\/IMG_5244ovyr-300x66.jpg 300w, https:\/\/life.npsumava.cz\/wp-content\/uploads\/2019\/04\/IMG_5244ovyr-768x168.jpg 768w, https:\/\/life.npsumava.cz\/wp-content\/uploads\/2019\/04\/IMG_5244ovyr-260x57.jpg 260w, https:\/\/life.npsumava.cz\/wp-content\/uploads\/2019\/04\/IMG_5244ovyr-50x11.jpg 50w, https:\/\/life.npsumava.cz\/wp-content\/uploads\/2019\/04\/IMG_5244ovyr-150x33.jpg 150w, https:\/\/life.npsumava.cz\/wp-content\/uploads\/2019\/04\/IMG_5244ovyr.jpg 922w\" sizes=\"auto, (max-width: 910px) 100vw, 910px\" \/><\/p>\n<hr \/>\n","protected":false},"excerpt":{"rendered":"<p>&nbsp; 1978 wurde die EU-Vogelschutzrichtlinie (79\/409\/EWG) erlassen, 1992 die Fauna-Flora-Habitat-Richtlinie (92\/43\/EWG, FFH).\u00a0Beide Richtlinien sind die Grundlage f\u00fcr den Erhalt und die Wiederherstellung der biologischen Vielfalt in<span class=\"excerpt-hellip\"> [\u2026]<\/span><\/p>\n","protected":false},"author":2,"featured_media":0,"parent":2721,"menu_order":0,"comment_status":"closed","ping_status":"closed","template":"","meta":{"footnotes":""},"class_list":["post-2722","page","type-page","status-publish","hentry"],"_links":{"self":[{"href":"https:\/\/life.npsumava.cz\/de\/wp-json\/wp\/v2\/pages\/2722","targetHints":{"allow":["GET"]}}],"collection":[{"href":"https:\/\/life.npsumava.cz\/de\/wp-json\/wp\/v2\/pages"}],"about":[{"href":"https:\/\/life.npsumava.cz\/de\/wp-json\/wp\/v2\/types\/page"}],"author":[{"embeddable":true,"href":"https:\/\/life.npsumava.cz\/de\/wp-json\/wp\/v2\/users\/2"}],"replies":[{"embeddable":true,"href":"https:\/\/life.npsumava.cz\/de\/wp-json\/wp\/v2\/comments?post=2722"}],"version-history":[{"count":9,"href":"https:\/\/life.npsumava.cz\/de\/wp-json\/wp\/v2\/pages\/2722\/revisions"}],"predecessor-version":[{"id":5480,"href":"https:\/\/life.npsumava.cz\/de\/wp-json\/wp\/v2\/pages\/2722\/revisions\/5480"}],"up":[{"embeddable":true,"href":"https:\/\/life.npsumava.cz\/de\/wp-json\/wp\/v2\/pages\/2721"}],"wp:attachment":[{"href":"https:\/\/life.npsumava.cz\/de\/wp-json\/wp\/v2\/media?parent=2722"}],"curies":[{"name":"wp","href":"https:\/\/api.w.org\/{rel}","templated":true}]}}