{"id":2720,"date":"2019-01-23T09:56:25","date_gmt":"2019-01-23T08:56:25","guid":{"rendered":"http:\/\/life.npsumava.cz\/o-projektu\/zakladni-informace\/"},"modified":"2020-01-31T12:21:44","modified_gmt":"2020-01-31T11:21:44","slug":"allgemeine-informationen","status":"publish","type":"page","link":"https:\/\/life.npsumava.cz\/de\/projekt\/allgemeine-informationen\/","title":{"rendered":"Allgemeine Informationen"},"content":{"rendered":"<h5><img loading=\"lazy\" decoding=\"async\" class=\"wp-image-2373 alignright\" src=\"https:\/\/life.npsumava.cz\/wp-content\/uploads\/2019\/01\/logoLifeForMiresRetina.png\" alt=\"\" width=\"363\" height=\"164\" srcset=\"https:\/\/life.npsumava.cz\/wp-content\/uploads\/2019\/01\/logoLifeForMiresRetina.png 296w, https:\/\/life.npsumava.cz\/wp-content\/uploads\/2019\/01\/logoLifeForMiresRetina-260x118.png 260w, https:\/\/life.npsumava.cz\/wp-content\/uploads\/2019\/01\/logoLifeForMiresRetina-50x23.png 50w, https:\/\/life.npsumava.cz\/wp-content\/uploads\/2019\/01\/logoLifeForMiresRetina-150x68.png 150w\" sizes=\"auto, (max-width: 363px) 100vw, 363px\" \/><\/h5>\n<p>Die Wiederherstellung von Mooren und Feuchtgebieten ist eine der M\u00f6glichkeiten, um die Auswirkungen des Klimawandels zu verringern. Viele der Moore im B\u00f6hmerwald, haupts\u00e4chlich Torfmoore, stellen Inseln der Artenvielfalt dar, auf denen unz\u00e4hlige seltene Pflanzen- und Tierarten ihren nat\u00fcrlichen Lebensraum finden. Sie spielen eine unersetzliche Rolle in der Landschaftshydrologie und im Wasserkreislauf, was sich sehr positiv auf das lokale Klima auswirkt.<\/p>\n<p>Wasser verschwindet jedoch seit Jahrhunderten aus der Landschaft. Feuchtgebiete wurden entw\u00e4ssert und in Ackerland umgewandelt. Heutzutage, wenn D\u00fcrre zu einem ernsthaften Problem wird, ist es notwendig, den nat\u00fcrlichen Wasserhaushalt der Landschaft zu erneuern und wiederherzustellen. Aus diesem Grund wurde das LIFE for MIRES-Projekt \u2013 Leben f\u00fcr Moore \u2013 ins Leben gerufen. Hierbei soll Wasser an die Orte zur\u00fcckgebracht werden, an denen es sich seit jeher befunden und seine Umgebung gestaltet hat.<\/p>\n<hr \/>\n<h5><strong>Projektname:<\/strong><\/h5>\n<p>Grenz\u00fcberschreitende Renaturierung von Mooren zur Unterst\u00fctzung der Artenvielfalt und des Wasserhaushalts im B\u00f6hmerwald und im Bayerischen Wald<\/p>\n<h5><strong>Akronym:<\/strong><\/h5>\n<p>LIFE for MIRES<\/p>\n<h5><strong>Projektnummer:<\/strong><\/h5>\n<p>LIFE17 NAT\/CZ\/000452 LIFE for MIRES<\/p>\n<hr \/>\n<h5><strong>Leadpartner:<\/strong><\/h5>\n<p><a href=\"https:\/\/www.npsumava.cz\/\"><span style=\"color: #004b21;\">Nationalparkverwaltung \u0160umava<\/span><\/a><\/p>\n<h5><strong>Partner:<\/strong><\/h5>\n<p><span style=\"color: #004b21;\"><a style=\"color: #004b21;\" href=\"https:\/\/www.nationalpark-bayerischer-wald.bayern.de\/\">Nationalparkverwaltung Bayerischer Wald<\/a><\/span><\/p>\n<p><span style=\"color: #004b21;\"><a style=\"color: #004b21;\" href=\"https:\/\/www.bund-naturschutz.de\/\">BUND Naturschutz in Bayern, e.V.<\/a><\/span><\/p>\n<p><span style=\"color: #004b21;\"><a style=\"color: #004b21;\" href=\"https:\/\/www.jcu.cz\/?set_language=en\">S\u00fcdb\u00f6hmische Universit\u00e4t in \u010cesk\u00e9 Bud\u011bjovice<\/a><\/span><\/p>\n<h5><strong>Finanzierung:<\/strong><\/h5>\n<p>F\u00f6rderung EU (Programm LIFE)<\/p>\n<p><a href=\"https:\/\/ec.europa.eu\/easme\/en\/life\"><img loading=\"lazy\" decoding=\"async\" class=\"alignnone wp-image-2350\" src=\"https:\/\/life.npsumava.cz\/wp-content\/uploads\/2018\/12\/RV_log02.png\" alt=\"\" width=\"145\" height=\"97\" srcset=\"https:\/\/life.npsumava.cz\/wp-content\/uploads\/2018\/12\/RV_log02.png 240w, https:\/\/life.npsumava.cz\/wp-content\/uploads\/2018\/12\/RV_log02-218x146.png 218w, https:\/\/life.npsumava.cz\/wp-content\/uploads\/2018\/12\/RV_log02-50x34.png 50w, https:\/\/life.npsumava.cz\/wp-content\/uploads\/2018\/12\/RV_log02-112x75.png 112w\" sizes=\"auto, (max-width: 145px) 100vw, 145px\" \/><\/a><a href=\"http:\/\/www.nature.cz\/natura2000-design3\/hp.php\"><img loading=\"lazy\" decoding=\"async\" class=\"alignnone wp-image-2351\" src=\"https:\/\/life.npsumava.cz\/wp-content\/uploads\/2018\/12\/RV_log01.png\" alt=\"\" width=\"143\" height=\"96\" srcset=\"https:\/\/life.npsumava.cz\/wp-content\/uploads\/2018\/12\/RV_log01.png 240w, https:\/\/life.npsumava.cz\/wp-content\/uploads\/2018\/12\/RV_log01-218x146.png 218w, https:\/\/life.npsumava.cz\/wp-content\/uploads\/2018\/12\/RV_log01-50x34.png 50w, https:\/\/life.npsumava.cz\/wp-content\/uploads\/2018\/12\/RV_log01-112x75.png 112w\" sizes=\"auto, (max-width: 143px) 100vw, 143px\" \/><\/a><\/p>\n<p>Tschechische Umweltministerium<\/p>\n<p><img loading=\"lazy\" decoding=\"async\" class=\"alignnone wp-image-4870\" src=\"https:\/\/life.npsumava.cz\/wp-content\/uploads\/2019\/12\/MZP_logo_RGB_v2-300x93.jpg\" alt=\"\" width=\"235\" height=\"73\" srcset=\"https:\/\/life.npsumava.cz\/wp-content\/uploads\/2019\/12\/MZP_logo_RGB_v2-300x93.jpg 300w, https:\/\/life.npsumava.cz\/wp-content\/uploads\/2019\/12\/MZP_logo_RGB_v2-768x239.jpg 768w, https:\/\/life.npsumava.cz\/wp-content\/uploads\/2019\/12\/MZP_logo_RGB_v2-260x81.jpg 260w, https:\/\/life.npsumava.cz\/wp-content\/uploads\/2019\/12\/MZP_logo_RGB_v2-50x16.jpg 50w, https:\/\/life.npsumava.cz\/wp-content\/uploads\/2019\/12\/MZP_logo_RGB_v2-150x47.jpg 150w, https:\/\/life.npsumava.cz\/wp-content\/uploads\/2019\/12\/MZP_logo_RGB_v2.jpg 998w\" sizes=\"auto, (max-width: 235px) 100vw, 235px\" \/><\/p>\n<p>Bayerischer Naturschutzfonds<\/p>\n<p>&nbsp;<\/p>\n<p><img loading=\"lazy\" decoding=\"async\" class=\"alignnone wp-image-4871\" src=\"https:\/\/life.npsumava.cz\/wp-content\/uploads\/2019\/12\/Logo-Blatt.jpg\" alt=\"\" width=\"124\" height=\"122\" srcset=\"https:\/\/life.npsumava.cz\/wp-content\/uploads\/2019\/12\/Logo-Blatt.jpg 230w, https:\/\/life.npsumava.cz\/wp-content\/uploads\/2019\/12\/Logo-Blatt-149x146.jpg 149w, https:\/\/life.npsumava.cz\/wp-content\/uploads\/2019\/12\/Logo-Blatt-50x50.jpg 50w, https:\/\/life.npsumava.cz\/wp-content\/uploads\/2019\/12\/Logo-Blatt-76x75.jpg 76w, https:\/\/life.npsumava.cz\/wp-content\/uploads\/2019\/12\/Logo-Blatt-85x85.jpg 85w, https:\/\/life.npsumava.cz\/wp-content\/uploads\/2019\/12\/Logo-Blatt-80x80.jpg 80w\" sizes=\"auto, (max-width: 124px) 100vw, 124px\" \/><\/p>\n<h5><strong>Realisierungszeit:<\/strong><\/h5>\n<p>1. 8. 2018 &#8211; 31. 12. 2024<\/p>\n<h5><strong>Gesamtprojektbudget (alle Partner):<br \/>\n<\/strong><\/h5>\n<p>5.845.000 EUR<\/p>\n<h5><strong>F\u00f6rderung EU:<\/strong><\/h5>\n<p>3.507.000\u00a0 EUR (60%)<\/p>\n<p>&nbsp;<\/p>\n<hr \/>\n\n\t\t\t<style type='text\/css'>\n\t\t\t\t#sc_gallery-3963 {\n\t\t\t\t\tmargin: auto;\n\t\t\t\t}\n\t\t\t\t#sc_gallery-3963 .gallery-item {\n\t\t\t\t\tfloat: left;\n\t\t\t\t\tmargin-top: 10px;\n\t\t\t\t\ttext-align: center;\n\t\t\t\t\twidth: 24.99%;\n\t\t\t\t}\n\t\t\t\t#sc_gallery-3963 img {\n\t\t\t\t\tborder: 2px solid #cfcfcf;\n\t\t\t\t}\n\t\t\t\t#sc_gallery-3963 .gallery-caption {\n\t\t\t\t\tmargin-left: 0;\n\t\t\t\t}\n\t\t\t\t\/* see sc_gallery() in functions\/theme-shortcodes.php *\/\n\t\t\t<\/style>\n\t\t<div id='sc_gallery-3963' class='gallery element_classes galleryid-2720 gallery-columns-4 gallery-size-medium file'><dl class='gallery-item'>\n\t\t\t\t<dt class='gallery-icon landscape'>\n\t\t\t\t\t<a href='https:\/\/life.npsumava.cz\/wp-content\/uploads\/2019\/02\/IMG_0328.jpg'><img loading=\"lazy\" decoding=\"async\" width=\"300\" height=\"200\" src=\"https:\/\/life.npsumava.cz\/wp-content\/uploads\/2019\/02\/IMG_0328-300x200.jpg\" class=\"attachment-medium size-medium\" alt=\"\" srcset=\"https:\/\/life.npsumava.cz\/wp-content\/uploads\/2019\/02\/IMG_0328-300x200.jpg 300w, https:\/\/life.npsumava.cz\/wp-content\/uploads\/2019\/02\/IMG_0328-219x146.jpg 219w, https:\/\/life.npsumava.cz\/wp-content\/uploads\/2019\/02\/IMG_0328-50x33.jpg 50w, https:\/\/life.npsumava.cz\/wp-content\/uploads\/2019\/02\/IMG_0328-113x75.jpg 113w, https:\/\/life.npsumava.cz\/wp-content\/uploads\/2019\/02\/IMG_0328.jpg 615w\" sizes=\"auto, (max-width: 300px) 100vw, 300px\" \/><\/a>\n\t\t\t\t<\/dt><\/dl><dl class='gallery-item'>\n\t\t\t\t<dt class='gallery-icon landscape'>\n\t\t\t\t\t<a href='https:\/\/life.npsumava.cz\/wp-content\/uploads\/2019\/04\/IMG_5868.jpg'><img loading=\"lazy\" decoding=\"async\" width=\"300\" height=\"200\" src=\"https:\/\/life.npsumava.cz\/wp-content\/uploads\/2019\/04\/IMG_5868-300x200.jpg\" class=\"attachment-medium size-medium\" alt=\"\" srcset=\"https:\/\/life.npsumava.cz\/wp-content\/uploads\/2019\/04\/IMG_5868-300x200.jpg 300w, https:\/\/life.npsumava.cz\/wp-content\/uploads\/2019\/04\/IMG_5868-219x146.jpg 219w, https:\/\/life.npsumava.cz\/wp-content\/uploads\/2019\/04\/IMG_5868-50x33.jpg 50w, https:\/\/life.npsumava.cz\/wp-content\/uploads\/2019\/04\/IMG_5868-113x75.jpg 113w, https:\/\/life.npsumava.cz\/wp-content\/uploads\/2019\/04\/IMG_5868.jpg 615w\" sizes=\"auto, (max-width: 300px) 100vw, 300px\" \/><\/a>\n\t\t\t\t<\/dt><\/dl><dl class='gallery-item'>\n\t\t\t\t<dt class='gallery-icon landscape'>\n\t\t\t\t\t<a href='https:\/\/life.npsumava.cz\/wp-content\/uploads\/2019\/05\/IMG_9939.jpg'><img loading=\"lazy\" decoding=\"async\" width=\"300\" height=\"200\" src=\"https:\/\/life.npsumava.cz\/wp-content\/uploads\/2019\/05\/IMG_9939-300x200.jpg\" class=\"attachment-medium size-medium\" alt=\"\" srcset=\"https:\/\/life.npsumava.cz\/wp-content\/uploads\/2019\/05\/IMG_9939-300x200.jpg 300w, https:\/\/life.npsumava.cz\/wp-content\/uploads\/2019\/05\/IMG_9939-219x146.jpg 219w, https:\/\/life.npsumava.cz\/wp-content\/uploads\/2019\/05\/IMG_9939-50x33.jpg 50w, https:\/\/life.npsumava.cz\/wp-content\/uploads\/2019\/05\/IMG_9939-113x75.jpg 113w, https:\/\/life.npsumava.cz\/wp-content\/uploads\/2019\/05\/IMG_9939.jpg 615w\" sizes=\"auto, (max-width: 300px) 100vw, 300px\" \/><\/a>\n\t\t\t\t<\/dt><\/dl><dl class='gallery-item'>\n\t\t\t\t<dt class='gallery-icon landscape'>\n\t\t\t\t\t<a href='https:\/\/life.npsumava.cz\/wp-content\/uploads\/2019\/02\/IMG_3157-1.jpg'><img loading=\"lazy\" decoding=\"async\" width=\"300\" height=\"200\" src=\"https:\/\/life.npsumava.cz\/wp-content\/uploads\/2019\/02\/IMG_3157-1-300x200.jpg\" class=\"attachment-medium size-medium\" alt=\"\" srcset=\"https:\/\/life.npsumava.cz\/wp-content\/uploads\/2019\/02\/IMG_3157-1-300x200.jpg 300w, https:\/\/life.npsumava.cz\/wp-content\/uploads\/2019\/02\/IMG_3157-1-219x146.jpg 219w, https:\/\/life.npsumava.cz\/wp-content\/uploads\/2019\/02\/IMG_3157-1-50x33.jpg 50w, https:\/\/life.npsumava.cz\/wp-content\/uploads\/2019\/02\/IMG_3157-1-113x75.jpg 113w, https:\/\/life.npsumava.cz\/wp-content\/uploads\/2019\/02\/IMG_3157-1.jpg 615w\" sizes=\"auto, (max-width: 300px) 100vw, 300px\" \/><\/a>\n\t\t\t\t<\/dt><\/dl><br style=\"clear: both\" \/>\n\t\t\t<\/div>\n\n","protected":false},"excerpt":{"rendered":"<p>Die Wiederherstellung von Mooren und Feuchtgebieten ist eine der M\u00f6glichkeiten, um die Auswirkungen des Klimawandels zu verringern. Viele der Moore im B\u00f6hmerwald, haupts\u00e4chlich Torfmoore, stellen Inseln<span class=\"excerpt-hellip\"> [\u2026]<\/span><\/p>\n","protected":false},"author":2,"featured_media":0,"parent":2713,"menu_order":0,"comment_status":"closed","ping_status":"closed","template":"","meta":{"footnotes":""},"class_list":["post-2720","page","type-page","status-publish","hentry"],"_links":{"self":[{"href":"https:\/\/life.npsumava.cz\/de\/wp-json\/wp\/v2\/pages\/2720","targetHints":{"allow":["GET"]}}],"collection":[{"href":"https:\/\/life.npsumava.cz\/de\/wp-json\/wp\/v2\/pages"}],"about":[{"href":"https:\/\/life.npsumava.cz\/de\/wp-json\/wp\/v2\/types\/page"}],"author":[{"embeddable":true,"href":"https:\/\/life.npsumava.cz\/de\/wp-json\/wp\/v2\/users\/2"}],"replies":[{"embeddable":true,"href":"https:\/\/life.npsumava.cz\/de\/wp-json\/wp\/v2\/comments?post=2720"}],"version-history":[{"count":7,"href":"https:\/\/life.npsumava.cz\/de\/wp-json\/wp\/v2\/pages\/2720\/revisions"}],"predecessor-version":[{"id":4961,"href":"https:\/\/life.npsumava.cz\/de\/wp-json\/wp\/v2\/pages\/2720\/revisions\/4961"}],"up":[{"embeddable":true,"href":"https:\/\/life.npsumava.cz\/de\/wp-json\/wp\/v2\/pages\/2713"}],"wp:attachment":[{"href":"https:\/\/life.npsumava.cz\/de\/wp-json\/wp\/v2\/media?parent=2720"}],"curies":[{"name":"wp","href":"https:\/\/api.w.org\/{rel}","templated":true}]}}