{"id":2718,"date":"2019-01-23T13:55:02","date_gmt":"2019-01-23T12:55:02","guid":{"rendered":"http:\/\/life.npsumava.cz\/o-projektu\/provadena-opatreni\/"},"modified":"2020-01-21T07:53:50","modified_gmt":"2020-01-21T06:53:50","slug":"umgesetzte-massnahmen","status":"publish","type":"page","link":"https:\/\/life.npsumava.cz\/de\/projekt\/umgesetzte-massnahmen\/","title":{"rendered":"Umgesetzte Ma\u00dfnahmen"},"content":{"rendered":"<hr \/>\n<h5><span style=\"color: #004b21;\"><strong>Grunds\u00e4tzlicher Ansatz<br \/>\n<\/strong><\/span><\/h5>\n<p>Das Prinzip der Revitalisierung besteht darin, unangemessene Eingriffe in den Wasserhaushalt (z. B. Entw\u00e4sserung) zu beseitigen und der Natur zu erm\u00f6glichen, sich anschlie\u00dfend selbst zu regenerieren. Im Wesentlichen geben wir durch die Revitalisierung Wasser in die Moore und Feuchtgebiete zur\u00fcck oder versuchen sicherzustellen, dass sie kein unn\u00f6tiges Wasser verlieren. Dies stoppt den Prozess der Austrocknung und Degenerierung.<\/p>\n<p>Die Revitalisierungsma\u00dfnahmen konzentrieren sich nicht nur auf entw\u00e4sserte Moore und Feuchtgebiete, sondern auch auf die allgemeine Erneuerung des gest\u00f6rten Wasserhaushalts in der Landschaft. Ziel ist es, die Bedingungen wiederherzustellen, die an den Standorten herrschen w\u00fcrden, wenn keine Entw\u00e4sserung durchgef\u00fchrt w\u00fcrde.<\/p>\n<hr \/>\n<div id=\"attachment_3592\" style=\"width: 390px\" class=\"wp-caption alignright\"><a href=\"https:\/\/life.npsumava.cz\/wp-content\/uploads\/2019\/04\/IMG_5654.jpg\"><img loading=\"lazy\" decoding=\"async\" aria-describedby=\"caption-attachment-3592\" class=\"wp-image-3592\" src=\"https:\/\/life.npsumava.cz\/wp-content\/uploads\/2019\/04\/IMG_5654-300x200.jpg\" alt=\"\" width=\"380\" height=\"253\" srcset=\"https:\/\/life.npsumava.cz\/wp-content\/uploads\/2019\/04\/IMG_5654-300x200.jpg 300w, https:\/\/life.npsumava.cz\/wp-content\/uploads\/2019\/04\/IMG_5654-768x512.jpg 768w, https:\/\/life.npsumava.cz\/wp-content\/uploads\/2019\/04\/IMG_5654-219x146.jpg 219w, https:\/\/life.npsumava.cz\/wp-content\/uploads\/2019\/04\/IMG_5654-50x33.jpg 50w, https:\/\/life.npsumava.cz\/wp-content\/uploads\/2019\/04\/IMG_5654-113x75.jpg 113w, https:\/\/life.npsumava.cz\/wp-content\/uploads\/2019\/04\/IMG_5654.jpg 780w\" sizes=\"auto, (max-width: 380px) 100vw, 380px\" \/><\/a><p id=\"caption-attachment-3592\" class=\"wp-caption-text\">Revitalisiertes Feuchtgebiet in Kepelsk\u00e9 Zh\u016f\u0159\u00ed<\/p><\/div>\n<p><strong>Wie werden Moore im B\u00f6hmerwald konkret revitalisiert?<br \/>\n<\/strong><\/p>\n<h5><span style=\"color: #004b21;\"><strong>Durchdacht<\/strong><\/span><\/h5>\n<p>Die technische L\u00f6sung basiert auf langj\u00e4hriger Erfahrung (im B\u00f6hmerwald werden Moore seit mehr als zwanzig Jahren renaturiert, in anderen Teilen der Welt sogar schon l\u00e4nger) und auf einer sehr detaillierten Kenntnis des bestimmten Gebietes. Es gibt keinen allgemein g\u00fcltigen oder einheitlichen Plan, obwohl \u00e4hnliche Verfahren f\u00fcr verschiedene Lebensr\u00e4ume an verschiedenen Orten angewendet werden. Das Prinzip der Revitalisierung ist relativ einfach. Zun\u00e4chst m\u00fcssen die Entw\u00e4sserungskan\u00e4le beseitigt und die nat\u00fcrlichen Flie\u00dfgew\u00e4sser in der Landschaft wiederhergestellt werden.<\/p>\n<p>In entw\u00e4sserten Gebieten sollte der Grundwasserspiegel angehoben sowie Wasserschwankungen und ein schnelles Abflie\u00dfen verhindert werden. Feuchtgebiete werden nicht chaotisch bew\u00e4ssert, aber die Revitalisierung basiert auf dem \u201eZielwasserstandskonzept\u201c. Dies bedeutet, dass der Grundwasserspiegel auf ein Niveau zur\u00fcckgef\u00fchrt wird, das dem nat\u00fcrlichen Zustand vor der Entw\u00e4sserung entspricht. Dieses Niveau ist f\u00fcr jeden Moor- oder Feuchtgebietstyp unterschiedlich und daher muss jede Revitalisierung gut kalkuliert und vorbereitet sein. Beispielsweise soll in Mooren der Grundwasserspiegel wieder auf etwa 5 cm unter der Oberfl\u00e4che angehoben werden, w\u00e4hrend er in Torf- und Feuchtw\u00e4ldern 20 bis 30 cm niedriger ist. Die eigentliche technische Umsetzung der Revitalisierung ist jedoch in schlecht zug\u00e4nglichen und abfallenden bergigen Gebieten meist recht schwierig, da nicht gen\u00fcgend Material vorhanden ist, um die Kan\u00e4le vollst\u00e4ndig auszuf\u00fcllen, und die Gefahr besteht, dass auch unterhalb der Verf\u00fcllung des Bodens neue Wasserabl\u00e4ufe entsteht.<\/p>\n<p>Das Prinzip der Revitalisierung ist jedoch recht einfach. Es ist notwendig, alle noch funktionierenden Entw\u00e4sserungskan\u00e4le zu blockieren, nat\u00fcrliche B\u00e4che und Fl\u00fcsse wiederherzustellen und, wenn m\u00f6glich, die urspr\u00fcngliche \u201eBewegung\u201c des Wassers durch das Feuchtgebiet wiederherzustellen. Eine M\u00f6glichkeit, Kan\u00e4le zu blockieren, besteht darin, die Kan\u00e4le mit Holztrennw\u00e4nden zu blockieren und sie dann mit Erde und nat\u00fcrlichem Material zu verf\u00fcllen. In abfallendem Berggel\u00e4nde ist es erforderlich, die Kan\u00e4le durch einen kaskadenartigen Aufbau und einer gr\u00f6\u00dferen Anzahl von Trennw\u00e4nden zu blockieren. Nur so kann der Grundwasserspiegel \u00fcber die gesamte L\u00e4nge des Kanals angehoben werden. Der Zielwasserstand bestimmt zusammen mit der Neigung des Gel\u00e4ndes, wie viele Trennw\u00e4nde in einem bestimmten Abschnitt des Kanals verwendet werden m\u00fcssen und wo genau sie sich befinden sollten. Wir arbeiten in bergigem Gel\u00e4nde, daher w\u00fcrde das Verf\u00fcllen von Kan\u00e4len mit Erde ohne im Boden und den Ufern eingebettete Trennw\u00e4nde nicht ausreichen. Das Wasser hat eine gro\u00dfe St\u00e4rke und fand oft einen Weg unter einer Kanalstr\u00f6mung und lief im Boden unter einer Erdschicht weiter ab. Trennw\u00e4nde m\u00fcssen verwendet werden, da unter anderem in den revitalisierten Bereichen h\u00e4ufig nicht gen\u00fcgend Erde vorhanden ist, um die Kan\u00e4le vollst\u00e4ndig zu verf\u00fcllen. Eine teilweise Verf\u00fcllung des Raums zwischen den Trennw\u00e4nden mit Erde ist erforderlich, da dies eine Erosion und einen Bruch der Kan\u00e4le verhindert. Au\u00dferdem beschleunigt es die Versandung, also das Verf\u00fcllen mit Material und das \u00dcberwachsen mit Vegetation. Der Kanal verliert seine Entw\u00e4sserungsfunktion und \u201everschwindet\u201c allm\u00e4hlich und verschmilzt mit der Umgebung. Blockierte Kan\u00e4le f\u00fcllen normalerweise 2\/3 des Volumens zwischen den Trennw\u00e4nden. Ein weiterer wichtiger Schritt der Revitalisierung ist die Wiederherstellung der nat\u00fcrlichen Wasserbewegung im Feuchtgebiet. Der konzentrierte Wasserablauf durch Kan\u00e4le wird aufgehoben und das Wasser in das Feuchtgebiet verteilt. Ziel ist es, die nat\u00fcrliche Richtung der Wasserbewegung auch unter der Oberfl\u00e4che wiederherzustellen. Zusammen mit der Blockierung der Kan\u00e4le werden alle kleinen (kapillaren) nat\u00fcrlichen Rinnen wiederhergestellt, die w\u00e4hrend der Entw\u00e4sserung in den Kanalweg abgelassen wurden.<\/p>\n\n\t\t\t<style type='text\/css'>\n\t\t\t\t#sc_gallery-1206 {\n\t\t\t\t\tmargin: auto;\n\t\t\t\t}\n\t\t\t\t#sc_gallery-1206 .gallery-item {\n\t\t\t\t\tfloat: left;\n\t\t\t\t\tmargin-top: 10px;\n\t\t\t\t\ttext-align: center;\n\t\t\t\t\twidth: 24.99%;\n\t\t\t\t}\n\t\t\t\t#sc_gallery-1206 img {\n\t\t\t\t\tborder: 2px solid #cfcfcf;\n\t\t\t\t}\n\t\t\t\t#sc_gallery-1206 .gallery-caption {\n\t\t\t\t\tmargin-left: 0;\n\t\t\t\t}\n\t\t\t\t\/* see sc_gallery() in functions\/theme-shortcodes.php *\/\n\t\t\t<\/style>\n\t\t<div id='sc_gallery-1206' class='gallery element_classes galleryid-2718 gallery-columns-4 gallery-size-thumbnail file'><dl class='gallery-item'>\n\t\t\t\t<dt class='gallery-icon portrait'>\n\t\t\t\t\t<a href='https:\/\/life.npsumava.cz\/wp-content\/uploads\/2020\/01\/4522.jpg'><img loading=\"lazy\" decoding=\"async\" width=\"150\" height=\"150\" src=\"https:\/\/life.npsumava.cz\/wp-content\/uploads\/2020\/01\/4522-150x150.jpg\" class=\"attachment-thumbnail size-thumbnail\" alt=\"Entw\u00e4sserungsgraben, direkt durch ein Moor f\u00fchrend \u00a9 Iva Bufkov\u00e1\" srcset=\"https:\/\/life.npsumava.cz\/wp-content\/uploads\/2020\/01\/4522-150x150.jpg 150w, https:\/\/life.npsumava.cz\/wp-content\/uploads\/2020\/01\/4522-85x85.jpg 85w, https:\/\/life.npsumava.cz\/wp-content\/uploads\/2020\/01\/4522-80x80.jpg 80w\" sizes=\"auto, (max-width: 150px) 100vw, 150px\" \/><\/a>\n\t\t\t\t<\/dt><\/dl><dl class='gallery-item'>\n\t\t\t\t<dt class='gallery-icon landscape'>\n\t\t\t\t\t<a href='https:\/\/life.npsumava.cz\/wp-content\/uploads\/2020\/01\/4533.jpg'><img loading=\"lazy\" decoding=\"async\" width=\"150\" height=\"150\" src=\"https:\/\/life.npsumava.cz\/wp-content\/uploads\/2020\/01\/4533-150x150.jpg\" class=\"attachment-thumbnail size-thumbnail\" alt=\"Bau von Holzd\u00e4mmen \u00a9 Iva Bufkov\u00e1\" srcset=\"https:\/\/life.npsumava.cz\/wp-content\/uploads\/2020\/01\/4533-150x150.jpg 150w, https:\/\/life.npsumava.cz\/wp-content\/uploads\/2020\/01\/4533-85x85.jpg 85w, https:\/\/life.npsumava.cz\/wp-content\/uploads\/2020\/01\/4533-80x80.jpg 80w\" sizes=\"auto, (max-width: 150px) 100vw, 150px\" \/><\/a>\n\t\t\t\t<\/dt><\/dl><dl class='gallery-item'>\n\t\t\t\t<dt class='gallery-icon landscape'>\n\t\t\t\t\t<a href='https:\/\/life.npsumava.cz\/wp-content\/uploads\/2020\/01\/4544.jpg'><img loading=\"lazy\" decoding=\"async\" width=\"150\" height=\"150\" src=\"https:\/\/life.npsumava.cz\/wp-content\/uploads\/2020\/01\/4544-150x150.jpg\" class=\"attachment-thumbnail size-thumbnail\" alt=\"Handarbeit ist unvermeidlich \u00a9 Iva Bufkov\u00e1\" srcset=\"https:\/\/life.npsumava.cz\/wp-content\/uploads\/2020\/01\/4544-150x150.jpg 150w, https:\/\/life.npsumava.cz\/wp-content\/uploads\/2020\/01\/4544-85x85.jpg 85w, https:\/\/life.npsumava.cz\/wp-content\/uploads\/2020\/01\/4544-80x80.jpg 80w\" sizes=\"auto, (max-width: 150px) 100vw, 150px\" \/><\/a>\n\t\t\t\t<\/dt><\/dl><dl class='gallery-item'>\n\t\t\t\t<dt class='gallery-icon landscape'>\n\t\t\t\t\t<a href='https:\/\/life.npsumava.cz\/wp-content\/uploads\/2020\/01\/ch-kopie.jpg'><img loading=\"lazy\" decoding=\"async\" width=\"150\" height=\"150\" src=\"https:\/\/life.npsumava.cz\/wp-content\/uploads\/2020\/01\/ch-kopie-150x150.jpg\" class=\"attachment-thumbnail size-thumbnail\" alt=\"Zeitreihe eines restaurierten Moores mit wachsendem Torfmoos \u00a9 Iva Bufkov\u00e1\" srcset=\"https:\/\/life.npsumava.cz\/wp-content\/uploads\/2020\/01\/ch-kopie-150x150.jpg 150w, https:\/\/life.npsumava.cz\/wp-content\/uploads\/2020\/01\/ch-kopie-85x85.jpg 85w, https:\/\/life.npsumava.cz\/wp-content\/uploads\/2020\/01\/ch-kopie-80x80.jpg 80w\" sizes=\"auto, (max-width: 150px) 100vw, 150px\" \/><\/a>\n\t\t\t\t<\/dt><\/dl><br style=\"clear: both\" \/>\n\t\t\t<\/div>\n\n<p>Neben Feuchtgebieten m\u00fcssen auch kleine Gebirgsb\u00e4che renaturiert werden, die in der Vergangenheit reguliert wurden, d.h. die begradigt wurden und deren Bachbett vertieft wurde. In diesen F\u00e4llen soll der Wasserlauf zu seinem urspr\u00fcnglichen Verlauf zur\u00fcckkehren und seine nat\u00fcrliche Dynamik soll wiederhergestellt werden. Dies bedeutet, dass wiedr eher flacher B\u00e4che (bis zu einer Tiefe von 30 bis 40 cm) mit unbefestigten Ufern und einer nat\u00fcrlicher Geomorphologie entstehen, die eine Vielzahl von kleinen T\u00fcmpeln und Untiefen in M\u00e4anderkurven sowie flache Bachabschnitte aufweisen. Die Revitalisierung stellt nicht nur den Wasserlauf selbst wieder her, sondern auch seine Dynamik und die Verbindung mit seinem \u00dcberschwemmungsgebiet. Revitalisierte B\u00e4che haben die M\u00f6glichkeit, durch st\u00e4ndigen Transport und Bewegung von Sedimenten ihr Bett und ihre Ufer dynamisch zu formen. Die Erneuerung des \u00dcberschwemmungsgebiets ist von besonderer Bedeutung f\u00fcr die R\u00fcckhaltung und anschlie\u00dfende Versickerung von Wasser nach extremen Regenf\u00e4llen. Es hemmt und verlangsamt den Verlauf der Flutwelle erheblich und f\u00e4ngt die \u00fcberfluteten N\u00e4hrstoffe effektiv ein und f\u00fchrt sie dem Kreislauf wieder zu.<\/p>\n\n\t\t\t<style type='text\/css'>\n\t\t\t\t#sc_gallery-6651 {\n\t\t\t\t\tmargin: auto;\n\t\t\t\t}\n\t\t\t\t#sc_gallery-6651 .gallery-item {\n\t\t\t\t\tfloat: left;\n\t\t\t\t\tmargin-top: 10px;\n\t\t\t\t\ttext-align: center;\n\t\t\t\t\twidth: 24.99%;\n\t\t\t\t}\n\t\t\t\t#sc_gallery-6651 img {\n\t\t\t\t\tborder: 2px solid #cfcfcf;\n\t\t\t\t}\n\t\t\t\t#sc_gallery-6651 .gallery-caption {\n\t\t\t\t\tmargin-left: 0;\n\t\t\t\t}\n\t\t\t\t\/* see sc_gallery() in functions\/theme-shortcodes.php *\/\n\t\t\t<\/style>\n\t\t<div id='sc_gallery-6651' class='gallery element_classes galleryid-2718 gallery-columns-4 gallery-size-thumbnail file'><dl class='gallery-item'>\n\t\t\t\t<dt class='gallery-icon landscape'>\n\t\t\t\t\t<a href='https:\/\/life.npsumava.cz\/wp-content\/uploads\/2020\/01\/IMG_6459-kopie.jpg'><img loading=\"lazy\" decoding=\"async\" width=\"150\" height=\"150\" src=\"https:\/\/life.npsumava.cz\/wp-content\/uploads\/2020\/01\/IMG_6459-kopie-150x150.jpg\" class=\"attachment-thumbnail size-thumbnail\" alt=\"Erste Arbeiten mit leichten Maschinen \u00a9 Iva Bufkov\u00e1\" srcset=\"https:\/\/life.npsumava.cz\/wp-content\/uploads\/2020\/01\/IMG_6459-kopie-150x150.jpg 150w, https:\/\/life.npsumava.cz\/wp-content\/uploads\/2020\/01\/IMG_6459-kopie-85x85.jpg 85w, https:\/\/life.npsumava.cz\/wp-content\/uploads\/2020\/01\/IMG_6459-kopie-80x80.jpg 80w\" sizes=\"auto, (max-width: 150px) 100vw, 150px\" \/><\/a>\n\t\t\t\t<\/dt><\/dl><dl class='gallery-item'>\n\t\t\t\t<dt class='gallery-icon landscape'>\n\t\t\t\t\t<a href='https:\/\/life.npsumava.cz\/wp-content\/uploads\/2020\/01\/IMG_7147-kopie.jpg'><img loading=\"lazy\" decoding=\"async\" width=\"150\" height=\"150\" src=\"https:\/\/life.npsumava.cz\/wp-content\/uploads\/2020\/01\/IMG_7147-kopie-150x150.jpg\" class=\"attachment-thumbnail size-thumbnail\" alt=\"Nat\u00fcrliches Bachbett \u00a9 Iva Bufkov\u00e1\" srcset=\"https:\/\/life.npsumava.cz\/wp-content\/uploads\/2020\/01\/IMG_7147-kopie-150x150.jpg 150w, https:\/\/life.npsumava.cz\/wp-content\/uploads\/2020\/01\/IMG_7147-kopie-85x85.jpg 85w, https:\/\/life.npsumava.cz\/wp-content\/uploads\/2020\/01\/IMG_7147-kopie-80x80.jpg 80w\" sizes=\"auto, (max-width: 150px) 100vw, 150px\" \/><\/a>\n\t\t\t\t<\/dt><\/dl><dl class='gallery-item'>\n\t\t\t\t<dt class='gallery-icon landscape'>\n\t\t\t\t\t<a href='https:\/\/life.npsumava.cz\/wp-content\/uploads\/2020\/01\/IMG_7756-kopie.jpg'><img loading=\"lazy\" decoding=\"async\" width=\"150\" height=\"150\" src=\"https:\/\/life.npsumava.cz\/wp-content\/uploads\/2020\/01\/IMG_7756-kopie-150x150.jpg\" class=\"attachment-thumbnail size-thumbnail\" alt=\"Das Wasser zum ersten Mal flie\u00dfen lassen \u00a9 Iva Bufkov\u00e1\" srcset=\"https:\/\/life.npsumava.cz\/wp-content\/uploads\/2020\/01\/IMG_7756-kopie-150x150.jpg 150w, https:\/\/life.npsumava.cz\/wp-content\/uploads\/2020\/01\/IMG_7756-kopie-85x85.jpg 85w, https:\/\/life.npsumava.cz\/wp-content\/uploads\/2020\/01\/IMG_7756-kopie-80x80.jpg 80w\" sizes=\"auto, (max-width: 150px) 100vw, 150px\" \/><\/a>\n\t\t\t\t<\/dt><\/dl><dl class='gallery-item'>\n\t\t\t\t<dt class='gallery-icon landscape'>\n\t\t\t\t\t<a href='https:\/\/life.npsumava.cz\/wp-content\/uploads\/2020\/01\/IMG_6417-kopie.jpg'><img loading=\"lazy\" decoding=\"async\" width=\"150\" height=\"150\" src=\"https:\/\/life.npsumava.cz\/wp-content\/uploads\/2020\/01\/IMG_6417-kopie-150x150.jpg\" class=\"attachment-thumbnail size-thumbnail\" alt=\"Und das Profil \u00e4ndert sich mit der Zeit \u00a9 Iva Bufkov\u00e1\" srcset=\"https:\/\/life.npsumava.cz\/wp-content\/uploads\/2020\/01\/IMG_6417-kopie-150x150.jpg 150w, https:\/\/life.npsumava.cz\/wp-content\/uploads\/2020\/01\/IMG_6417-kopie-85x85.jpg 85w, https:\/\/life.npsumava.cz\/wp-content\/uploads\/2020\/01\/IMG_6417-kopie-80x80.jpg 80w\" sizes=\"auto, (max-width: 150px) 100vw, 150px\" \/><\/a>\n\t\t\t\t<\/dt><\/dl><br style=\"clear: both\" \/>\n\t\t\t<\/div>\n\n<h5><span style=\"color: #004b21;\"><strong>Langfristig und ganzheitlich<br \/>\n<\/strong><\/span><\/h5>\n<p>Entw\u00e4sserungen sind sehr einfach und schnell durchzuf\u00fchren. Die Verschlechterung des Biotops (Schrumpfung des Torfk\u00f6rpers der Moore, Austrocknen von Feuchtgebieten, \u00dcberwachsen mit Str\u00e4uchern und Pionierwald) schreitet dann langsam voran. Mit einer Renaturierung und Revitalisierung sieht es aber schwieriger aus. Obwohl es im Grunde genommen eine einmalige Ma\u00dfnahme ist, handelt es sich bei der gro\u00dfen Anzahl besch\u00e4digter Gebiete in der Region um einen \u201eLangstreckenlauf\u201c. Auf der tschechischen Seite des B\u00f6hmerwaldes werden Feuchtgebiete seit 1999 im Rahmen des langfristigen \u201eProgramms zur Revitalisierung der Feucht- und Moorgebiete im B\u00f6hmerwald\u201c revitalisiert, welches die technologischen Abl\u00e4ufe und auch die Reihenfolge der Revitalisierungsorte festlegt. Bei der Priorit\u00e4tensetzung gibt es immer mehrere \u00dcberlegungen: Wie wertvoll ist das Gebiet, wie stark ist es besch\u00e4digt, wie viel kann noch gerettet werden, ist dies technisch m\u00f6glich und wie kostenintensiv ist es.<\/p>\n<p>Der grundlegende Ansatz besteht darin, kleine, aber m\u00f6glichst zusammenh\u00e4ngende Einzugsgebiete zu renaturieren (Fl\u00e4chen, aus denen Wasser in einen bestimmten Bach flie\u00dft). Jedes Feuchtgebiet und Moor wird also nicht isoliert, sondern immer im Kontext seiner Umgebung renaturiert, mit der es durch Wasser verbunden ist.<\/p>\n<h5><strong><span style=\"color: #004b21;\">Sensibel und r\u00fccksichtsvoll<\/span><\/strong><img loading=\"lazy\" decoding=\"async\" class=\" wp-image-3495 alignright\" src=\"https:\/\/life.npsumava.cz\/wp-content\/uploads\/2019\/04\/tucnice-175x300.jpg\" alt=\"\" width=\"143\" height=\"245\" srcset=\"https:\/\/life.npsumava.cz\/wp-content\/uploads\/2019\/04\/tucnice-175x300.jpg 175w, https:\/\/life.npsumava.cz\/wp-content\/uploads\/2019\/04\/tucnice-85x146.jpg 85w, https:\/\/life.npsumava.cz\/wp-content\/uploads\/2019\/04\/tucnice-29x50.jpg 29w, https:\/\/life.npsumava.cz\/wp-content\/uploads\/2019\/04\/tucnice-44x75.jpg 44w, https:\/\/life.npsumava.cz\/wp-content\/uploads\/2019\/04\/tucnice.jpg 332w\" sizes=\"auto, (max-width: 143px) 100vw, 143px\" \/><\/h5>\n<p>Die Medizin darf nicht schlimmer sein als die Krankheit. Eine unsachgem\u00e4\u00dfe Revitalisierung kann auch Sch\u00e4den verursachen, wenn die Anf\u00e4lligkeit empfindlicher wiederherzustellender Lebensr\u00e4ume nicht ber\u00fccksichtigt wird. Daher wird der Gro\u00dfteil der Arbeiten bei niedrigsten Wasserst\u00e4nden und zu einer Zeit durchgef\u00fchrt, in der seltene Tierarten, die an Feuchtgebiete gebunden sind, bereits erwachsene Jungtiere haben. Die am besten geeignete Zeit ist die zweite H\u00e4lfte des Sommers und des Herbstes, wenn z.B. die Balzzeit der Auerh\u00fchner oder Birkh\u00fchner vorbei ist, wobei K\u00fcken bereits adult sind, unabh\u00e4ngig werden und sich durch St\u00f6rungen nicht mehr so stark beeinflussen lassen. Standorte mit seltenen Pflanzen (z. B. Orchideenarten in Feuchtgebieten) werden vorab kartiert und sorgf\u00e4ltig \u00fcberwacht, um sicherzustellen, dass sie nicht besch\u00e4digt werden. An den empfindlichsten und unzug\u00e4nglichsten Stellen wird manuell gearbeitet. Die Arbeiter sind nicht mehr als zu f\u00fcnft unterwegs, um die Torfschichten nicht zu verdichten und die torfbildende Vegetation nicht zu zerst\u00f6ren oder die Wege nicht in neue Wasserabl\u00e4ufe zu verwandeln. Wenn es jedoch m\u00f6glich ist (z. B. an bereits stark degradierten, trockenen und besch\u00e4digten Orten), setzen wir leichte Technik f\u00fcr den Materialtransport oder die Feldarbeit ein. Diese leichte Technik hat streng definierte Routen, die in der Regel nur entlang der Kan\u00e4le verlaufen. Sie hilft vor allem dabei, k\u00fcnstlich gestapelte Erdb\u00e4nke zur\u00fcck in die Kan\u00e4le zu ziehen und D\u00e4mme abzubauen.<\/p>\n<h5><span style=\"color: #004b21;\"><strong>Mit Menschen<br \/>\n<\/strong><\/span><\/h5>\n<p>Revitalisierungsma\u00dfnahmen werden oft von Unternehmen in Form von Unterauftr\u00e4gen durchgef\u00fchrt. Aber die Menschen sind Teil der Landschaft, und viele m\u00f6chten etwas N\u00fctzliches f\u00fcr Natur und Landschaft tun. Deshalb freuen wir uns, wenn sie sich uns anzuschlie\u00dfen \u2013 etwa als Freiwillige an den sog. Moor-Tagen. Vormittags arbeiten wir im Feuchtgebiet, nachmittags machen wir Ausfl\u00fcge zu wundersch\u00f6nen, erhaltenen Orten, wo wir gesunde Feuchtgebiete und Moore in ihrer vollen Sch\u00f6nheit sehen k\u00f6nnen. Freiwillige sorgen nicht nur f\u00fcr kosmetische Ver\u00e4nderungen in den Gebieten \u2013 es ist notwendig, die D\u00e4mme zu \u00fcberpr\u00fcfen, die durchl\u00e4ssigen Stellen, an denen das Wasser seinen Umweg fand, abzudichten oder die Vegetation der Feuchtgebiete in die blockierten Kan\u00e4le zur\u00fcckzuf\u00fchren. Das sind viele kleinere Arbeiten, sie aber von gro\u00dfer Bedeutung sind.<\/p>\n<p><img loading=\"lazy\" decoding=\"async\" class=\"alignnone wp-image-4837\" src=\"https:\/\/life.npsumava.cz\/wp-content\/uploads\/2019\/12\/IMG_0980-kopie-300x150.jpg\" alt=\"\" width=\"914\" height=\"457\" srcset=\"https:\/\/life.npsumava.cz\/wp-content\/uploads\/2019\/12\/IMG_0980-kopie-300x150.jpg 300w, https:\/\/life.npsumava.cz\/wp-content\/uploads\/2019\/12\/IMG_0980-kopie-768x383.jpg 768w, https:\/\/life.npsumava.cz\/wp-content\/uploads\/2019\/12\/IMG_0980-kopie-260x130.jpg 260w, https:\/\/life.npsumava.cz\/wp-content\/uploads\/2019\/12\/IMG_0980-kopie-50x25.jpg 50w, https:\/\/life.npsumava.cz\/wp-content\/uploads\/2019\/12\/IMG_0980-kopie-150x75.jpg 150w, https:\/\/life.npsumava.cz\/wp-content\/uploads\/2019\/12\/IMG_0980-kopie.jpg 1248w\" sizes=\"auto, (max-width: 914px) 100vw, 914px\" \/><\/p>\n<hr \/>\n","protected":false},"excerpt":{"rendered":"<p>Grunds\u00e4tzlicher Ansatz Das Prinzip der Revitalisierung besteht darin, unangemessene Eingriffe in den Wasserhaushalt (z. B. Entw\u00e4sserung) zu beseitigen und der Natur zu erm\u00f6glichen, sich anschlie\u00dfend selbst<span class=\"excerpt-hellip\"> [\u2026]<\/span><\/p>\n","protected":false},"author":2,"featured_media":0,"parent":2713,"menu_order":0,"comment_status":"closed","ping_status":"closed","template":"","meta":{"footnotes":""},"class_list":["post-2718","page","type-page","status-publish","hentry"],"_links":{"self":[{"href":"https:\/\/life.npsumava.cz\/de\/wp-json\/wp\/v2\/pages\/2718","targetHints":{"allow":["GET"]}}],"collection":[{"href":"https:\/\/life.npsumava.cz\/de\/wp-json\/wp\/v2\/pages"}],"about":[{"href":"https:\/\/life.npsumava.cz\/de\/wp-json\/wp\/v2\/types\/page"}],"author":[{"embeddable":true,"href":"https:\/\/life.npsumava.cz\/de\/wp-json\/wp\/v2\/users\/2"}],"replies":[{"embeddable":true,"href":"https:\/\/life.npsumava.cz\/de\/wp-json\/wp\/v2\/comments?post=2718"}],"version-history":[{"count":8,"href":"https:\/\/life.npsumava.cz\/de\/wp-json\/wp\/v2\/pages\/2718\/revisions"}],"predecessor-version":[{"id":5232,"href":"https:\/\/life.npsumava.cz\/de\/wp-json\/wp\/v2\/pages\/2718\/revisions\/5232"}],"up":[{"embeddable":true,"href":"https:\/\/life.npsumava.cz\/de\/wp-json\/wp\/v2\/pages\/2713"}],"wp:attachment":[{"href":"https:\/\/life.npsumava.cz\/de\/wp-json\/wp\/v2\/media?parent=2718"}],"curies":[{"name":"wp","href":"https:\/\/api.w.org\/{rel}","templated":true}]}}