{"id":2717,"date":"2019-01-23T13:53:47","date_gmt":"2019-01-23T12:53:47","guid":{"rendered":"http:\/\/life.npsumava.cz\/o-projektu\/proc-voda-a-mokrady\/"},"modified":"2020-01-31T12:06:00","modified_gmt":"2020-01-31T11:06:00","slug":"warum-feuchtgebiete","status":"publish","type":"page","link":"https:\/\/life.npsumava.cz\/de\/projekt\/warum-feuchtgebiete\/","title":{"rendered":"Warum Feuchtgebiete?"},"content":{"rendered":"<hr \/>\n<h5><span style=\"color: #004b21;\"><strong>Verlorenes Wasser<br \/>\n<\/strong><\/span><\/h5>\n<p>Wasser war in letzter Zeit ein viel diskutiertes Thema. Kein Wunder! Extreme Regenf\u00e4lle und gro\u00dfe \u00dcberschwemmungen wirken sich auf die gesamte Gesellschaft aus. Vielen Landnutzern machen h\u00e4ufige Regenf\u00e4lle und \u00f6rtliche \u00dcberschwemmungen zu schaffen. Verheerende D\u00fcrren, wie im Jahr 2015 l\u00f6sten eine starke Resonanz in der Bev\u00f6lkerung, aber auch Politikern, aus. Ganz offen wird heute die Wasserknappheit diskutiert und Strategien werden ausgearbeitet, damit sie nicht noch mehr zu einer echten Bedrohung wird. Die Prognosen f\u00fcr die Zukunft sind nicht sehr optimistisch und zeigen einen Anstieg der durchschnittlichen Jahrestemperatur, einen Anstieg der Anzahl hei\u00dfer und trockener Tage im Sommer, sowie eine h\u00f6here H\u00e4ufigkeit extremer Starkregen.<\/p>\n<p>Diese Probleme sind zum Teil auf den Klimawandel zur\u00fcckzuf\u00fchren. Im B\u00f6hmerwald \u00e4ndert sich die Menge der Niederschlagswirkungen nicht grundlegend, ihr Charakter und ihre zeitliche Verteilung aber schon. Es regnet einfach \u201eanders\u201c, pl\u00f6tzlich und lokal und auch auf kleineren Gebieten. Insgesamt wird die Schneefallmenge reduziert und die H\u00e4ufigkeit von Bodenverdichtungen im Fr\u00fchling nimmt zu. Wasser von kurzfristig starken Regenf\u00e4llen sickert weniger stark ein und l\u00e4uft daher schnell ab. Das Grundwasser wird nicht in ausreichendem Ma\u00dfe aufgef\u00fcllt und die Oberfl\u00e4chengew\u00e4sser leiden allm\u00e4hlich unter Wassermangel.<\/p>\n<div id=\"attachment_4238\" style=\"width: 380px\" class=\"wp-caption alignright\"><a href=\"https:\/\/life.npsumava.cz\/wp-content\/uploads\/2019\/05\/potok.jpg\"><img loading=\"lazy\" decoding=\"async\" aria-describedby=\"caption-attachment-4238\" class=\"wp-image-4238\" src=\"https:\/\/life.npsumava.cz\/wp-content\/uploads\/2019\/05\/potok-300x200.jpg\" alt=\"Ein begradigter und vertiefter Bach leitet das Wasser aus der Landschaft ab\" width=\"370\" height=\"247\" srcset=\"https:\/\/life.npsumava.cz\/wp-content\/uploads\/2019\/05\/potok-300x200.jpg 300w, https:\/\/life.npsumava.cz\/wp-content\/uploads\/2019\/05\/potok-768x512.jpg 768w, https:\/\/life.npsumava.cz\/wp-content\/uploads\/2019\/05\/potok-219x146.jpg 219w, https:\/\/life.npsumava.cz\/wp-content\/uploads\/2019\/05\/potok-50x33.jpg 50w, https:\/\/life.npsumava.cz\/wp-content\/uploads\/2019\/05\/potok-113x75.jpg 113w, https:\/\/life.npsumava.cz\/wp-content\/uploads\/2019\/05\/potok.jpg 780w\" sizes=\"auto, (max-width: 370px) 100vw, 370px\" \/><\/a><p id=\"caption-attachment-4238\" class=\"wp-caption-text\">Ein begradigter und vertiefter Bach leitet das Wasser aus der Landschaft ab<\/p><\/div>\n<p>Die Ver\u00e4nderungen in Landschaft und Umwelt, die der Mensch verursacht hat, leisten einen gro\u00dfen Beitrag dazu. Es ist eine traurige Tatsache, dass die Landschaftsteile, die Wasserhaushalt und -kreislauf direkt pr\u00e4gen und beeinflussen, heute grundlegend gest\u00f6rt sind. Nat\u00fcrliche hydrologische Strukturen wie Wasserl\u00e4ufe, Auen, Quellgebiete und Feuchtgebiete sind heutzutage in Tschechien und Bayern zu einem gro\u00dfen Teil gesch\u00e4digt oder sogar vollst\u00e4ndig zerst\u00f6rt. Die umliegenden Gebiete werden vom Menschen ver\u00e4ndert und verhindern oftmals die nat\u00fcrliche Wasserversickerung in den Boden. Dadurch verliert die Landschaft ihre F\u00e4higkeit, Wasser auf nat\u00fcrliche Weise auszunehmen und zu speichern. Das Wasser, das fr\u00fcher den Menschen \u201eim Wege stand\u201c und die Entwicklung moderner Landnutzungsformen verhinderte, fehlt heute dringend.<\/p>\n<p><strong>\u00a0<\/strong><\/p>\n<p>Wenn wir uns die Landschaft und die Bereiche ansehen, die f\u00fcr den Wasserhaushalt wichtig sind, dann sind die zusammenfassenden Zahlen eine Warnung. Von den urspr\u00fcnglich 1,3 Mio. ha an Feuchtgebieten in Tschechien, die in den 1950er Jahren gemeldet wurden, sind heute nur noch 350 Tsd. ha \u00fcbrig (Just et al. 2003). Somit sind 2\/3 der Feuchtgebiete hier verschwunden. Dies ist im Wesentlichen auf die Intensivierung der landwirtschaftlichen Produktion in den 1970er bis 1980er Jahren zur\u00fcckzuf\u00fchren, als die gro\u00dffl\u00e4chige Entw\u00e4sserung von Feuchtgebieten und die Gl\u00e4ttung kleiner B\u00e4che in gro\u00dfen Mengen durchgef\u00fchrt wurde. Von einer Gesamtfl\u00e4che von 4,3 Mio. ha Ackerland wurden eine Million Hektar (d.h. etwa ein 1\/4) durch Rohrdrainage entw\u00e4ssert. Dar\u00fcber hinaus wurden gro\u00dfe Fl\u00e4chen an Mooren und Feuchtgebieten durch ein System von Oberfl\u00e4chenkan\u00e4len entw\u00e4ssert. Nur auf landwirtschaftlichen Fl\u00e4chen sind rund 7 Tsd. km offene Entw\u00e4sserungsgr\u00e4ben registriert. Abfl\u00fcsse aus Rohrdrainagen addieren sich zu weiteren 4 Tsd. Kilometern. Landwirtschaftliche Drainagesysteme machen insgesamt etwa 15% des beschleunigten Abflusses aus der Landschaft aus (Vopravil et al. 2010). Hinzu kommen die Fl\u00e4chen der oberfl\u00e4chennahen Waldfeuchtgebiete, die zwar riesig sind, jedoch liegen f\u00fcr das ganze Land keine zusammenfassenden Daten vor.<\/p>\n<div id=\"attachment_3576\" style=\"width: 380px\" class=\"wp-caption alignright\"><a href=\"https:\/\/life.npsumava.cz\/wp-content\/uploads\/2019\/04\/IMG_1141.jpg\"><img loading=\"lazy\" decoding=\"async\" aria-describedby=\"caption-attachment-3576\" class=\"wp-image-3576\" src=\"https:\/\/life.npsumava.cz\/wp-content\/uploads\/2019\/04\/IMG_1141-300x200.jpg\" alt=\"Entw\u00e4sserungsgr\u00e4ben\" width=\"370\" height=\"247\" srcset=\"https:\/\/life.npsumava.cz\/wp-content\/uploads\/2019\/04\/IMG_1141-300x200.jpg 300w, https:\/\/life.npsumava.cz\/wp-content\/uploads\/2019\/04\/IMG_1141-768x512.jpg 768w, https:\/\/life.npsumava.cz\/wp-content\/uploads\/2019\/04\/IMG_1141-219x146.jpg 219w, https:\/\/life.npsumava.cz\/wp-content\/uploads\/2019\/04\/IMG_1141-50x33.jpg 50w, https:\/\/life.npsumava.cz\/wp-content\/uploads\/2019\/04\/IMG_1141-113x75.jpg 113w, https:\/\/life.npsumava.cz\/wp-content\/uploads\/2019\/04\/IMG_1141.jpg 780w\" sizes=\"auto, (max-width: 370px) 100vw, 370px\" \/><\/a><p id=\"caption-attachment-3576\" class=\"wp-caption-text\">Entw\u00e4sserungsgr\u00e4ben<\/p><\/div>\n<p>Grunds\u00e4tzlich wurde die Gesamtl\u00e4nge der Wasserl\u00e4ufe von urspr\u00fcnglich 76.000 km durch regulatorische Anpassungen um ein Drittel reduziert (Simon et al. 2008). Mit einigen Ausnahmen wurden alle Hauptstr\u00f6me begradigt und angepasst. Ein betr\u00e4chtlicher Teil der kleinen Wasserl\u00e4ufe (\u00fcber 14 Tsd. km) wurde ebenfalls reguliert, die haupts\u00e4chlich auf landwirtschaftlich genutzten Fl\u00e4chen in gerade und tiefe Kan\u00e4le umgewandelt wurden und Teil des Drainagesystems wurden. \u00c4hnliche Eingriffe in die Landschaft wurden so h\u00e4ufig vorgenommen, dass die meisten Menschen den aktuellen Zustand bereits als v\u00f6llig normal ansehen und einen m\u00e4andrierenden Bach oder Fluss in ihrer Umgebung gar nicht mehr antreffen und sich diesen sogar nicht mehr vorstellen k\u00f6nnen. Der Verlust nat\u00fcrlicher Wasserl\u00e4ufe multipliziert sich mit der Aufl\u00f6sung ihrer Auen (Fluss- und Bachauen), die regelm\u00e4\u00dfig \u00fcberschwemmt wurden und wo das Wasser weitgehend in den Boden einsickern konnte. Die Gesamtfl\u00e4che der Flussauen in der Tschechischen Republik betr\u00e4gt 3 791 km<sup>2<\/sup> (5% der Fl\u00e4che, Demek et al. 2011), aber ein gro\u00dfer Teil von ihnen ist derzeit vom Wasserlauf isoliert, entw\u00e4ssert und wird intensiv genutzt und in vielen F\u00e4llen sogar verbaut.<\/p>\n<p>Auch in Deutschland wurden 95% der urspr\u00fcnglichen Moorfl\u00e4chen vernichtet. Bereits im 18. und 19. Jahrhundert begann die oft m\u00fchsame Moorkultivierung \u2013 teils mit gro\u00df angelegten staatlichen F\u00f6rderprogrammen \u2013 um landwirtschaftliche Nutz- und Siedlungsfl\u00e4chen zu gewinnen. Die Folge ist ein massiver Eingriff in den Wasserhaushalt der Landschaft und immense Verluste an Lebensr\u00e4umen sowie Artenvielfalt. Mehr zu Mooren, Feuchtgebieten und Gew\u00e4ssern in Bayern finden Sie hier: <strong><a href=\"https:\/\/www.bund-naturschutz.de\/natur-und-landschaft.html\">BUND<\/a><\/strong><\/p>\n<hr \/>\n<h5><strong><span style=\"color: #004b21;\">Die Bedeutung von Feuchtgebieten in der Landschaft<br \/>\n<\/span><\/strong><\/h5>\n<p>Die Bedeutung von Feuchtgebieten f\u00fcr den Wasserhaushalt und das gesunde Funktionieren der Landschaft wurde lange Zeit \u00fcbersehen. Erst jetzt ist ihr wirklicher Wert und ihre Rolle f\u00fcr eine m\u00f6gliche Abschw\u00e4chung der Auswirkungen des Klimawandels erkennbar. Feuchtgebiete speichern langfristig Wasser, sie sind daher vor allem in der Trockenzeit wichtige Wasserreservoirs. Aufgrund starker Verdunstung beeinflussen sie die \u00f6rtlichen klimatischen Bedingungen, senken die Lufttemperatur und erh\u00f6hen die relative Luftfeuchtigkeit. So k\u00fchlen Feuchtgebiete die Landschaft effektiv ab \u2013 an hei\u00dfen Sommertagen k\u00f6nnen Temperaturunterschiede \u00fcber bebauten oder trockenen Freifl\u00e4chen in der Gr\u00f6\u00dfenordnung von mehreren zehn Grad Celsius liegen. Feuchtgebiete unterst\u00fctzen somit den lokalen Kreislauf von Wasser- und Verdunstungsniederschl\u00e4gen \u00e4hnlich wie Waldbest\u00e4nde. Dar\u00fcber hinaus liefern sie das notwendige Wasser f\u00fcr die Vegetation und der Tierwelt in ihrer Umgebung, was besonders in D\u00fcrrezeiten wichtig ist.<\/p>\n<p>Andererseits spielen Feuchtgebiete eine geringere Rolle bei der Aufnahme extremer Niederschl\u00e4ge, da ihr Boden normalerweise schnell mit Wasser ges\u00e4ttigt ist und dann \u00fcber die Oberfl\u00e4che abflie\u00dft. Der Oberfl\u00e4chenabfluss wird jedoch insbesondere durch die Vegetation und das Mikrorelief beeintr\u00e4chtigt. Feuchtgebiete halten Wasser aus gem\u00e4\u00dfigten Niederschl\u00e4gen besser zur\u00fcck. Die Ausnahme bilden Feuchtgebiete in T\u00e4lern und Auen, die auch bei starken Regenf\u00e4llen gro\u00dfe Mengen an Hochwasser aus Wasserl\u00e4ufen auffangen.<\/p>\n<p><img loading=\"lazy\" decoding=\"async\" class=\"alignnone wp-image-3574\" src=\"https:\/\/life.npsumava.cz\/wp-content\/uploads\/2019\/04\/IMG_5119omaly-300x83.jpg\" alt=\"\" width=\"922\" height=\"255\" srcset=\"https:\/\/life.npsumava.cz\/wp-content\/uploads\/2019\/04\/IMG_5119omaly-300x83.jpg 300w, https:\/\/life.npsumava.cz\/wp-content\/uploads\/2019\/04\/IMG_5119omaly-768x211.jpg 768w, https:\/\/life.npsumava.cz\/wp-content\/uploads\/2019\/04\/IMG_5119omaly-260x72.jpg 260w, https:\/\/life.npsumava.cz\/wp-content\/uploads\/2019\/04\/IMG_5119omaly-50x14.jpg 50w, https:\/\/life.npsumava.cz\/wp-content\/uploads\/2019\/04\/IMG_5119omaly-150x41.jpg 150w, https:\/\/life.npsumava.cz\/wp-content\/uploads\/2019\/04\/IMG_5119omaly.jpg 920w\" sizes=\"auto, (max-width: 922px) 100vw, 922px\" \/><\/p>\n<h5><span style=\"color: #004b21;\"><strong>Warum ist es gut, Feuchtgebiete in die Landschaft zur\u00fcckzuf\u00fchren?<br \/>\n<\/strong><\/span><\/h5>\n<p>Die schrittweise Renaturierung und \u00f6kologische Aufwertung von Feuchtgebieten in der Landschaft ist eine wichtige Ma\u00dfnahme, die das Wasser in der Landschaft h\u00e4lt und die Auswirkungen h\u00e4ufiger Trockenperioden im Zusammenhang mit dem Klimawandel erheblich mildern kann. Dar\u00fcber hinaus ist die Wiederherstellung nat\u00fcrlicher Wasserl\u00e4ufe und insbesondere ihrer \u00dcberschwemmungszonen eine wichtige Ma\u00dfnahme zur Kontrolle von \u00dcberschwemmungen, mit der gro\u00dfe Wassermengen aus extremen Niederschl\u00e4gen aufgefangen (zur\u00fcckgehalten) werden k\u00f6nnen und deren Versickerung in den Boden gef\u00f6rdert wird. Die Renaturierung von Feuchtgebieten l\u00f6st somit den Kern des Problems, d.h. die Wiederherstellung eines funktionierenden Wasserhaushalts, der Wasser in der Landschaft und in seinem Kreislauf h\u00e4lt, sodass es nicht allm\u00e4hlich verschwindet und Wasserressourcen nicht verloren gehen.<\/p>\n<p><strong>Quellen:<\/strong><\/p>\n<p><em>Jarom\u00edr Demek<\/em> a kolektiv (2011): Zm\u011bny ekosyst\u00e9mov\u00fdch slu\u017eeb po\u0159\u00ed\u010dn\u00edch a \u00fadoln\u00edch niv v \u010cesk\u00e9 republice jako v\u00fdsledek v\u00fdvoje vyu\u017e\u00edv\u00e1n\u00ed zem\u011b v posledn\u00edch 250 letech <span class=\"st\">\u2013<\/span> V\u00daKOZ, Praha<\/p>\n<p><span class=\"st\"><em>Tom\u00e1\u0161 Just<\/em> a kolektiv (2003): Revitalizace vodn\u00edho prost\u0159ed\u00ed \u2013 AOPK \u010cR, Praha<\/span><\/p>\n<p><em>Jan Vopravil<\/em> a kolektiv (2010): P\u016fda a jej\u00ed hodnocen\u00ed v \u010cR <span class=\"st\">\u2013<\/span> V\u00fdzkumn\u00fd \u00fastav meliorac\u00ed a ochrany p\u016fdy, Praha<\/p>\n","protected":false},"excerpt":{"rendered":"<p>Verlorenes Wasser Wasser war in letzter Zeit ein viel diskutiertes Thema. Kein Wunder! Extreme Regenf\u00e4lle und gro\u00dfe \u00dcberschwemmungen wirken sich auf die gesamte Gesellschaft aus. Vielen<span class=\"excerpt-hellip\"> [\u2026]<\/span><\/p>\n","protected":false},"author":2,"featured_media":0,"parent":2713,"menu_order":0,"comment_status":"closed","ping_status":"closed","template":"","meta":{"footnotes":""},"class_list":["post-2717","page","type-page","status-publish","hentry"],"_links":{"self":[{"href":"https:\/\/life.npsumava.cz\/de\/wp-json\/wp\/v2\/pages\/2717","targetHints":{"allow":["GET"]}}],"collection":[{"href":"https:\/\/life.npsumava.cz\/de\/wp-json\/wp\/v2\/pages"}],"about":[{"href":"https:\/\/life.npsumava.cz\/de\/wp-json\/wp\/v2\/types\/page"}],"author":[{"embeddable":true,"href":"https:\/\/life.npsumava.cz\/de\/wp-json\/wp\/v2\/users\/2"}],"replies":[{"embeddable":true,"href":"https:\/\/life.npsumava.cz\/de\/wp-json\/wp\/v2\/comments?post=2717"}],"version-history":[{"count":8,"href":"https:\/\/life.npsumava.cz\/de\/wp-json\/wp\/v2\/pages\/2717\/revisions"}],"predecessor-version":[{"id":5473,"href":"https:\/\/life.npsumava.cz\/de\/wp-json\/wp\/v2\/pages\/2717\/revisions\/5473"}],"up":[{"embeddable":true,"href":"https:\/\/life.npsumava.cz\/de\/wp-json\/wp\/v2\/pages\/2713"}],"wp:attachment":[{"href":"https:\/\/life.npsumava.cz\/de\/wp-json\/wp\/v2\/media?parent=2717"}],"curies":[{"name":"wp","href":"https:\/\/api.w.org\/{rel}","templated":true}]}}