{"id":2715,"date":"2019-01-23T13:55:19","date_gmt":"2019-01-23T12:55:19","guid":{"rendered":"http:\/\/life.npsumava.cz\/o-projektu\/ocekavane-prinosy\/"},"modified":"2020-01-20T15:15:06","modified_gmt":"2020-01-20T14:15:06","slug":"erwartete-vorteile","status":"publish","type":"page","link":"https:\/\/life.npsumava.cz\/de\/projekt\/erwartete-vorteile\/","title":{"rendered":"Erwartete Vorteile"},"content":{"rendered":"<hr \/>\n<h5><span style=\"color: #004b21;\"><strong>Erwartete Vorteile<br \/>\n<\/strong><\/span><\/h5>\n<p>Das Projekt zielt in erster Linie auf die Verbesserung des nat\u00fcrlichen Zustands von Feucht- und Moorgebieten und die allgemeine Wiederherstellung des Wasserhaushalts in der Landschaft ab. Ein gro\u00dfer Teil ist auch die Sensibilisierung und Informiertheit der \u00d6ffentlichkeit f\u00fcr die Bedeutung von Feuchtgebieten und der Abschw\u00e4chung der Auswirkungen des anhaltenden Klimawandels und den Wetterschwankungen (insbesondere extremer D\u00fcrreperioden) gewidmet. Das Projekt tr\u00e4gt auch dazu bei, die \u00d6ffentlichkeit f\u00fcr das europ\u00e4ische Natura-2000-Schutzgebietsnetz und die Bedeutung des LIFE-F\u00f6rderprogramms der EU zu sensibilisieren.<\/p>\n<p>Die wichtigsten erwarteten Ergebnisse der direkten Schutz- und Revitalisierungsma\u00dfnahmen f\u00fcr Moor- und Feuchtgebiete:<\/p>\n<ul>\n<li>Revitalisierung von 1.672 ha trocken gefallener Moore und Feuchtgebiete, von denen 894 ha vorrangige Lebensr\u00e4ume des Natura-2000-Schutzgebietsnetzes sind, z. B. aktive Moore und Moorw\u00e4lder<\/li>\n<li>Erneuerung des industriell abgebauten Torfes der Wolfspinge (Vl\u010d\u00ed j\u00e1my) auf einer Fl\u00e4che von 17 ha<\/li>\n<li><span style=\"color: #38694b;\"><img loading=\"lazy\" decoding=\"async\" class=\"size-medium wp-image-3626 alignright\" src=\"https:\/\/life.npsumava.cz\/wp-content\/uploads\/2019\/04\/tet\u0159\u00edvci-300x140.jpg\" alt=\"\" width=\"300\" height=\"140\" srcset=\"https:\/\/life.npsumava.cz\/wp-content\/uploads\/2019\/04\/tet\u0159\u00edvci-300x140.jpg 300w, https:\/\/life.npsumava.cz\/wp-content\/uploads\/2019\/04\/tet\u0159\u00edvci-768x358.jpg 768w, https:\/\/life.npsumava.cz\/wp-content\/uploads\/2019\/04\/tet\u0159\u00edvci-260x121.jpg 260w, https:\/\/life.npsumava.cz\/wp-content\/uploads\/2019\/04\/tet\u0159\u00edvci-50x23.jpg 50w, https:\/\/life.npsumava.cz\/wp-content\/uploads\/2019\/04\/tet\u0159\u00edvci-150x70.jpg 150w, https:\/\/life.npsumava.cz\/wp-content\/uploads\/2019\/04\/tet\u0159\u00edvci.jpg 803w\" sizes=\"auto, (max-width: 300px) 100vw, 300px\" \/><\/span>Verbesserung der Lebensr\u00e4ume f\u00fcr das Birkhuhn auf 152 ha und Wiederherstellung des funktionierenden Wasserhaushalts in der Landschaft auf 427 ha<\/li>\n<li>Auf bayerischer Seite wird auf einer Fl\u00e4che von 21 ha der Schutz und die Revitalisierung kleiner Feuchtgebiete und Moore in der N\u00e4he von Siedlungen sichergestellt<\/li>\n<li>W\u00e4hrend der Projektdurchf\u00fchrung werden mehr als 80 km Entw\u00e4sserungskan\u00e4le blockiert und ca. 13 km kleine Gebirgsb\u00e4che wiederhergestellt<\/li>\n<\/ul>\n<hr \/>\n<p><img loading=\"lazy\" decoding=\"async\" class=\"alignnone wp-image-3328\" src=\"https:\/\/life.npsumava.cz\/wp-content\/uploads\/2019\/04\/55_Sphagnum-flexuosum-Novoh\u016freck\u00e1-IMG_7837o-300x83.jpg\" alt=\"\" width=\"922\" height=\"255\" srcset=\"https:\/\/life.npsumava.cz\/wp-content\/uploads\/2019\/04\/55_Sphagnum-flexuosum-Novoh\u016freck\u00e1-IMG_7837o-300x83.jpg 300w, https:\/\/life.npsumava.cz\/wp-content\/uploads\/2019\/04\/55_Sphagnum-flexuosum-Novoh\u016freck\u00e1-IMG_7837o-768x212.jpg 768w, https:\/\/life.npsumava.cz\/wp-content\/uploads\/2019\/04\/55_Sphagnum-flexuosum-Novoh\u016freck\u00e1-IMG_7837o-1024x283.jpg 1024w, https:\/\/life.npsumava.cz\/wp-content\/uploads\/2019\/04\/55_Sphagnum-flexuosum-Novoh\u016freck\u00e1-IMG_7837o-260x72.jpg 260w, https:\/\/life.npsumava.cz\/wp-content\/uploads\/2019\/04\/55_Sphagnum-flexuosum-Novoh\u016freck\u00e1-IMG_7837o-50x14.jpg 50w, https:\/\/life.npsumava.cz\/wp-content\/uploads\/2019\/04\/55_Sphagnum-flexuosum-Novoh\u016freck\u00e1-IMG_7837o-150x41.jpg 150w, https:\/\/life.npsumava.cz\/wp-content\/uploads\/2019\/04\/55_Sphagnum-flexuosum-Novoh\u016freck\u00e1-IMG_7837o.jpg 1536w\" sizes=\"auto, (max-width: 922px) 100vw, 922px\" \/><\/p>\n<hr \/>\n<p>Dar\u00fcber hinaus sollen diese Ma\u00dfnahmen dazu beitragen, die CO2-Emissionen aus entw\u00e4sserten Mooren um etwa 125 Tonnen pro Jahr zu senken, und insgesamt wird das in Feuchtgebieten angesammelte Wasservolumen um etwa 170.000 m<sup>3<\/sup> zunehmen.<\/p>\n<hr \/>\n<p>Die revitalisierten Standorte werden engmaschig \u00fcberwacht, um den Erfolg der Revitalisierungsma\u00dfnahmen zu bewerten. Ein wichtiger Vorteil des Projekts sind die Ergebnisse des Erfolgskontrolle (Monitoring), die zeigen, wie Feuchtgebiete auf die umgesetzten Ma\u00dfnahmen reagieren und wie effektiv sie sind.<\/p>\n<div id=\"attachment_3603\" style=\"width: 219px\" class=\"wp-caption alignright\"><a style=\"color: #000000;\" href=\"https:\/\/life.npsumava.cz\/wp-content\/uploads\/2019\/04\/IMG_3830.jpg\"><img loading=\"lazy\" decoding=\"async\" aria-describedby=\"caption-attachment-3603\" class=\"wp-image-3603\" src=\"https:\/\/life.npsumava.cz\/wp-content\/uploads\/2019\/04\/IMG_3830-200x300.jpg\" alt=\"\" width=\"209\" height=\"314\" srcset=\"https:\/\/life.npsumava.cz\/wp-content\/uploads\/2019\/04\/IMG_3830-200x300.jpg 200w, https:\/\/life.npsumava.cz\/wp-content\/uploads\/2019\/04\/IMG_3830-97x146.jpg 97w, https:\/\/life.npsumava.cz\/wp-content\/uploads\/2019\/04\/IMG_3830-33x50.jpg 33w, https:\/\/life.npsumava.cz\/wp-content\/uploads\/2019\/04\/IMG_3830-50x75.jpg 50w, https:\/\/life.npsumava.cz\/wp-content\/uploads\/2019\/04\/IMG_3830.jpg 520w\" sizes=\"auto, (max-width: 209px) 100vw, 209px\" \/><\/a><p id=\"caption-attachment-3603\" class=\"wp-caption-text\">Breitbl\u00e4ttriges Knabenkraut<\/p><\/div>\n<ul>\n<li>Im Rahmen des Projekts wird ein Handbuch ver\u00f6ffentlicht, in dem die detaillierte Methodik der durchgef\u00fchrten Ma\u00dfnahmen sowie eine spezifische Quantifizierung des Revitalisierungseffekts auf Feuchtgebiete und Moore zusammengefasst sind. Die Auswirkungen der durchgef\u00fchrten Ma\u00dfnahmen auf die Erh\u00f6hung des Grundwasserspiegels, die Gesamtwasseraufnahme\/-retention in der Landschaft, die Wasserqualit\u00e4t, die Minderung von Temperaturextremen und die \u00dcberhitzung der Landschaft oder Artenvielfalt werden bewertet.<\/li>\n<li>Diese Publikation und andere Erfahrungen aus dem Projekt k\u00f6nnen bei anderen Revitalisierungs-Projekten in anderen Teilen der Tschechischen Republik oder im Ausland verwendet werden. Dar\u00fcber hinaus k\u00f6nnen sie von anderen Organisationen f\u00fcr ein optimales Management und Schutz von Feuchtgebieten und Mooren genutzt werden.<\/li>\n<li>Auf der Grundlage der Erfolgskontrolle wird eine Liste von Indikatoren erstellt, die auf gravierende Verschlechterungen in priorit\u00e4ren Lebensr\u00e4umen hinweisen und die bei der Auswahl und Bestimmung der Revitalisierungsmethode verwendet werden k\u00f6nnen.<\/li>\n<li>Im Rahmen des Projekts werden zwei Expertenkonferenzen zum Erfahrungsaustausch auf dem Gebiet der Revitalisierungstechnologie sowie zum Monitoring von Feucht- und Moorgebieten und zur Bewertung des Revitalisierungseffekts veranstaltet.<\/li>\n<\/ul>\n<hr \/>\n<p>Das Projekt umfasst setzt ebenfalls viele Aktivit\u00e4ten im Bereich der \u00d6ffentlichkeitsarbeit und der grenz\u00fcbergreifenden Zusammenarbeit um. Dies umfasst eine Reihe von Aktivit\u00e4ten, die die Bev\u00f6lkerung direkt beim Schutz von Feuchtgebieten beteiligt.<\/p>\n<p>Die wichtigsten erwarteten Ergebnisse im Bereich \u00d6ffentlichkeitsarbeit:<\/p>\n<ul>\n<li>Direkte Beteiligung der \u00d6ffentlichkeit an der Moorrettung durch \u201eFreiwilligentage f\u00fcr Moore\u201c \u2013 rund 50 Freiwilligenveranstaltungen sind geplant<\/li>\n<li>Umfassendes Bildungsprogramm f\u00fcr Schulen mit Schwerpunkt auf Wasserhaushalt und Feuchtgebieten, einschlie\u00dflich eines bebilderten Lehrbuchs und anderer didaktischer Materialien und Veranstaltungen f\u00fcr Sch\u00fcler und Lehrer (gro\u00dfer Feuchtgebietswettbewerb, Exkursionen f\u00fcr Sch\u00fcler, Lehrerausbildung usw.)\n<p><div id=\"attachment_3628\" style=\"width: 342px\" class=\"wp-caption alignright\"><a href=\"https:\/\/life.npsumava.cz\/wp-content\/uploads\/2019\/04\/horsk\u00e9-ra\u0161elini\u0161t\u011b-5-let-po-revitalizaciIMG_9887gg.jpg\"><img loading=\"lazy\" decoding=\"async\" aria-describedby=\"caption-attachment-3628\" class=\"wp-image-3628 \" src=\"https:\/\/life.npsumava.cz\/wp-content\/uploads\/2019\/04\/horsk\u00e9-ra\u0161elini\u0161t\u011b-5-let-po-revitalizaciIMG_9887gg-300x200.jpg\" alt=\"\" width=\"332\" height=\"221\" srcset=\"https:\/\/life.npsumava.cz\/wp-content\/uploads\/2019\/04\/horsk\u00e9-ra\u0161elini\u0161t\u011b-5-let-po-revitalizaciIMG_9887gg-300x200.jpg 300w, https:\/\/life.npsumava.cz\/wp-content\/uploads\/2019\/04\/horsk\u00e9-ra\u0161elini\u0161t\u011b-5-let-po-revitalizaciIMG_9887gg-768x512.jpg 768w, https:\/\/life.npsumava.cz\/wp-content\/uploads\/2019\/04\/horsk\u00e9-ra\u0161elini\u0161t\u011b-5-let-po-revitalizaciIMG_9887gg-219x146.jpg 219w, https:\/\/life.npsumava.cz\/wp-content\/uploads\/2019\/04\/horsk\u00e9-ra\u0161elini\u0161t\u011b-5-let-po-revitalizaciIMG_9887gg-50x33.jpg 50w, https:\/\/life.npsumava.cz\/wp-content\/uploads\/2019\/04\/horsk\u00e9-ra\u0161elini\u0161t\u011b-5-let-po-revitalizaciIMG_9887gg-113x75.jpg 113w, https:\/\/life.npsumava.cz\/wp-content\/uploads\/2019\/04\/horsk\u00e9-ra\u0161elini\u0161t\u011b-5-let-po-revitalizaciIMG_9887gg.jpg 780w\" sizes=\"auto, (max-width: 332px) 100vw, 332px\" \/><\/a><p id=\"caption-attachment-3628\" class=\"wp-caption-text\">Freiwillige bei den sogenannten Moortagen<\/p><\/div><\/li>\n<li>Lehrfilm \u00fcber Wasser, Feuchtgebiete und Revitalisierungen<\/li>\n<li>Bild- und Fotobuch \u201eWasser &#8211; verloren und zur\u00fcckgekehrt\u201c f\u00fcr Laien, die sich mit Wasser, Sumpfgebieten und Mooren im B\u00f6hmerwald und deren Revitalisierung besch\u00e4ftigen<\/li>\n<li>Umfangreiches Programm f\u00fcr Besucher und Einheimische auf beiden Seiten der Grenze zum Thema Wasser in der Landschaft und in Feuchtgebieten mit Vortr\u00e4gen, \u00f6ffentlichen Diskussionen, Exkursionen, Informationsmaterialien usw.<\/li>\n<li>Umsetzung von LIFE for MIRES-Sommerfesten f\u00fcr Einheimische und VertreterInnen der Gemeinden zum Thema Wasser, Naturschutz und Gr\u00fcnes Band auf beiden Seiten der Grenze<\/li>\n<\/ul>\n<hr \/>\n<p><span style=\"color: #38694b;\"><strong>Weitere Schwerpunkte:<\/strong><\/span><\/p>\n<ul>\n<li>Vertiefung der grenz\u00fcberschreitenden Zusammenarbeit von tschechischen und bayerischen Partnern<\/li>\n<li>Erfahrungsaustausch zu den Methoden der Revitalisierung des Wasserhaushalts auch f\u00fcr andere Akteure au\u00dferhalb des Bereichs Naturschutz (Gemeinden, Verwaltungsbeh\u00f6rden, gemeinn\u00fctzige Organisationen usw.)<\/li>\n<li>Vertiefung der internationalen Zusammenarbeit mit Gruppen und Institutionen, die sich mit denselben Themen befassen<\/li>\n<li>Umsetzung nationaler Naturschutz- und Biodiversit\u00e4tsstrategien: Staatliche Umweltpolitik der Tschechischen Republik 2012 \u2013 2020; Strategie zur Anpassung an den Klimawandel in der Tschechischen Republik; Umsetzung der deutschen und bayerischen Biodiversit\u00e4tsstrategie<\/li>\n<li>Wirtschaftliche Vorteile f\u00fcr die Region (Beauftragung lokaler Anbieter bei der Umsetzung von Ma\u00dfnahmen\/Dienstleistungen, Programme f\u00fcr Besucher, Steigerung der Attraktivit\u00e4t des Gebiets f\u00fcr Touristen)<\/li>\n<\/ul>\n<h4><\/h4>\n<p>&nbsp;<\/p>\n<hr \/>\n","protected":false},"excerpt":{"rendered":"<p>Erwartete Vorteile Das Projekt zielt in erster Linie auf die Verbesserung des nat\u00fcrlichen Zustands von Feucht- und Moorgebieten und die allgemeine Wiederherstellung des Wasserhaushalts in der<span class=\"excerpt-hellip\"> [\u2026]<\/span><\/p>\n","protected":false},"author":2,"featured_media":0,"parent":2713,"menu_order":0,"comment_status":"closed","ping_status":"closed","template":"","meta":{"footnotes":""},"class_list":["post-2715","page","type-page","status-publish","hentry"],"_links":{"self":[{"href":"https:\/\/life.npsumava.cz\/de\/wp-json\/wp\/v2\/pages\/2715","targetHints":{"allow":["GET"]}}],"collection":[{"href":"https:\/\/life.npsumava.cz\/de\/wp-json\/wp\/v2\/pages"}],"about":[{"href":"https:\/\/life.npsumava.cz\/de\/wp-json\/wp\/v2\/types\/page"}],"author":[{"embeddable":true,"href":"https:\/\/life.npsumava.cz\/de\/wp-json\/wp\/v2\/users\/2"}],"replies":[{"embeddable":true,"href":"https:\/\/life.npsumava.cz\/de\/wp-json\/wp\/v2\/comments?post=2715"}],"version-history":[{"count":7,"href":"https:\/\/life.npsumava.cz\/de\/wp-json\/wp\/v2\/pages\/2715\/revisions"}],"predecessor-version":[{"id":5199,"href":"https:\/\/life.npsumava.cz\/de\/wp-json\/wp\/v2\/pages\/2715\/revisions\/5199"}],"up":[{"embeddable":true,"href":"https:\/\/life.npsumava.cz\/de\/wp-json\/wp\/v2\/pages\/2713"}],"wp:attachment":[{"href":"https:\/\/life.npsumava.cz\/de\/wp-json\/wp\/v2\/media?parent=2715"}],"curies":[{"name":"wp","href":"https:\/\/api.w.org\/{rel}","templated":true}]}}