{"id":2714,"date":"2019-01-23T13:54:39","date_gmt":"2019-01-23T12:54:39","guid":{"rendered":"http:\/\/life.npsumava.cz\/o-projektu\/cile-projektu\/"},"modified":"2019-12-16T11:39:06","modified_gmt":"2019-12-16T10:39:06","slug":"projektziele","status":"publish","type":"page","link":"https:\/\/life.npsumava.cz\/de\/projekt\/projektziele\/","title":{"rendered":"Projektziele"},"content":{"rendered":"\n\t\t\t<!-- START Projektziele REVOLUTION SLIDER 6.7.33 --><p class=\"rs-p-wp-fix\"><\/p>\n\t\t\t<rs-module-wrap id=\"rev_slider_10_1_wrapper\" data-source=\"gallery\" style=\"visibility:hidden;background:transparent;padding:0;margin:0px auto;margin-top:0;margin-bottom:0;\">\n\t\t\t\t<rs-module id=\"rev_slider_10_1\" style=\"\" data-version=\"6.7.33\">\n\t\t\t\t\t<rs-slides style=\"overflow: hidden; position: absolute;\">\n\t\t\t\t\t\t<rs-slide style=\"position: absolute;\" data-key=\"rs-10\" data-title=\"Slide\" data-anim=\"adpr:false;\">\n\t\t\t\t\t\t\t<img decoding=\"async\" src=\"\/\/life.npsumava.cz\/wp-content\/plugins\/revslider\/sr6\/assets\/assets\/dummy.png\" alt=\"\" title=\"Projektziele\" class=\"rev-slidebg tp-rs-img rs-lazyload\" data-lazyload=\"\/\/life.npsumava.cz\/wp-content\/uploads\/2019\/12\/hlavnistrana3.jpg\" data-parallax=\"8\" data-no-retina>\n<!--\n\t\t\t\t\t\t\t--><rs-layer\n\t\t\t\t\t\t\t\tid=\"slider-10-slide-10-layer-1\" \n\t\t\t\t\t\t\t\tclass=\"mfnrs_eco_large rs-pxl-3\"\n\t\t\t\t\t\t\t\tdata-type=\"text\"\n\t\t\t\t\t\t\t\tdata-color=\"#004923\"\n\t\t\t\t\t\t\t\tdata-rsp_ch=\"on\"\n\t\t\t\t\t\t\t\tdata-xy=\"x:c;xo:-471px;y:c;yo:-219px;\"\n\t\t\t\t\t\t\t\tdata-text=\"s:40;l:70;fw:500;a:center;\"\n\t\t\t\t\t\t\t\tdata-frame_0=\"sX:0.9;sY:0.9;tp:600;\"\n\t\t\t\t\t\t\t\tdata-frame_1=\"tp:600;st:329.99969482422;sp:1500;sR:329.99969482422;\"\n\t\t\t\t\t\t\t\tdata-frame_999=\"o:0;tp:600;e:nothing;st:w;sR:7170;\"\n\t\t\t\t\t\t\t\tstyle=\"z-index:5;font-family:'Ubuntu';\"\n\t\t\t\t\t\t\t>HAUPTZIELE: \n\t\t\t\t\t\t\t<\/rs-layer><!--\n\n\t\t\t\t\t\t\t--><rs-layer\n\t\t\t\t\t\t\t\tid=\"slider-10-slide-10-layer-13\" \n\t\t\t\t\t\t\t\tdata-type=\"text\"\n\t\t\t\t\t\t\t\tdata-color=\"#194920\"\n\t\t\t\t\t\t\t\tdata-rsp_ch=\"on\"\n\t\t\t\t\t\t\t\tdata-xy=\"x:82px;y:75px;\"\n\t\t\t\t\t\t\t\tdata-text=\"s:25;l:22;a:inherit;\"\n\t\t\t\t\t\t\t\tdata-frame_0=\"tp:600;\"\n\t\t\t\t\t\t\t\tdata-frame_1=\"tp:600;st:2769.9996948242;sp:800;sR:2769.9996948242;\"\n\t\t\t\t\t\t\t\tdata-frame_999=\"o:0;tp:600;st:w;sR:5430;\"\n\t\t\t\t\t\t\t\tstyle=\"z-index:6;font-family:'Ubuntu';\"\n\t\t\t\t\t\t\t>Grenz\u00fcberschreitende Renaturierung von Mooren, Feuchtgebieten und vom nat\u00fcrlichen \n\t\t\t\t\t\t\t<\/rs-layer><!--\n\n\t\t\t\t\t\t\t--><rs-layer\n\t\t\t\t\t\t\t\tid=\"slider-10-slide-10-layer-14\" \n\t\t\t\t\t\t\t\tdata-type=\"text\"\n\t\t\t\t\t\t\t\tdata-color=\"#18441b\"\n\t\t\t\t\t\t\t\tdata-rsp_ch=\"on\"\n\t\t\t\t\t\t\t\tdata-xy=\"x:91px;y:141px;\"\n\t\t\t\t\t\t\t\tdata-text=\"s:25;l:22;a:inherit;\"\n\t\t\t\t\t\t\t\tdata-frame_0=\"tp:600;\"\n\t\t\t\t\t\t\t\tdata-frame_1=\"tp:600;st:5009.9996948242;sp:800;sR:5009.9996948242;\"\n\t\t\t\t\t\t\t\tdata-frame_999=\"o:0;tp:600;st:w;sR:3190;\"\n\t\t\t\t\t\t\t\tstyle=\"z-index:7;font-family:'Ubuntu';\"\n\t\t\t\t\t\t\t>Verbesserung des Birkhuhn-Biotops \n\t\t\t\t\t\t\t<\/rs-layer><!--\n\n\t\t\t\t\t\t\t--><rs-layer\n\t\t\t\t\t\t\t\tid=\"slider-10-slide-10-layer-15\" \n\t\t\t\t\t\t\t\tdata-type=\"text\"\n\t\t\t\t\t\t\t\tdata-color=\"#18491c\"\n\t\t\t\t\t\t\t\tdata-rsp_ch=\"on\"\n\t\t\t\t\t\t\t\tdata-xy=\"x:95px;y:188px;\"\n\t\t\t\t\t\t\t\tdata-text=\"s:25;l:22;a:inherit;\"\n\t\t\t\t\t\t\t\tdata-dim=\"w:1001px;h:24px;\"\n\t\t\t\t\t\t\t\tdata-frame_0=\"tp:600;\"\n\t\t\t\t\t\t\t\tdata-frame_1=\"tp:600;st:7329.9996948242;sp:800;sR:7329.9996948242;\"\n\t\t\t\t\t\t\t\tdata-frame_999=\"o:0;tp:600;st:w;sR:870;\"\n\t\t\t\t\t\t\t\tstyle=\"z-index:8;font-family:'Ubuntu';\"\n\t\t\t\t\t\t\t>Beteiligung der \u00d6ffentlichkeit an der Renaturierung der Moore und Sensibilisierung \n\t\t\t\t\t\t\t<\/rs-layer><!--\n\n\t\t\t\t\t\t\t--><rs-layer\n\t\t\t\t\t\t\t\tid=\"slider-10-slide-10-layer-16\" \n\t\t\t\t\t\t\t\tdata-type=\"text\"\n\t\t\t\t\t\t\t\tdata-color=\"#19491f\"\n\t\t\t\t\t\t\t\tdata-rsp_ch=\"on\"\n\t\t\t\t\t\t\t\tdata-xy=\"x:96px;y:221px;\"\n\t\t\t\t\t\t\t\tdata-text=\"s:25;l:22;a:inherit;\"\n\t\t\t\t\t\t\t\tdata-dim=\"w:1001px;h:24px;\"\n\t\t\t\t\t\t\t\tdata-frame_0=\"tp:600;\"\n\t\t\t\t\t\t\t\tdata-frame_1=\"tp:600;st:7329.9996948242;sp:800;sR:7329.9996948242;\"\n\t\t\t\t\t\t\t\tdata-frame_999=\"o:0;tp:600;st:w;sR:870;\"\n\t\t\t\t\t\t\t\tstyle=\"z-index:9;font-family:'Ubuntu';\"\n\t\t\t\t\t\t\t>der \u00d6ffentlichkeit f\u00fcr die Feuchtgebiet-Problematik und ihrer Bedeutung f\u00fcr den Wasserhaushalt  \n\t\t\t\t\t\t\t<\/rs-layer><!--\n\n\t\t\t\t\t\t\t--><rs-layer\n\t\t\t\t\t\t\t\tid=\"slider-10-slide-10-layer-17\" \n\t\t\t\t\t\t\t\tclass=\"rs-svg\"\n\t\t\t\t\t\t\t\tdata-type=\"svg\"\n\t\t\t\t\t\t\t\tdata-color=\"#194922\"\n\t\t\t\t\t\t\t\tdata-rsp_ch=\"on\"\n\t\t\t\t\t\t\t\tdata-xy=\"x:45px;y:74px;\"\n\t\t\t\t\t\t\t\tdata-text=\"a:inherit;\"\n\t\t\t\t\t\t\t\tdata-dim=\"w:24px;h:24px;\"\n\t\t\t\t\t\t\t\tdata-svg_src=\"\/\/life.npsumava.cz\/wp-content\/plugins\/revslider\/public\/assets\/svg\/content\/ic_forward_24px.svg\"\n\t\t\t\t\t\t\t\tdata-svgi=\"c:#194922;\"\n\t\t\t\t\t\t\t\tdata-frame_0=\"tp:600;\"\n\t\t\t\t\t\t\t\tdata-frame_1=\"tp:600;st:2259.9996948242;sR:2259.9996948242;\"\n\t\t\t\t\t\t\t\tdata-frame_999=\"o:0;tp:600;st:w;sR:6440;\"\n\t\t\t\t\t\t\t\tstyle=\"z-index:10;font-family:'';\"\n\t\t\t\t\t\t\t> \n\t\t\t\t\t\t\t<\/rs-layer><!--\n\n\t\t\t\t\t\t\t--><rs-layer\n\t\t\t\t\t\t\t\tid=\"slider-10-slide-10-layer-18\" \n\t\t\t\t\t\t\t\tclass=\"rs-svg\"\n\t\t\t\t\t\t\t\tdata-type=\"svg\"\n\t\t\t\t\t\t\t\tdata-color=\"#194922\"\n\t\t\t\t\t\t\t\tdata-rsp_ch=\"on\"\n\t\t\t\t\t\t\t\tdata-xy=\"x:53px;y:139px;\"\n\t\t\t\t\t\t\t\tdata-text=\"a:inherit;\"\n\t\t\t\t\t\t\t\tdata-dim=\"w:24px;h:24px;\"\n\t\t\t\t\t\t\t\tdata-svg_src=\"\/\/life.npsumava.cz\/wp-content\/plugins\/revslider\/public\/assets\/svg\/content\/ic_forward_24px.svg\"\n\t\t\t\t\t\t\t\tdata-svgi=\"c:#194922;\"\n\t\t\t\t\t\t\t\tdata-frame_0=\"tp:600;\"\n\t\t\t\t\t\t\t\tdata-frame_1=\"tp:600;st:4509.9996948242;sR:4509.9996948242;\"\n\t\t\t\t\t\t\t\tdata-frame_999=\"o:0;tp:600;st:w;sR:4190;\"\n\t\t\t\t\t\t\t\tstyle=\"z-index:11;font-family:'';\"\n\t\t\t\t\t\t\t> \n\t\t\t\t\t\t\t<\/rs-layer><!--\n\n\t\t\t\t\t\t\t--><rs-layer\n\t\t\t\t\t\t\t\tid=\"slider-10-slide-10-layer-19\" \n\t\t\t\t\t\t\t\tclass=\"rs-svg\"\n\t\t\t\t\t\t\t\tdata-type=\"svg\"\n\t\t\t\t\t\t\t\tdata-color=\"#194922\"\n\t\t\t\t\t\t\t\tdata-rsp_ch=\"on\"\n\t\t\t\t\t\t\t\tdata-xy=\"x:60px;y:185px;\"\n\t\t\t\t\t\t\t\tdata-text=\"a:inherit;\"\n\t\t\t\t\t\t\t\tdata-dim=\"w:24px;h:24px;\"\n\t\t\t\t\t\t\t\tdata-svg_src=\"\/\/life.npsumava.cz\/wp-content\/plugins\/revslider\/public\/assets\/svg\/content\/ic_forward_24px.svg\"\n\t\t\t\t\t\t\t\tdata-svgi=\"c:#194922;\"\n\t\t\t\t\t\t\t\tdata-frame_0=\"tp:600;\"\n\t\t\t\t\t\t\t\tdata-frame_1=\"tp:600;st:6769.9996948242;sR:6769.9996948242;\"\n\t\t\t\t\t\t\t\tdata-frame_999=\"o:0;tp:600;st:w;sR:1930;\"\n\t\t\t\t\t\t\t\tstyle=\"z-index:12;font-family:'';\"\n\t\t\t\t\t\t\t> \n\t\t\t\t\t\t\t<\/rs-layer><!--\n\n\t\t\t\t\t\t\t--><rs-layer\n\t\t\t\t\t\t\t\tid=\"slider-10-slide-10-layer-21\" \n\t\t\t\t\t\t\t\tdata-type=\"text\"\n\t\t\t\t\t\t\t\tdata-color=\"#194920\"\n\t\t\t\t\t\t\t\tdata-rsp_ch=\"on\"\n\t\t\t\t\t\t\t\tdata-xy=\"x:85px;y:104px;\"\n\t\t\t\t\t\t\t\tdata-text=\"s:25;l:22;a:inherit;\"\n\t\t\t\t\t\t\t\tdata-frame_0=\"tp:600;\"\n\t\t\t\t\t\t\t\tdata-frame_1=\"tp:600;st:2779.9996948242;sp:790;sR:2779.9996948242;\"\n\t\t\t\t\t\t\t\tdata-frame_999=\"o:0;tp:600;st:w;sR:5430;\"\n\t\t\t\t\t\t\t\tstyle=\"z-index:13;font-family:'Ubuntu';\"\n\t\t\t\t\t\t\t>Wasserhaushalt auf einer Fl\u00e4che von 2059 Hektar \n\t\t\t\t\t\t\t<\/rs-layer><!--\n\n\t\t\t\t\t\t\t--><rs-layer\n\t\t\t\t\t\t\t\tid=\"slider-10-slide-10-layer-22\" \n\t\t\t\t\t\t\t\tdata-type=\"text\"\n\t\t\t\t\t\t\t\tdata-color=\"#19491f\"\n\t\t\t\t\t\t\t\tdata-rsp_ch=\"on\"\n\t\t\t\t\t\t\t\tdata-xy=\"x:98px;y:253px;\"\n\t\t\t\t\t\t\t\tdata-text=\"s:25;l:22;a:inherit;\"\n\t\t\t\t\t\t\t\tdata-dim=\"w:1001px;h:24px;\"\n\t\t\t\t\t\t\t\tdata-frame_0=\"tp:600;\"\n\t\t\t\t\t\t\t\tdata-frame_1=\"tp:600;st:7329.9996948242;sp:800;sR:7329.9996948242;\"\n\t\t\t\t\t\t\t\tdata-frame_999=\"o:0;tp:600;st:w;sR:870;\"\n\t\t\t\t\t\t\t\tstyle=\"z-index:14;font-family:'Ubuntu';\"\n\t\t\t\t\t\t\t>der Landschaft, einschlie\u00dflich der Milderung der Auswirkungen vom Klimawandel \n\t\t\t\t\t\t\t<\/rs-layer><!--\n-->\t\t\t\t\t<\/rs-slide>\n\t\t\t\t\t<\/rs-slides>\n\t\t\t\t<\/rs-module>\n\t\t\t\t<script>\n\t\t\t\t\tsetREVStartSize({c: 'rev_slider_10_1',rl:[1240,1024,778,480],el:[],gw:[1240],gh:[500],type:'hero',justify:'',layout:'fullwidth',mh:\"0\"});if (window.RS_MODULES!==undefined && window.RS_MODULES.modules!==undefined && window.RS_MODULES.modules[\"revslider101\"]!==undefined) {window.RS_MODULES.modules[\"revslider101\"].once = false;window.revapi10 = undefined;if (window.RS_MODULES.checkMinimal!==undefined) window.RS_MODULES.checkMinimal()}\n\t\t\t\t<\/script>\n\t\t\t<\/rs-module-wrap>\n\t\t\t<!-- END REVOLUTION SLIDER -->\n\n<hr \/>\n<p>Die Nationalparke \u0160umava und Bayerischer Wald sowie ihre umgebenden Landschaften sind eines der wichtigen Gebiete in Mitteleuropa f\u00fcr den Erhalt von Moor- und Feuchtgebieten. Das gesamte Gebiet ist reich an priorit\u00e4ren Moorlebensr\u00e4umen und ein wichtiges Element des europ\u00e4ischen Natura 2000-Netzes. Ein erheblicher Teil der Moor- und Feuchtgebiete auf der tschechischen Seite des B\u00f6hmerwaldes (mehr als 50%) war in der Vergangenheit jedoch durch die systematische Entw\u00e4sserung der Landschaft und die industrielle Torfgewinnung beeintr\u00e4chtigt. Dies hat die Hydrologie der lokalen Landschaft gesch\u00e4digt, die F\u00e4higkeit, Wasser zur\u00fcckzuhalten, verringert und die \u00f6kologische Stabilit\u00e4t von Mooren zerst\u00f6rt. Infolgedessen k\u00f6nnen wir eine geringere Artenvielfalt und fortschreitende Auswirkungen des Klimawandels beobachten (Auswirkungen extremer D\u00fcrreperioden und \u00dcberschwemmungen).<\/p>\n<p>Ziel dieses Projekts ist es, den nat\u00fcrlichen Zustand von gesch\u00e4digten Mooren und anderen Feuchtgebieten zu verbessern und den nat\u00fcrlichen Wasserhaushalt auf einer Fl\u00e4che von rund 2.059 ha wiederherzustellen. Ma\u00dfnahmen im Gel\u00e4nde werden auf beiden Seiten der Grenze durchgef\u00fchrt und umfassen unter anderem das Verschlie\u00dfen und Verf\u00fcllen von rund 80 km Entw\u00e4sserungskan\u00e4len und die Wiederherstellung von 13 km nat\u00fcrlichen Bachl\u00e4ufen. Das Projekt umfasst auch eine Vielzahl von Aktivit\u00e4ten f\u00fcr die \u00d6ffentlichkeit, die darauf abzielen, Menschen aus der Region und Besucher zu informieren und das Bewusstsein f\u00fcr die Bedeutung von Mooren und Feuchtgebieten f\u00fcr die Landschaft und ihre Bewohner zu erweitern.<\/p>\n<p><span style=\"color: #004b21;\"><strong>Weitere Ziele sind:<\/strong><\/span><\/p>\n<p>\u2013 Innovation bei der \u00dcberwachung der Auswirkungen (Monitoring) der Revitalisierungsma\u00dfnahmen auf Wasserqualit\u00e4t, Abflussbedingungen, Vegetation, Wasserstand und Bodenfeuchtigkeit<\/p>\n<p>\u2013 Entwicklung einer Methode zur \u00dcberwachung der m\u00f6glichen Auswirkungen der Revitalisierungsma\u00dfnahmen auf die Eind\u00e4mmung der Folgen des Klimawandels<\/p>\n<p>\u2013 Direkte Beteiligung der \u00d6ffentlichkeit an der Wiederherstellung von Mooren und der Umsetzung von Demonstrationsma\u00dfnahen, in direkter N\u00e4he von Siedlungen<\/p>\n<p>\u2013 Erfahrungs- und Wissensaustausch \u00fcber die Renaturierung von Mooren und Wiederherstellung der Landschaftshydrologie<\/p>\n<p>&nbsp;<\/p>\n<p>&nbsp;<\/p>\n<hr \/>\n","protected":false},"excerpt":{"rendered":"<p>Die Nationalparke \u0160umava und Bayerischer Wald sowie ihre umgebenden Landschaften sind eines der wichtigen Gebiete in Mitteleuropa f\u00fcr den Erhalt von Moor- und Feuchtgebieten. Das gesamte<span class=\"excerpt-hellip\"> [\u2026]<\/span><\/p>\n","protected":false},"author":2,"featured_media":0,"parent":2713,"menu_order":0,"comment_status":"closed","ping_status":"closed","template":"","meta":{"footnotes":""},"class_list":["post-2714","page","type-page","status-publish","hentry"],"_links":{"self":[{"href":"https:\/\/life.npsumava.cz\/de\/wp-json\/wp\/v2\/pages\/2714","targetHints":{"allow":["GET"]}}],"collection":[{"href":"https:\/\/life.npsumava.cz\/de\/wp-json\/wp\/v2\/pages"}],"about":[{"href":"https:\/\/life.npsumava.cz\/de\/wp-json\/wp\/v2\/types\/page"}],"author":[{"embeddable":true,"href":"https:\/\/life.npsumava.cz\/de\/wp-json\/wp\/v2\/users\/2"}],"replies":[{"embeddable":true,"href":"https:\/\/life.npsumava.cz\/de\/wp-json\/wp\/v2\/comments?post=2714"}],"version-history":[{"count":5,"href":"https:\/\/life.npsumava.cz\/de\/wp-json\/wp\/v2\/pages\/2714\/revisions"}],"predecessor-version":[{"id":4901,"href":"https:\/\/life.npsumava.cz\/de\/wp-json\/wp\/v2\/pages\/2714\/revisions\/4901"}],"up":[{"embeddable":true,"href":"https:\/\/life.npsumava.cz\/de\/wp-json\/wp\/v2\/pages\/2713"}],"wp:attachment":[{"href":"https:\/\/life.npsumava.cz\/de\/wp-json\/wp\/v2\/media?parent=2714"}],"curies":[{"name":"wp","href":"https:\/\/api.w.org\/{rel}","templated":true}]}}